{"id":3948,"date":"2021-05-03T17:34:02","date_gmt":"2021-05-03T15:34:02","guid":{"rendered":"https:\/\/smart-cjm.com\/impressum\/"},"modified":"2024-07-26T10:34:57","modified_gmt":"2024-07-26T08:34:57","slug":"imprint","status":"publish","type":"page","link":"https:\/\/smart-cjm.com\/nl\/imprint\/","title":{"rendered":"Imprint"},"content":{"rendered":"<div id=\"pl-3948\"  class=\"panel-layout\" ><div id=\"pg-3948-0\"  class=\"panel-grid panel-has-style\" ><div class=\"intro khzg panel-row-style panel-row-style-for-3948-0\" ><div id=\"pgc-3948-0-0\"  class=\"panel-grid-cell\" ><div id=\"panel-3948-0-0-0\" class=\"so-panel widget widget_sow-editor panel-first-child panel-last-child\" data-index=\"0\" ><div\n\t\t\t\n\t\t\tclass=\"so-widget-sow-editor so-widget-sow-editor-base\"\n\t\t\t\n\t\t>\n<div class=\"siteorigin-widget-tinymce textwidget\">\n\t<h1 style=\"text-align: center;\">Impressum<\/h1>\n<\/div>\n<\/div><\/div><\/div><\/div><\/div><div id=\"pg-3948-1\"  class=\"panel-grid panel-has-style\" ><div class=\"intro privacy panel-row-style panel-row-style-for-3948-1\" ><div id=\"pgc-3948-1-0\"  class=\"panel-grid-cell\" ><div id=\"panel-3948-1-0-0\" class=\"so-panel widget widget_sow-editor panel-first-child panel-last-child\" data-index=\"1\" ><div\n\t\t\t\n\t\t\tclass=\"so-widget-sow-editor so-widget-sow-editor-base\"\n\t\t\t\n\t\t>\n<div class=\"siteorigin-widget-tinymce textwidget\">\n\t<h2 style=\"text-align: center;\">Angaben gem\u00e4\u00df \u00a7 5 TMG<\/h2>\n<p style=\"text-align: center;\">SMART CJM GmbH<br \/>\nHeyenbaumstr. 139-141<br \/>\n47802 Krefeld<\/p>\n<p style=\"text-align: center;\">Handelsregister: HRB 17362<br \/>\nRegistergericht: Krefeld<\/p>\n<p style=\"text-align: center;\"><strong>Vertreten durch:<\/strong><br \/>\nStefan Dylka<\/p>\n<h2 style=\"text-align: center;\"><\/h2>\n<h2 style=\"text-align: center;\">Kontakt<\/h2>\n<p style=\"text-align: center;\">Telefon: +4921514474700<br \/>\nTelefax: +4921516502999<br \/>\nE-Mail: info@smart-cjm.com<\/p>\n<h2 style=\"text-align: center;\"><\/h2>\n<h2 style=\"text-align: center;\">Umsatzsteuer-ID<\/h2>\n<p style=\"text-align: center;\">Umsatzsteuer-Identifikationsnummer gem\u00e4\u00df \u00a727 a Umsatzsteuergesetz:<br \/>\nDE324850643<\/p>\n<h2 style=\"text-align: center;\"><\/h2>\n<h2 style=\"text-align: center;\">Verantwortlich f\u00fcr den Inhalt nach \u00a7 55 Abs. 2 RStV<\/h2>\n<p style=\"text-align: center;\">Birte Blum-Dylka<br \/>\nHeyenbaumstr. 139-141<br \/>\n47802 Krefeld<\/p>\n<h2 style=\"text-align: center;\"><\/h2>\n<h2 style=\"text-align: center;\">Streitschlichtung<\/h2>\n<p style=\"text-align: center;\">Die Europ\u00e4ische Kommission stellt eine Plattform zur Online-Streitbeilegung (OS) bereit: <a href=\"https:\/\/ec.europa.eu\/consumers\/odr\" target=\"_blank\" rel=\"noopener noreferrer\">https:\/\/ec.europa.eu\/consumers\/odr<\/a>.<br \/>\nUnsere E-Mail-Adresse finden Sie oben im Impressum.<\/p>\n<p style=\"text-align: center;\">Wir sind nicht bereit oder verpflichtet, an Streitbeilegungsverfahren vor einer Verbraucherschlichtungsstelle teilzunehmen.<\/p>\n<h3 style=\"text-align: center;\"><\/h3>\n<h3 style=\"text-align: center;\">Haftung f\u00fcr Inhalte<\/h3>\n<p style=\"text-align: center;\">Als Diensteanbieter sind wir gem\u00e4\u00df \u00a7 7 Abs.1 TMG f\u00fcr eigene Inhalte auf diesen Seiten nach den allgemeinen Gesetzen verantwortlich. Nach \u00a7\u00a7 8 bis 10 TMG sind wir als Diensteanbieter jedoch nicht verpflichtet, \u00fcbermittelte oder gespeicherte fremde Informationen zu \u00fcberwachen oder nach Umst\u00e4nden zu forschen, die auf eine rechtswidrige T\u00e4tigkeit hinweisen.<\/p>\n<p style=\"text-align: center;\">Verpflichtungen zur Entfernung oder Sperrung der Nutzung von Informationen nach den allgemeinen Gesetzen bleiben hiervon unber\u00fchrt. Eine diesbez\u00fcgliche Haftung ist jedoch erst ab dem Zeitpunkt der Kenntnis einer konkreten Rechtsverletzung m\u00f6glich. Bei Bekanntwerden von entsprechenden Rechtsverletzungen werden wir diese Inhalte umgehend entfernen.<\/p>\n<h3 style=\"text-align: center;\"><\/h3>\n<h3 style=\"text-align: center;\">Haftung f\u00fcr Links<\/h3>\n<p style=\"text-align: center;\">Unser Angebot enth\u00e4lt Links zu externen Websites Dritter, auf deren Inhalte wir keinen Einfluss haben. Deshalb k\u00f6nnen wir f\u00fcr diese fremden Inhalte auch keine Gew\u00e4hr \u00fcbernehmen. F\u00fcr die Inhalte der verlinkten Seiten ist stets der jeweilige Anbieter oder Betreiber der Seiten verantwortlich. Die verlinkten Seiten wurden zum Zeitpunkt der Verlinkung auf m\u00f6gliche Rechtsverst\u00f6\u00dfe \u00fcberpr\u00fcft. Rechtswidrige Inhalte waren zum Zeitpunkt der Verlinkung nicht erkennbar.<\/p>\n<p style=\"text-align: center;\">Eine permanente inhaltliche Kontrolle der verlinkten Seiten ist jedoch ohne konkrete Anhaltspunkte einer Rechtsverletzung nicht zumutbar. Bei Bekanntwerden von Rechtsverletzungen werden wir derartige Links umgehend entfernen.<\/p>\n<h3 style=\"text-align: center;\"><\/h3>\n<h3 style=\"text-align: center;\">Urheberrecht<\/h3>\n<p style=\"text-align: center;\">Die durch die Seitenbetreiber erstellten Inhalte und Werke auf diesen Seiten unterliegen dem deutschen Urheberrecht. Die Vervielf\u00e4ltigung, Bearbeitung, Verbreitung und jede Art der Verwertung au\u00dferhalb der Grenzen des Urheberrechtes bed\u00fcrfen der schriftlichen Zustimmung des jeweiligen Autors bzw. Erstellers. Downloads und Kopien dieser Seite sind nur f\u00fcr den privaten, nicht kommerziellen Gebrauch gestattet.<\/p>\n<p style=\"text-align: center;\">Soweit die Inhalte auf dieser Seite nicht vom Betreiber erstellt wurden, werden die Urheberrechte Dritter beachtet. Insbesondere werden Inhalte Dritter als solche gekennzeichnet. Sollten Sie trotzdem auf eine Urheberrechtsverletzung aufmerksam werden, bitten wir um einen entsprechenden Hinweis. Bei Bekanntwerden von Rechtsverletzungen werden wir derartige Inhalte umgehend entfernen.<\/p>\n<\/div>\n<\/div><\/div><\/div><\/div><\/div><\/div>","protected":false},"excerpt":{"rendered":"<p>Impressum Angaben gem\u00e4\u00df \u00a7 5 TMG SMART CJM GmbH Heyenbaumstr. 139-141 47802 Krefeld Handelsregister: HRB 17362 Registergericht: Krefeld Vertreten durch: Stefan Dylka Kontakt Telefon: +4921514474700 Telefax: +4921516502999 E-Mail: info@smart-cjm.com Umsatzsteuer-ID Umsatzsteuer-Identifikationsnummer gem\u00e4\u00df \u00a727 a Umsatzsteuergesetz: DE324850643 Verantwortlich f\u00fcr den Inhalt nach \u00a7 55 Abs. 2 RStV Birte Blum-Dylka Heyenbaumstr. 139-141 47802 Krefeld Streitschlichtung Die Europ\u00e4ische &#8230;<\/p>\n","protected":false},"author":1,"featured_media":0,"parent":0,"menu_order":0,"comment_status":"closed","ping_status":"closed","template":"","meta":{"_acf_changed":false,"footnotes":""},"class_list":["post-3948","page","type-page","status-publish"],"acf":[],"yoast_head":"<!-- This site is optimized with the Yoast SEO Premium plugin v27.0 (Yoast SEO v27.3) - https:\/\/yoast.com\/product\/yoast-seo-premium-wordpress\/ -->\n<title>Imprint - Smart-CJM<\/title>\n<meta name=\"description\" content=\"Warteschlangenmanagement, Aufrufanlage, Online Terminvereinbarung und Personenleitsystem von Smart CJM - den Customer Journey Management Experten aus Krefeld.\" \/>\n<meta name=\"robots\" content=\"index, follow, max-snippet:-1, max-image-preview:large, max-video-preview:-1\" \/>\n<link rel=\"canonical\" href=\"https:\/\/smart-cjm.com\/nl\/imprint\/\" \/>\n<meta property=\"og:locale\" content=\"nl_NL\" \/>\n<meta property=\"og:type\" content=\"article\" \/>\n<meta property=\"og:title\" content=\"Imprint\" \/>\n<meta property=\"og:description\" content=\"Impressum Angaben gem\u00e4\u00df \u00a7 5 TMG SMART CJM GmbH Heyenbaumstr. 139-141 47802 Krefeld Handelsregister: HRB 17362 Registergericht: Krefeld Vertreten durch:\" \/>\n<meta property=\"og:url\" content=\"https:\/\/smart-cjm.com\/nl\/imprint\/\" \/>\n<meta property=\"og:site_name\" content=\"Smart-CJM\" \/>\n<meta property=\"article:modified_time\" content=\"2024-07-26T08:34:57+00:00\" \/>\n<script type=\"application\/ld+json\" class=\"yoast-schema-graph\">{\"@context\":\"https:\\\/\\\/schema.org\",\"@graph\":[{\"@type\":\"WebPage\",\"@id\":\"https:\\\/\\\/smart-cjm.com\\\/nl\\\/imprint\\\/\",\"url\":\"https:\\\/\\\/smart-cjm.com\\\/nl\\\/imprint\\\/\",\"name\":\"Imprint - Smart-CJM\",\"isPartOf\":{\"@id\":\"https:\\\/\\\/smart-cjm.com\\\/nl\\\/#website\"},\"datePublished\":\"2021-05-03T15:34:02+00:00\",\"dateModified\":\"2024-07-26T08:34:57+00:00\",\"description\":\"Warteschlangenmanagement, Aufrufanlage, Online Terminvereinbarung und Personenleitsystem von Smart CJM - den Customer Journey Management Experten aus Krefeld.\",\"breadcrumb\":{\"@id\":\"https:\\\/\\\/smart-cjm.com\\\/nl\\\/imprint\\\/#breadcrumb\"},\"inLanguage\":\"nl-NL\",\"potentialAction\":[{\"@type\":\"ReadAction\",\"target\":[\"https:\\\/\\\/smart-cjm.com\\\/nl\\\/imprint\\\/\"]}]},{\"@type\":\"BreadcrumbList\",\"@id\":\"https:\\\/\\\/smart-cjm.com\\\/nl\\\/imprint\\\/#breadcrumb\",\"itemListElement\":[{\"@type\":\"ListItem\",\"position\":1,\"name\":\"Startseite\",\"item\":\"https:\\\/\\\/smart-cjm.com\\\/nl\\\/\"},{\"@type\":\"ListItem\",\"position\":2,\"name\":\"Imprint\"}]},{\"@type\":\"WebSite\",\"@id\":\"https:\\\/\\\/smart-cjm.com\\\/nl\\\/#website\",\"url\":\"https:\\\/\\\/smart-cjm.com\\\/nl\\\/\",\"name\":\"Smart-CJM\",\"description\":\"Warteschlangenmanagement, Aufrufanlage, Online Terminvereinbarung und Personenleitsystem\",\"publisher\":{\"@id\":\"https:\\\/\\\/smart-cjm.com\\\/nl\\\/#organization\"},\"potentialAction\":[{\"@type\":\"SearchAction\",\"target\":{\"@type\":\"EntryPoint\",\"urlTemplate\":\"https:\\\/\\\/smart-cjm.com\\\/nl\\\/?s={search_term_string}\"},\"query-input\":{\"@type\":\"PropertyValueSpecification\",\"valueRequired\":true,\"valueName\":\"search_term_string\"}}],\"inLanguage\":\"nl-NL\"},{\"@type\":\"Organization\",\"@id\":\"https:\\\/\\\/smart-cjm.com\\\/nl\\\/#organization\",\"name\":\"SMART CJM GmbH\",\"url\":\"https:\\\/\\\/smart-cjm.com\\\/nl\\\/\",\"logo\":{\"@type\":\"ImageObject\",\"inLanguage\":\"nl-NL\",\"@id\":\"https:\\\/\\\/smart-cjm.com\\\/nl\\\/#\\\/schema\\\/logo\\\/image\\\/\",\"url\":\"https:\\\/\\\/smart-cjm.com\\\/wp-content\\\/uploads\\\/2021\\\/05\\\/smcj-logo.svg\",\"contentUrl\":\"https:\\\/\\\/smart-cjm.com\\\/wp-content\\\/uploads\\\/2021\\\/05\\\/smcj-logo.svg\",\"width\":290,\"height\":188,\"caption\":\"SMART CJM GmbH\"},\"image\":{\"@id\":\"https:\\\/\\\/smart-cjm.com\\\/nl\\\/#\\\/schema\\\/logo\\\/image\\\/\"}}]}<\/script>\n<!-- \/ Yoast SEO Premium plugin. -->","yoast_head_json":{"title":"Imprint - Smart-CJM","description":"Warteschlangenmanagement, Aufrufanlage, Online Terminvereinbarung und Personenleitsystem von Smart CJM - den Customer Journey Management Experten aus Krefeld.","robots":{"index":"index","follow":"follow","max-snippet":"max-snippet:-1","max-image-preview":"max-image-preview:large","max-video-preview":"max-video-preview:-1"},"canonical":"https:\/\/smart-cjm.com\/nl\/imprint\/","og_locale":"nl_NL","og_type":"article","og_title":"Imprint","og_description":"Impressum Angaben gem\u00e4\u00df \u00a7 5 TMG SMART CJM GmbH Heyenbaumstr. 139-141 47802 Krefeld Handelsregister: HRB 17362 Registergericht: Krefeld Vertreten durch:","og_url":"https:\/\/smart-cjm.com\/nl\/imprint\/","og_site_name":"Smart-CJM","article_modified_time":"2024-07-26T08:34:57+00:00","schema":{"@context":"https:\/\/schema.org","@graph":[{"@type":"WebPage","@id":"https:\/\/smart-cjm.com\/nl\/imprint\/","url":"https:\/\/smart-cjm.com\/nl\/imprint\/","name":"Imprint - Smart-CJM","isPartOf":{"@id":"https:\/\/smart-cjm.com\/nl\/#website"},"datePublished":"2021-05-03T15:34:02+00:00","dateModified":"2024-07-26T08:34:57+00:00","description":"Warteschlangenmanagement, Aufrufanlage, Online Terminvereinbarung und Personenleitsystem von Smart CJM - den Customer Journey Management Experten aus Krefeld.","breadcrumb":{"@id":"https:\/\/smart-cjm.com\/nl\/imprint\/#breadcrumb"},"inLanguage":"nl-NL","potentialAction":[{"@type":"ReadAction","target":["https:\/\/smart-cjm.com\/nl\/imprint\/"]}]},{"@type":"BreadcrumbList","@id":"https:\/\/smart-cjm.com\/nl\/imprint\/#breadcrumb","itemListElement":[{"@type":"ListItem","position":1,"name":"Startseite","item":"https:\/\/smart-cjm.com\/nl\/"},{"@type":"ListItem","position":2,"name":"Imprint"}]},{"@type":"WebSite","@id":"https:\/\/smart-cjm.com\/nl\/#website","url":"https:\/\/smart-cjm.com\/nl\/","name":"Smart-CJM","description":"Warteschlangenmanagement, Aufrufanlage, Online Terminvereinbarung und Personenleitsystem","publisher":{"@id":"https:\/\/smart-cjm.com\/nl\/#organization"},"potentialAction":[{"@type":"SearchAction","target":{"@type":"EntryPoint","urlTemplate":"https:\/\/smart-cjm.com\/nl\/?s={search_term_string}"},"query-input":{"@type":"PropertyValueSpecification","valueRequired":true,"valueName":"search_term_string"}}],"inLanguage":"nl-NL"},{"@type":"Organization","@id":"https:\/\/smart-cjm.com\/nl\/#organization","name":"SMART CJM GmbH","url":"https:\/\/smart-cjm.com\/nl\/","logo":{"@type":"ImageObject","inLanguage":"nl-NL","@id":"https:\/\/smart-cjm.com\/nl\/#\/schema\/logo\/image\/","url":"https:\/\/smart-cjm.com\/wp-content\/uploads\/2021\/05\/smcj-logo.svg","contentUrl":"https:\/\/smart-cjm.com\/wp-content\/uploads\/2021\/05\/smcj-logo.svg","width":290,"height":188,"caption":"SMART CJM GmbH"},"image":{"@id":"https:\/\/smart-cjm.com\/nl\/#\/schema\/logo\/image\/"}}]}},"_links":{"self":[{"href":"https:\/\/smart-cjm.com\/nl\/wp-json\/wp\/v2\/pages\/3948","targetHints":{"allow":["GET"]}}],"collection":[{"href":"https:\/\/smart-cjm.com\/nl\/wp-json\/wp\/v2\/pages"}],"about":[{"href":"https:\/\/smart-cjm.com\/nl\/wp-json\/wp\/v2\/types\/page"}],"author":[{"embeddable":true,"href":"https:\/\/smart-cjm.com\/nl\/wp-json\/wp\/v2\/users\/1"}],"replies":[{"embeddable":true,"href":"https:\/\/smart-cjm.com\/nl\/wp-json\/wp\/v2\/comments?post=3948"}],"version-history":[{"count":1,"href":"https:\/\/smart-cjm.com\/nl\/wp-json\/wp\/v2\/pages\/3948\/revisions"}],"predecessor-version":[{"id":6272,"href":"https:\/\/smart-cjm.com\/nl\/wp-json\/wp\/v2\/pages\/3948\/revisions\/6272"}],"wp:attachment":[{"href":"https:\/\/smart-cjm.com\/nl\/wp-json\/wp\/v2\/media?parent=3948"}],"curies":[{"name":"wp","href":"https:\/\/api.w.org\/{rel}","templated":true}]}}