{"id":3781,"date":"2022-04-27T14:32:02","date_gmt":"2022-04-27T12:32:02","guid":{"rendered":"https:\/\/smart-cjm.com\/healthcare\/dashboards-operations\/"},"modified":"2025-01-28T15:36:47","modified_gmt":"2025-01-28T14:36:47","slug":"dashboards-operations","status":"publish","type":"page","link":"https:\/\/smart-cjm.com\/nl\/gezondheidszorg\/dashboards-operations\/","title":{"rendered":"Dashboards &#038; Operations"},"content":{"rendered":"<div id=\"pl-3781\"  class=\"panel-layout\" ><div id=\"pg-3781-0\"  class=\"panel-grid panel-has-style\" ><div class=\"image-header-row desktop siteorigin-panels-stretch panel-row-style panel-row-style-for-3781-0\" data-stretch-type=\"full-width-stretch\" ><div id=\"pgc-3781-0-0\"  class=\"panel-grid-cell\" ><div id=\"panel-3781-0-0-0\" class=\"so-panel widget widget_sow-editor panel-first-child panel-last-child\" data-index=\"0\" ><div\n\t\t\t\n\t\t\tclass=\"so-widget-sow-editor so-widget-sow-editor-base\"\n\t\t\t\n\t\t>\n<div class=\"siteorigin-widget-tinymce textwidget\">\n\t<div class=\"header-image-text-wrapper\">\n<h1 style=\"text-align: left;\">SMART PATIENT EXPERIENCE.<\/h1>\n<h1 style=\"text-align: left;\">DASHBOARDS & OPERATIONS.<\/h1>\n<\/div><\/div>\n<\/div><\/div><\/div><\/div><\/div><div id=\"pg-3781-1\"  class=\"panel-grid panel-has-style\" ><div class=\"image-header-row mobile siteorigin-panels-stretch panel-row-style panel-row-style-for-3781-1\" data-stretch-type=\"full-width-stretch\" ><div id=\"pgc-3781-1-0\"  class=\"panel-grid-cell\" ><div id=\"panel-3781-1-0-0\" class=\"so-panel widget widget_sow-editor panel-first-child panel-last-child\" data-index=\"1\" ><div\n\t\t\t\n\t\t\tclass=\"so-widget-sow-editor so-widget-sow-editor-base\"\n\t\t\t\n\t\t>\n<div class=\"siteorigin-widget-tinymce textwidget\">\n\t<div class=\"header-image-text-wrapper\">\n<h1 style=\"text-align: left;\">SMART PATIENT EXPERIENCE.<\/h1>\n<h1 style=\"text-align: left;\">DASHBOARDS & OPERATIONS.<\/h1>\n<\/div><\/div>\n<\/div><\/div><\/div><\/div><\/div><div id=\"pg-3781-2\"  class=\"panel-grid panel-has-style\" ><div class=\"container-1200 breadcrumbs-container panel-row-style panel-row-style-for-3781-2\" ><div id=\"pgc-3781-2-0\"  class=\"panel-grid-cell\" >    <div class=\"breadcrumbs\" typeof=\"BreadcrumbList\" vocab=\"https:\/\/schema.org\/\">\r\n        <span property=\"itemListElement\" typeof=\"ListItem\"><a property=\"item\" typeof=\"WebPage\" title=\"Ga naar Smart-CJM.\" href=\"https:\/\/smart-cjm.com\/nl\/\" class=\"home\" aria-current=\"page\"><span property=\"name\">Smart-CJM<\/span><\/a><meta property=\"position\" content=\"1\"><\/span>    <\/div>\r\n   \r\n <div id=\"panel-3781-2-0-0\" class=\"so-panel widget widget_sow-editor panel-first-child panel-last-child\" data-index=\"2\" ><div\n\t\t\t\n\t\t\tclass=\"so-widget-sow-editor so-widget-sow-editor-base\"\n\t\t\t\n\t\t>\n<div class=\"siteorigin-widget-tinymce textwidget\">\n\t\n<\/div>\n<\/div><\/div><\/div><\/div><\/div><div id=\"pg-3781-3\"  class=\"panel-grid panel-has-style\" ><div class=\"container-1200 public-menu panel-row-style panel-row-style-for-3781-3\" ><div id=\"pgc-3781-3-0\"  class=\"panel-grid-cell\" ><div id=\"panel-3781-3-0-0\" class=\"so-panel widget widget_siteorigin-panels-builder panel-first-child panel-last-child\" data-index=\"3\" ><div class=\"menu-1 panel-widget-style panel-widget-style-for-3781-3-0-0\" ><div id=\"pl-w627b735b05e7d\"  class=\"panel-layout\" ><div id=\"pg-w627b735b05e7d-0\"  class=\"panel-grid panel-no-style\" ><div id=\"pgc-w627b735b05e7d-0-0\"  class=\"panel-grid-cell\" ><div id=\"panel-w627b735b05e7d-0-0-0\" class=\"so-panel widget widget_sow-editor panel-first-child\" data-index=\"0\" ><div class=\"public-menu-header panel-widget-style panel-widget-style-for-w627b735b05e7d-0-0-0\" ><div\n\t\t\t\n\t\t\tclass=\"so-widget-sow-editor so-widget-sow-editor-base\"\n\t\t\t\n\t\t>\n<div class=\"siteorigin-widget-tinymce textwidget\">\n\t<h6>PATIENTEN<\/h6>\n<\/div>\n<\/div><\/div><\/div><div id=\"panel-w627b735b05e7d-0-0-1\" class=\"so-panel widget widget_nav_menu panel-last-child\" data-index=\"1\" ><div class=\"public-menu-menu panel-widget-style panel-widget-style-for-w627b735b05e7d-0-0-1\" ><div class=\"menu-health_customers-nl-container\"><ul id=\"menu-health_customers-nl\" class=\"menu\"><li id=\"menu-item-3873\" class=\"menu-item menu-item-type-post_type menu-item-object-page menu-item-3873\"><a href=\"https:\/\/smart-cjm.com\/nl\/gezondheidszorg\/online-afspraken\/\">Online afspraken<\/a><\/li>\n<li id=\"menu-item-3874\" class=\"menu-item menu-item-type-post_type menu-item-object-page menu-item-3874\"><a href=\"https:\/\/smart-cjm.com\/nl\/gezondheidszorg\/zelfbedieningskiosken\/\">Zelfbedieningskiosken<\/a><\/li>\n<li id=\"menu-item-3875\" class=\"menu-item menu-item-type-post_type menu-item-object-page menu-item-3875\"><a href=\"https:\/\/smart-cjm.com\/nl\/gezondheidszorg\/live-ticket\/\">Live Ticket<\/a><\/li>\n<li id=\"menu-item-3876\" class=\"menu-item menu-item-type-post_type menu-item-object-page menu-item-3876\"><a href=\"https:\/\/smart-cjm.com\/nl\/gezondheidszorg\/mobile-info\/\">Mobile Info<\/a><\/li>\n<\/ul><\/div><\/div><\/div><\/div><\/div><\/div><\/div><\/div><\/div><div id=\"pgc-3781-3-1\"  class=\"panel-grid-cell\" ><div id=\"panel-3781-3-1-0\" class=\"so-panel widget widget_siteorigin-panels-builder panel-first-child panel-last-child\" data-index=\"4\" ><div class=\"menu-2 panel-widget-style panel-widget-style-for-3781-3-1-0\" ><div id=\"pl-w627b735b06639\"  class=\"panel-layout\" ><div id=\"pg-w627b735b06639-0\"  class=\"panel-grid panel-no-style\" ><div id=\"pgc-w627b735b06639-0-0\"  class=\"panel-grid-cell\" ><div id=\"panel-w627b735b06639-0-0-0\" class=\"so-panel widget widget_sow-editor panel-first-child\" data-index=\"0\" ><div class=\"public-menu-header panel-widget-style panel-widget-style-for-w627b735b06639-0-0-0\" ><div\n\t\t\t\n\t\t\tclass=\"so-widget-sow-editor so-widget-sow-editor-base\"\n\t\t\t\n\t\t>\n<div class=\"siteorigin-widget-tinymce textwidget\">\n\t<h6>MEDEWERKERS<\/h6>\n<\/div>\n<\/div><\/div><\/div><div id=\"panel-w627b735b06639-0-0-1\" class=\"so-panel widget widget_nav_menu panel-last-child\" data-index=\"1\" ><div class=\"public-menu-menu panel-widget-style panel-widget-style-for-w627b735b06639-0-0-1\" ><div class=\"menu-health_team-nl-container\"><ul id=\"menu-health_team-nl\" class=\"menu\"><li id=\"menu-item-3877\" class=\"menu-item menu-item-type-post_type menu-item-object-page menu-item-3877\"><a href=\"https:\/\/smart-cjm.com\/nl\/gezondheidszorg\/receptie\/\">Receptie<\/a><\/li>\n<li id=\"menu-item-3878\" class=\"menu-item menu-item-type-post_type menu-item-object-page menu-item-3878\"><a href=\"https:\/\/smart-cjm.com\/nl\/gezondheidszorg\/callcenter\/\">Callcenter<\/a><\/li>\n<li id=\"menu-item-3879\" class=\"menu-item menu-item-type-post_type menu-item-object-page menu-item-3879\"><a href=\"https:\/\/smart-cjm.com\/nl\/gezondheidszorg\/balie\/\">Balie<\/a><\/li>\n<\/ul><\/div><\/div><\/div><\/div><\/div><\/div><\/div><\/div><\/div><div id=\"pgc-3781-3-2\"  class=\"panel-grid-cell\" ><div id=\"panel-3781-3-2-0\" class=\"so-panel widget widget_siteorigin-panels-builder panel-first-child panel-last-child\" data-index=\"5\" ><div class=\"menu-3 panel-widget-style panel-widget-style-for-3781-3-2-0\" ><div id=\"pl-w627b735b06d90\"  class=\"panel-layout\" ><div id=\"pg-w627b735b06d90-0\"  class=\"panel-grid panel-no-style\" ><div id=\"pgc-w627b735b06d90-0-0\"  class=\"panel-grid-cell\" ><div id=\"panel-w627b735b06d90-0-0-0\" class=\"so-panel widget widget_sow-editor panel-first-child\" data-index=\"0\" ><div class=\"public-menu-header panel-widget-style panel-widget-style-for-w627b735b06d90-0-0-0\" ><div\n\t\t\t\n\t\t\tclass=\"so-widget-sow-editor so-widget-sow-editor-base\"\n\t\t\t\n\t\t>\n<div class=\"siteorigin-widget-tinymce textwidget\">\n\t<h6>MANAGEMENT<\/h6>\n<\/div>\n<\/div><\/div><\/div><div id=\"panel-w627b735b06d90-0-0-1\" class=\"so-panel widget widget_nav_menu panel-last-child\" data-index=\"1\" ><div class=\"public-menu-menu panel-widget-style panel-widget-style-for-w627b735b06d90-0-0-1\" ><div class=\"menu-health_management-nl-container\"><ul id=\"menu-health_management-nl\" class=\"menu\"><li id=\"menu-item-3880\" class=\"menu-item menu-item-type-post_type menu-item-object-page menu-item-3880\"><a href=\"https:\/\/smart-cjm.com\/nl\/gezondheidszorg\/dashboards-operations\/\">Dashboards &#038; Operations<\/a><\/li>\n<li id=\"menu-item-3881\" class=\"menu-item menu-item-type-post_type menu-item-object-page menu-item-3881\"><a href=\"https:\/\/smart-cjm.com\/nl\/gezondheidszorg\/rapportages\/\">Rapportages<\/a><\/li>\n<li id=\"menu-item-3882\" class=\"menu-item menu-item-type-post_type menu-item-object-page menu-item-3882\"><a href=\"https:\/\/smart-cjm.com\/nl\/gezondheidszorg\/business-intelligence\/\">Business Intelligence<\/a><\/li>\n<li id=\"menu-item-3883\" class=\"menu-item menu-item-type-post_type menu-item-object-page menu-item-3883\"><a href=\"https:\/\/smart-cjm.com\/nl\/gezondheidszorg\/administratie\/\">Administratie<\/a><\/li>\n<\/ul><\/div><\/div><\/div><\/div><\/div><\/div><\/div><\/div><\/div><\/div><\/div><div id=\"pg-3781-4\"  class=\"panel-grid panel-has-style\" ><div class=\"intro container-1024 panel-row-style panel-row-style-for-3781-4\" ><div id=\"pgc-3781-4-0\"  class=\"panel-grid-cell\" ><div id=\"panel-3781-4-0-0\" class=\"so-panel widget widget_sow-editor panel-first-child panel-last-child\" data-index=\"6\" ><div\n\t\t\t\n\t\t\tclass=\"so-widget-sow-editor so-widget-sow-editor-base\"\n\t\t\t\n\t\t>\n<div class=\"siteorigin-widget-tinymce textwidget\">\n\t<h2 style=\"text-align: center;\">DASHBOARDS &amp; OPERATIONS<\/h2>\n<h4 style=\"text-align: center;\">TEN ALLE TIJDE UW HUIDIGE PATIENTSTROMEN IN DE GATEN TE HOUDEN.<\/h4>\n<p style=\"text-align: center;\">Het is essentieel om ten alle tijde uw huidige pati\u00ebntstromen in de gaten te houden om de effici\u00ebntie van uw zorginstelling te waarborgen. Met onze geavanceerde Dashboards &amp; Operations-oplossingen krijgen managers en medewerkers direct inzicht in de actuele wachtsituatie, waardoor zij proactief kunnen handelen en processen optimaliseren.<\/p>\n<p style=\"text-align: center;\">Het live dashboard biedt een visueel overzicht van wachtrijen, beschikbare middelen en actuele pati\u00ebntstromen. Hierdoor kunnen managers op basis van realtime data ad hoc beslissingen nemen en indien nodig direct aanpassingen doorvoeren. Dit helpt bij het verminderen van wachttijden, het optimaliseren van middelen en het verbeteren van de pati\u00ebntervaring.<\/p>\n<p style=\"text-align: center;\">Met Dashboards &amp; Operations kunt u de volledige wachtrijsituatie monitoren en snel reageren op onvoorziene omstandigheden. Of het nu gaat om een toename van het aantal pati\u00ebnten, personeelsplanning of resourcebeheer, deze tools bieden de nodige inzichten om de operationele effici\u00ebntie te verbeteren.<\/p>\n<p style=\"text-align: center;\">Daarnaast kunnen managers trends analyseren en voorspellingen maken op basis van historische gegevens. Dit maakt het mogelijk om toekomstige pati\u00ebntstromen beter in te schatten en proactieve strategie\u00ebn te ontwikkelen. Door gebruik te maken van gedetailleerde rapportages en visuele dashboards wordt het eenvoudiger om knelpunten te identificeren en procesverbeteringen door te voeren.<\/p>\n<p style=\"text-align: center;\">Dankzij Dashboards &amp; Operations heeft uw organisatie altijd de controle over pati\u00ebntstromen en operationele processen. Dit leidt tot betere zorgverlening, effici\u00ebntere werkprocessen en een hogere pati\u00ebnttevredenheid.<\/p>\n<\/div>\n<\/div><\/div><\/div><\/div><\/div><div id=\"pg-3781-5\"  class=\"panel-grid panel-has-style\" ><div class=\"panel-row-style panel-row-style-for-3781-5\" ><div id=\"pgc-3781-5-0\"  class=\"panel-grid-cell\" ><div id=\"panel-3781-5-0-0\" class=\"so-panel widget widget_siteorigin-panels-builder panel-first-child panel-last-child\" data-index=\"7\" ><div id=\"pl-w627b735b07505\"  class=\"panel-layout\" ><div id=\"pg-w627b735b07505-0\"  class=\"panel-grid panel-has-style\" ><div class=\"container-1024 panel-row-style panel-row-style-for-w627b735b07505-0\" ><div id=\"pgc-w627b735b07505-0-0\"  class=\"panel-grid-cell\" ><div id=\"panel-w627b735b07505-0-0-0\" class=\"so-panel widget widget_sow-editor panel-first-child panel-last-child\" data-index=\"0\" ><div class=\"list-cell panel-widget-style panel-widget-style-for-w627b735b07505-0-0-0\" ><div\n\t\t\t\n\t\t\tclass=\"so-widget-sow-editor so-widget-sow-editor-base\"\n\t\t\t\n\t\t>\n<div class=\"siteorigin-widget-tinymce textwidget\">\n\t<h2 style=\"text-align: center;\">DE VOORDELEN IN EEN OOGOPSLAG<\/h2>\n<\/div>\n<\/div><\/div><\/div><\/div><\/div><\/div><div id=\"pg-w627b735b07505-1\"  class=\"panel-grid panel-has-style\" ><div class=\"highlight-cell flex highlight-image-row right panel-row-style panel-row-style-for-w627b735b07505-1\" ><div id=\"pgc-w627b735b07505-1-0\"  class=\"panel-grid-cell\" ><div id=\"panel-w627b735b07505-1-0-0\" class=\"so-panel widget widget_sow-editor panel-first-child\" data-index=\"1\" ><div class=\"list-cell panel-widget-style panel-widget-style-for-w627b735b07505-1-0-0\" ><div\n\t\t\t\n\t\t\tclass=\"so-widget-sow-editor so-widget-sow-editor-base\"\n\t\t\t\n\t\t>\n<div class=\"siteorigin-widget-tinymce textwidget\">\n\t<p>Actueel live overzicht van het aantal wachtende patienten en actieve balies<\/p>\n<\/div>\n<\/div><\/div><\/div><div id=\"panel-w627b735b07505-1-0-1\" class=\"so-panel widget widget_sow-editor\" data-index=\"2\" ><div class=\"list-cell panel-widget-style panel-widget-style-for-w627b735b07505-1-0-1\" ><div\n\t\t\t\n\t\t\tclass=\"so-widget-sow-editor so-widget-sow-editor-base\"\n\t\t\t\n\t\t>\n<div class=\"siteorigin-widget-tinymce textwidget\">\n\t<p>Totaal aantal patienten voor de dag, alsook de dagelijkse geschiedenis met gemiddelde en huidige wachttijd<\/p>\n<\/div>\n<\/div><\/div><\/div><div id=\"panel-w627b735b07505-1-0-2\" class=\"so-panel widget widget_sow-editor panel-last-child\" data-index=\"3\" ><div class=\"list-cell panel-widget-style panel-widget-style-for-w627b735b07505-1-0-2\" ><div\n\t\t\t\n\t\t\tclass=\"so-widget-sow-editor so-widget-sow-editor-base\"\n\t\t\t\n\t\t>\n<div class=\"siteorigin-widget-tinymce textwidget\">\n\t<p>Weergave van gemiddelde verwerkingstijd en wachttijd<\/p>\n<\/div>\n<\/div><\/div><\/div><\/div><div id=\"pgc-w627b735b07505-1-1\"  class=\"panel-grid-cell\" ><div id=\"panel-w627b735b07505-1-1-0\" class=\"so-panel widget widget_siteorigin-panels-builder panel-first-child panel-last-child\" data-index=\"4\" ><div id=\"image-container\" class=\"panel-widget-style panel-widget-style-for-w627b735b07505-1-1-0\" ><div id=\"pl-w627b735b07cfb\"  class=\"panel-layout\" ><div id=\"pg-w627b735b07cfb-0\"  class=\"panel-grid panel-no-style\" ><div id=\"pgc-w627b735b07cfb-0-0\"  class=\"panel-grid-cell\" ><div id=\"panel-w627b735b07cfb-0-0-0\" class=\"so-panel widget widget_sow-image panel-first-child panel-last-child\" data-index=\"0\" ><div\n\t\t\t\n\t\t\tclass=\"so-widget-sow-image so-widget-sow-image-default-8b5b6f678277\"\n\t\t\t\n\t\t>\n<div class=\"sow-image-container\">\n\t\t<img \n\tsrc=\"https:\/\/smart-cjm.com\/wp-content\/uploads\/2022\/05\/healthcare-dashboards-operations.png\" width=\"736\" height=\"740\" srcset=\"https:\/\/smart-cjm.com\/wp-content\/uploads\/2022\/05\/healthcare-dashboards-operations.png 736w, https:\/\/smart-cjm.com\/wp-content\/uploads\/2022\/05\/healthcare-dashboards-operations-298x300.png 298w, https:\/\/smart-cjm.com\/wp-content\/uploads\/2022\/05\/healthcare-dashboards-operations-150x150.png 150w\" sizes=\"(max-width: 736px) 100vw, 736px\" alt=\"\" \t\tclass=\"so-widget-image\"\/>\n\t<\/div>\n\n<\/div><\/div><\/div><\/div><\/div><\/div><\/div><\/div><\/div><\/div><\/div><\/div><\/div><\/div><\/div><\/div>","protected":false},"excerpt":{"rendered":"<p>SMART PATIENT EXPERIENCE. DASHBOARDS &#038; OPERATIONS. SMART PATIENT EXPERIENCE. DASHBOARDS &#038; OPERATIONS.<\/p>\n","protected":false},"author":1,"featured_media":0,"parent":3608,"menu_order":0,"comment_status":"closed","ping_status":"closed","template":"","meta":{"_acf_changed":false,"footnotes":""},"class_list":["post-3781","page","type-page","status-publish"],"acf":[],"yoast_head":"<!-- This site is optimized with the Yoast SEO Premium plugin v27.0 (Yoast SEO v27.4) - https:\/\/yoast.com\/product\/yoast-seo-premium-wordpress\/ -->\n<title>Dashboards &amp; Operations - Smart-CJM<\/title>\n<meta name=\"description\" content=\"Houd het overzicht met een live dashboard: Volg het aantal pati\u00ebnten en pas je processen en middelen aan.\" \/>\n<meta name=\"robots\" content=\"index, follow, max-snippet:-1, max-image-preview:large, max-video-preview:-1\" \/>\n<link rel=\"canonical\" href=\"https:\/\/smart-cjm.com\/nl\/gezondheidszorg\/dashboards-operations\/\" \/>\n<meta property=\"og:locale\" content=\"nl_NL\" \/>\n<meta property=\"og:type\" content=\"article\" \/>\n<meta property=\"og:title\" content=\"Dashboards &amp; Operations\" \/>\n<meta property=\"og:description\" content=\"SMART PATIENT EXPERIENCE. DASHBOARDS &amp; OPERATIONS. SMART PATIENT EXPERIENCE. DASHBOARDS &amp; OPERATIONS. Smart-CJM PATIENTEN MEDEWERKERS MANAGEMENT\" \/>\n<meta property=\"og:url\" content=\"https:\/\/smart-cjm.com\/nl\/gezondheidszorg\/dashboards-operations\/\" \/>\n<meta property=\"og:site_name\" content=\"Smart-CJM\" \/>\n<meta property=\"article:modified_time\" content=\"2025-01-28T14:36:47+00:00\" \/>\n<script type=\"application\/ld+json\" class=\"yoast-schema-graph\">{\"@context\":\"https:\\\/\\\/schema.org\",\"@graph\":[{\"@type\":\"WebPage\",\"@id\":\"https:\\\/\\\/smart-cjm.com\\\/nl\\\/gezondheidszorg\\\/dashboards-operations\\\/\",\"url\":\"https:\\\/\\\/smart-cjm.com\\\/nl\\\/gezondheidszorg\\\/dashboards-operations\\\/\",\"name\":\"Dashboards & Operations - Smart-CJM\",\"isPartOf\":{\"@id\":\"https:\\\/\\\/smart-cjm.com\\\/nl\\\/#website\"},\"datePublished\":\"2022-04-27T12:32:02+00:00\",\"dateModified\":\"2025-01-28T14:36:47+00:00\",\"description\":\"Houd het overzicht met een live dashboard: Volg het aantal pati\u00ebnten en pas je processen en middelen aan.\",\"breadcrumb\":{\"@id\":\"https:\\\/\\\/smart-cjm.com\\\/nl\\\/gezondheidszorg\\\/dashboards-operations\\\/#breadcrumb\"},\"inLanguage\":\"nl-NL\",\"potentialAction\":[{\"@type\":\"ReadAction\",\"target\":[\"https:\\\/\\\/smart-cjm.com\\\/nl\\\/gezondheidszorg\\\/dashboards-operations\\\/\"]}]},{\"@type\":\"BreadcrumbList\",\"@id\":\"https:\\\/\\\/smart-cjm.com\\\/nl\\\/gezondheidszorg\\\/dashboards-operations\\\/#breadcrumb\",\"itemListElement\":[{\"@type\":\"ListItem\",\"position\":1,\"name\":\"Startseite\",\"item\":\"https:\\\/\\\/smart-cjm.com\\\/nl\\\/\"},{\"@type\":\"ListItem\",\"position\":2,\"name\":\"Gezondheidszorg\",\"item\":\"https:\\\/\\\/smart-cjm.com\\\/nl\\\/gezondheidszorg\\\/\"},{\"@type\":\"ListItem\",\"position\":3,\"name\":\"Dashboards &#038; Operations\"}]},{\"@type\":\"WebSite\",\"@id\":\"https:\\\/\\\/smart-cjm.com\\\/nl\\\/#website\",\"url\":\"https:\\\/\\\/smart-cjm.com\\\/nl\\\/\",\"name\":\"Smart-CJM\",\"description\":\"Warteschlangenmanagement, Aufrufanlage, Online Terminvereinbarung und Personenleitsystem\",\"publisher\":{\"@id\":\"https:\\\/\\\/smart-cjm.com\\\/nl\\\/#organization\"},\"potentialAction\":[{\"@type\":\"SearchAction\",\"target\":{\"@type\":\"EntryPoint\",\"urlTemplate\":\"https:\\\/\\\/smart-cjm.com\\\/nl\\\/?s={search_term_string}\"},\"query-input\":{\"@type\":\"PropertyValueSpecification\",\"valueRequired\":true,\"valueName\":\"search_term_string\"}}],\"inLanguage\":\"nl-NL\"},{\"@type\":\"Organization\",\"@id\":\"https:\\\/\\\/smart-cjm.com\\\/nl\\\/#organization\",\"name\":\"SMART CJM GmbH\",\"url\":\"https:\\\/\\\/smart-cjm.com\\\/nl\\\/\",\"logo\":{\"@type\":\"ImageObject\",\"inLanguage\":\"nl-NL\",\"@id\":\"https:\\\/\\\/smart-cjm.com\\\/nl\\\/#\\\/schema\\\/logo\\\/image\\\/\",\"url\":\"https:\\\/\\\/smart-cjm.com\\\/wp-content\\\/uploads\\\/2021\\\/05\\\/smcj-logo.svg\",\"contentUrl\":\"https:\\\/\\\/smart-cjm.com\\\/wp-content\\\/uploads\\\/2021\\\/05\\\/smcj-logo.svg\",\"width\":290,\"height\":188,\"caption\":\"SMART CJM GmbH\"},\"image\":{\"@id\":\"https:\\\/\\\/smart-cjm.com\\\/nl\\\/#\\\/schema\\\/logo\\\/image\\\/\"}}]}<\/script>\n<!-- \/ Yoast SEO Premium plugin. -->","yoast_head_json":{"title":"Dashboards & Operations - Smart-CJM","description":"Houd het overzicht met een live dashboard: Volg het aantal pati\u00ebnten en pas je processen en middelen aan.","robots":{"index":"index","follow":"follow","max-snippet":"max-snippet:-1","max-image-preview":"max-image-preview:large","max-video-preview":"max-video-preview:-1"},"canonical":"https:\/\/smart-cjm.com\/nl\/gezondheidszorg\/dashboards-operations\/","og_locale":"nl_NL","og_type":"article","og_title":"Dashboards & Operations","og_description":"SMART PATIENT EXPERIENCE. DASHBOARDS & OPERATIONS. SMART PATIENT EXPERIENCE. DASHBOARDS & OPERATIONS. Smart-CJM PATIENTEN MEDEWERKERS MANAGEMENT","og_url":"https:\/\/smart-cjm.com\/nl\/gezondheidszorg\/dashboards-operations\/","og_site_name":"Smart-CJM","article_modified_time":"2025-01-28T14:36:47+00:00","schema":{"@context":"https:\/\/schema.org","@graph":[{"@type":"WebPage","@id":"https:\/\/smart-cjm.com\/nl\/gezondheidszorg\/dashboards-operations\/","url":"https:\/\/smart-cjm.com\/nl\/gezondheidszorg\/dashboards-operations\/","name":"Dashboards & Operations - Smart-CJM","isPartOf":{"@id":"https:\/\/smart-cjm.com\/nl\/#website"},"datePublished":"2022-04-27T12:32:02+00:00","dateModified":"2025-01-28T14:36:47+00:00","description":"Houd het overzicht met een live dashboard: Volg het aantal pati\u00ebnten en pas je processen en middelen aan.","breadcrumb":{"@id":"https:\/\/smart-cjm.com\/nl\/gezondheidszorg\/dashboards-operations\/#breadcrumb"},"inLanguage":"nl-NL","potentialAction":[{"@type":"ReadAction","target":["https:\/\/smart-cjm.com\/nl\/gezondheidszorg\/dashboards-operations\/"]}]},{"@type":"BreadcrumbList","@id":"https:\/\/smart-cjm.com\/nl\/gezondheidszorg\/dashboards-operations\/#breadcrumb","itemListElement":[{"@type":"ListItem","position":1,"name":"Startseite","item":"https:\/\/smart-cjm.com\/nl\/"},{"@type":"ListItem","position":2,"name":"Gezondheidszorg","item":"https:\/\/smart-cjm.com\/nl\/gezondheidszorg\/"},{"@type":"ListItem","position":3,"name":"Dashboards &#038; Operations"}]},{"@type":"WebSite","@id":"https:\/\/smart-cjm.com\/nl\/#website","url":"https:\/\/smart-cjm.com\/nl\/","name":"Smart-CJM","description":"Warteschlangenmanagement, Aufrufanlage, Online Terminvereinbarung und Personenleitsystem","publisher":{"@id":"https:\/\/smart-cjm.com\/nl\/#organization"},"potentialAction":[{"@type":"SearchAction","target":{"@type":"EntryPoint","urlTemplate":"https:\/\/smart-cjm.com\/nl\/?s={search_term_string}"},"query-input":{"@type":"PropertyValueSpecification","valueRequired":true,"valueName":"search_term_string"}}],"inLanguage":"nl-NL"},{"@type":"Organization","@id":"https:\/\/smart-cjm.com\/nl\/#organization","name":"SMART CJM GmbH","url":"https:\/\/smart-cjm.com\/nl\/","logo":{"@type":"ImageObject","inLanguage":"nl-NL","@id":"https:\/\/smart-cjm.com\/nl\/#\/schema\/logo\/image\/","url":"https:\/\/smart-cjm.com\/wp-content\/uploads\/2021\/05\/smcj-logo.svg","contentUrl":"https:\/\/smart-cjm.com\/wp-content\/uploads\/2021\/05\/smcj-logo.svg","width":290,"height":188,"caption":"SMART CJM GmbH"},"image":{"@id":"https:\/\/smart-cjm.com\/nl\/#\/schema\/logo\/image\/"}}]}},"_links":{"self":[{"href":"https:\/\/smart-cjm.com\/nl\/wp-json\/wp\/v2\/pages\/3781","targetHints":{"allow":["GET"]}}],"collection":[{"href":"https:\/\/smart-cjm.com\/nl\/wp-json\/wp\/v2\/pages"}],"about":[{"href":"https:\/\/smart-cjm.com\/nl\/wp-json\/wp\/v2\/types\/page"}],"author":[{"embeddable":true,"href":"https:\/\/smart-cjm.com\/nl\/wp-json\/wp\/v2\/users\/1"}],"replies":[{"embeddable":true,"href":"https:\/\/smart-cjm.com\/nl\/wp-json\/wp\/v2\/comments?post=3781"}],"version-history":[{"count":2,"href":"https:\/\/smart-cjm.com\/nl\/wp-json\/wp\/v2\/pages\/3781\/revisions"}],"predecessor-version":[{"id":6519,"href":"https:\/\/smart-cjm.com\/nl\/wp-json\/wp\/v2\/pages\/3781\/revisions\/6519"}],"up":[{"embeddable":true,"href":"https:\/\/smart-cjm.com\/nl\/wp-json\/wp\/v2\/pages\/3608"}],"wp:attachment":[{"href":"https:\/\/smart-cjm.com\/nl\/wp-json\/wp\/v2\/media?parent=3781"}],"curies":[{"name":"wp","href":"https:\/\/api.w.org\/{rel}","templated":true}]}}