{"id":6199,"date":"2024-07-23T10:25:40","date_gmt":"2024-07-23T08:25:40","guid":{"rendered":"https:\/\/smart-cjm.com\/?page_id=6199"},"modified":"2024-08-20T10:20:06","modified_gmt":"2024-08-20T08:20:06","slug":"references","status":"publish","type":"page","link":"https:\/\/smart-cjm.com\/fr\/references\/","title":{"rendered":"References"},"content":{"rendered":"<div id=\"pl-6199\"  class=\"panel-layout\" ><div id=\"pg-6199-0\"  class=\"panel-grid panel-has-style\" ><div class=\"image-header-row desktop siteorigin-panels-stretch panel-row-style panel-row-style-for-6199-0\" data-stretch-type=\"full-width-stretch\" ><div id=\"pgc-6199-0-0\"  class=\"panel-grid-cell\" ><div id=\"panel-6199-0-0-0\" class=\"so-panel widget widget_sow-editor panel-first-child panel-last-child\" data-index=\"0\" ><div\n\t\t\t\n\t\t\tclass=\"so-widget-sow-editor so-widget-sow-editor-base\"\n\t\t\t\n\t\t>\n<div class=\"siteorigin-widget-tinymce textwidget\">\n\t<div class=\"header-image-text-wrapper\">\n<h1 style=\"text-align: right;\">R\u00c9F\u00c9RENCES.<\/h1>\n<\/div><\/div>\n<\/div><\/div><\/div><\/div><\/div><div id=\"pg-6199-1\"  class=\"panel-grid panel-has-style\" ><div class=\"image-header-row mobile siteorigin-panels-stretch panel-row-style panel-row-style-for-6199-1\" data-stretch-type=\"full-width-stretch\" ><div id=\"pgc-6199-1-0\"  class=\"panel-grid-cell\" ><div id=\"panel-6199-1-0-0\" class=\"so-panel widget widget_sow-editor panel-first-child panel-last-child\" data-index=\"1\" ><div\n\t\t\t\n\t\t\tclass=\"so-widget-sow-editor so-widget-sow-editor-base\"\n\t\t\t\n\t\t>\n<div class=\"siteorigin-widget-tinymce textwidget\">\n\t<div class=\"header-image-text-wrapper\">\n<h1 style=\"text-align: right;\">R\u00c9F\u00c9RENCES.<\/h1>\n<\/div><\/div>\n<\/div><\/div><\/div><\/div><\/div><div id=\"pg-6199-2\"  class=\"panel-grid panel-has-style\" ><div class=\"intro container-1200 panel-row-style panel-row-style-for-6199-2\" ><div id=\"pgc-6199-2-0\"  class=\"panel-grid-cell\" ><div id=\"panel-6199-2-0-0\" class=\"so-panel widget widget_sow-editor panel-first-child panel-last-child\" data-index=\"2\" ><div\n\t\t\t\n\t\t\tclass=\"so-widget-sow-editor so-widget-sow-editor-base\"\n\t\t\t\n\t\t>\n<div class=\"siteorigin-widget-tinymce textwidget\">\n\t<h2 style=\"text-align: center;\">Rapports de Pratique : Smart CJM dans le Monde Entier<\/h2>\n<p style=\"text-align: center;\">D\u00e9couvrez de premi\u00e8re main comment des entreprises de diff\u00e9rents pays ont optimis\u00e9 leur parcours client avec Smart CJM. Lisez les rapports de pratique de nos clients commerciaux internationaux et laissez-vous inspirer par leurs exp\u00e9riences positives.<\/p>\n<p>&nbsp;<\/p>\n<\/div>\n<\/div><\/div><\/div><\/div><\/div><div id=\"pg-6199-3\"  class=\"panel-grid panel-has-style\" ><div class=\"panel-row-style panel-row-style-for-6199-3\" ><div id=\"pgc-6199-3-0\"  class=\"panel-grid-cell\" ><div id=\"panel-6199-3-0-0\" class=\"so-panel widget widget_siteorigin-panels-builder panel-first-child panel-last-child\" data-index=\"3\" ><div id=\"pl-w669f588d72555\"  class=\"panel-layout\" ><div id=\"pg-w669f588d72555-0\"  class=\"panel-grid panel-no-style\" ><div id=\"pgc-w669f588d72555-0-0\"  class=\"panel-grid-cell\" >    <div class=\"container reference-filter-form first-load\" id=\"references-filter-container\">\r\n        <form id=\"references-form\" class=\"references-form\">\r\n            <div class=\"references-form-wrapper\">\r\n                <select class=\"item\" name=\"references-regions\" id=\"references-regions\">\r\n                    <option value=\"\" readonly=\"true\" selected>R\u00e9gion<\/option>\r\n                                            <option class=\"item\" value=\"afrique\">Afrique<\/option>\r\n                                            <option class=\"item\" value=\"amerique_du_nord\">Am\u00e9rique du Nord<\/option>\r\n                                            <option class=\"item\" value=\"amerique_du_sud\">Am\u00e9rique du Sud<\/option>\r\n                                            <option class=\"item\" value=\"asie\">Asie<\/option>\r\n                                            <option class=\"item\" value=\"europe-fr\">Europe<\/option>\r\n                                            <option class=\"item\" value=\"oceanie-fr\">Oc\u00e9anie<\/option>\r\n                                    <\/select>\r\n            <\/div>\r\n            <div class=\"references-form-wrapper\">\r\n                <select class=\"item\" name=\"references-business\" id=\"references-business\">\r\n                    <option value=\"\" readonly=\"true\" selected>Secteur<\/option>\r\n                                            <option class=\"item\" value=\"autorites_public\">Autorites Public<\/option>\r\n                                            <option class=\"item\" value=\"commerce\">Commerce<\/option>\r\n                                            <option class=\"item\" value=\"finance-fr\">Finance<\/option>\r\n                                            <option class=\"item\" value=\"sante\">Sant\u00e9<\/option>\r\n                                    <\/select>\r\n            <\/div>\r\n            <div class=\"references-form-wrapper\">\r\n                <button class=\"item button-news filter-button\" type=\"submit\">Rechercher<\/button>\r\n            <\/div>\r\n            <div class=\"references-form-wrapper\">\r\n                <button class=\"item button-news filter-button\" type=\"reset\">R\u00e9initialiser<\/button>\r\n            <\/div>\r\n        <\/form>\r\n    <\/div>\r\n    <div class=\"container references-container\" id=\"references-container\">\r\n\r\n    <\/div>\r\n    <div id=\"panel-w669f588d72555-0-0-0\" class=\"so-panel widget widget_sow-editor panel-first-child panel-last-child\" data-index=\"0\" ><div\n\t\t\t\n\t\t\tclass=\"so-widget-sow-editor so-widget-sow-editor-base\"\n\t\t\t\n\t\t>\n<div class=\"siteorigin-widget-tinymce textwidget\">\n\t\n<\/div>\n<\/div><\/div><\/div><\/div><\/div><\/div><\/div><\/div><\/div><\/div>","protected":false},"excerpt":{"rendered":"<p>R\u00c9F\u00c9RENCES. R\u00c9F\u00c9RENCES.<\/p>\n","protected":false},"author":2,"featured_media":0,"parent":0,"menu_order":0,"comment_status":"closed","ping_status":"closed","template":"","meta":{"_acf_changed":false,"footnotes":""},"class_list":["post-6199","page","type-page","status-publish"],"acf":[],"yoast_head":"<!-- This site is optimized with the Yoast SEO Premium plugin v27.0 (Yoast SEO v27.4) - https:\/\/yoast.com\/product\/yoast-seo-premium-wordpress\/ -->\n<title>References - Smart-CJM<\/title>\n<meta name=\"description\" content=\"Warteschlangenmanagement, Aufrufanlage, Online Terminvereinbarung und Personenleitsystem von Smart CJM - den Customer Journey Management Experten aus Krefeld.\" \/>\n<meta name=\"robots\" content=\"index, follow, max-snippet:-1, max-image-preview:large, max-video-preview:-1\" \/>\n<link rel=\"canonical\" href=\"https:\/\/smart-cjm.com\/fr\/references\/\" \/>\n<meta property=\"og:locale\" content=\"fr_FR\" \/>\n<meta property=\"og:type\" content=\"article\" \/>\n<meta property=\"og:title\" content=\"References\" \/>\n<meta property=\"og:description\" content=\"R\u00c9F\u00c9RENCES. R\u00c9F\u00c9RENCES. Rapports de Pratique : Smart CJM dans le Monde Entier D\u00e9couvrez de premi\u00e8re main comment des entreprises de diff\u00e9rents pays ont\" \/>\n<meta property=\"og:url\" content=\"https:\/\/smart-cjm.com\/fr\/references\/\" \/>\n<meta property=\"og:site_name\" content=\"Smart-CJM\" \/>\n<meta property=\"article:modified_time\" content=\"2024-08-20T08:20:06+00:00\" \/>\n<script type=\"application\/ld+json\" class=\"yoast-schema-graph\">{\"@context\":\"https:\\\/\\\/schema.org\",\"@graph\":[{\"@type\":\"WebPage\",\"@id\":\"https:\\\/\\\/smart-cjm.com\\\/fr\\\/references\\\/\",\"url\":\"https:\\\/\\\/smart-cjm.com\\\/fr\\\/references\\\/\",\"name\":\"References - Smart-CJM\",\"isPartOf\":{\"@id\":\"https:\\\/\\\/smart-cjm.com\\\/fr\\\/#website\"},\"datePublished\":\"2024-07-23T08:25:40+00:00\",\"dateModified\":\"2024-08-20T08:20:06+00:00\",\"description\":\"Warteschlangenmanagement, Aufrufanlage, Online Terminvereinbarung und Personenleitsystem von Smart CJM - den Customer Journey Management Experten aus Krefeld.\",\"breadcrumb\":{\"@id\":\"https:\\\/\\\/smart-cjm.com\\\/fr\\\/references\\\/#breadcrumb\"},\"inLanguage\":\"fr-FR\",\"potentialAction\":[{\"@type\":\"ReadAction\",\"target\":[\"https:\\\/\\\/smart-cjm.com\\\/fr\\\/references\\\/\"]}]},{\"@type\":\"BreadcrumbList\",\"@id\":\"https:\\\/\\\/smart-cjm.com\\\/fr\\\/references\\\/#breadcrumb\",\"itemListElement\":[{\"@type\":\"ListItem\",\"position\":1,\"name\":\"Startseite\",\"item\":\"https:\\\/\\\/smart-cjm.com\\\/fr\\\/\"},{\"@type\":\"ListItem\",\"position\":2,\"name\":\"References\"}]},{\"@type\":\"WebSite\",\"@id\":\"https:\\\/\\\/smart-cjm.com\\\/fr\\\/#website\",\"url\":\"https:\\\/\\\/smart-cjm.com\\\/fr\\\/\",\"name\":\"Smart-CJM\",\"description\":\"Warteschlangenmanagement, Aufrufanlage, Online Terminvereinbarung und Personenleitsystem\",\"publisher\":{\"@id\":\"https:\\\/\\\/smart-cjm.com\\\/fr\\\/#organization\"},\"potentialAction\":[{\"@type\":\"SearchAction\",\"target\":{\"@type\":\"EntryPoint\",\"urlTemplate\":\"https:\\\/\\\/smart-cjm.com\\\/fr\\\/?s={search_term_string}\"},\"query-input\":{\"@type\":\"PropertyValueSpecification\",\"valueRequired\":true,\"valueName\":\"search_term_string\"}}],\"inLanguage\":\"fr-FR\"},{\"@type\":\"Organization\",\"@id\":\"https:\\\/\\\/smart-cjm.com\\\/fr\\\/#organization\",\"name\":\"SMART CJM GmbH\",\"url\":\"https:\\\/\\\/smart-cjm.com\\\/fr\\\/\",\"logo\":{\"@type\":\"ImageObject\",\"inLanguage\":\"fr-FR\",\"@id\":\"https:\\\/\\\/smart-cjm.com\\\/fr\\\/#\\\/schema\\\/logo\\\/image\\\/\",\"url\":\"https:\\\/\\\/smart-cjm.com\\\/wp-content\\\/uploads\\\/2021\\\/05\\\/smcj-logo.svg\",\"contentUrl\":\"https:\\\/\\\/smart-cjm.com\\\/wp-content\\\/uploads\\\/2021\\\/05\\\/smcj-logo.svg\",\"width\":290,\"height\":188,\"caption\":\"SMART CJM GmbH\"},\"image\":{\"@id\":\"https:\\\/\\\/smart-cjm.com\\\/fr\\\/#\\\/schema\\\/logo\\\/image\\\/\"}}]}<\/script>\n<!-- \/ Yoast SEO Premium plugin. -->","yoast_head_json":{"title":"References - Smart-CJM","description":"Warteschlangenmanagement, Aufrufanlage, Online Terminvereinbarung und Personenleitsystem von Smart CJM - den Customer Journey Management Experten aus Krefeld.","robots":{"index":"index","follow":"follow","max-snippet":"max-snippet:-1","max-image-preview":"max-image-preview:large","max-video-preview":"max-video-preview:-1"},"canonical":"https:\/\/smart-cjm.com\/fr\/references\/","og_locale":"fr_FR","og_type":"article","og_title":"References","og_description":"R\u00c9F\u00c9RENCES. R\u00c9F\u00c9RENCES. Rapports de Pratique : Smart CJM dans le Monde Entier D\u00e9couvrez de premi\u00e8re main comment des entreprises de diff\u00e9rents pays ont","og_url":"https:\/\/smart-cjm.com\/fr\/references\/","og_site_name":"Smart-CJM","article_modified_time":"2024-08-20T08:20:06+00:00","schema":{"@context":"https:\/\/schema.org","@graph":[{"@type":"WebPage","@id":"https:\/\/smart-cjm.com\/fr\/references\/","url":"https:\/\/smart-cjm.com\/fr\/references\/","name":"References - Smart-CJM","isPartOf":{"@id":"https:\/\/smart-cjm.com\/fr\/#website"},"datePublished":"2024-07-23T08:25:40+00:00","dateModified":"2024-08-20T08:20:06+00:00","description":"Warteschlangenmanagement, Aufrufanlage, Online Terminvereinbarung und Personenleitsystem von Smart CJM - den Customer Journey Management Experten aus Krefeld.","breadcrumb":{"@id":"https:\/\/smart-cjm.com\/fr\/references\/#breadcrumb"},"inLanguage":"fr-FR","potentialAction":[{"@type":"ReadAction","target":["https:\/\/smart-cjm.com\/fr\/references\/"]}]},{"@type":"BreadcrumbList","@id":"https:\/\/smart-cjm.com\/fr\/references\/#breadcrumb","itemListElement":[{"@type":"ListItem","position":1,"name":"Startseite","item":"https:\/\/smart-cjm.com\/fr\/"},{"@type":"ListItem","position":2,"name":"References"}]},{"@type":"WebSite","@id":"https:\/\/smart-cjm.com\/fr\/#website","url":"https:\/\/smart-cjm.com\/fr\/","name":"Smart-CJM","description":"Warteschlangenmanagement, Aufrufanlage, Online Terminvereinbarung und Personenleitsystem","publisher":{"@id":"https:\/\/smart-cjm.com\/fr\/#organization"},"potentialAction":[{"@type":"SearchAction","target":{"@type":"EntryPoint","urlTemplate":"https:\/\/smart-cjm.com\/fr\/?s={search_term_string}"},"query-input":{"@type":"PropertyValueSpecification","valueRequired":true,"valueName":"search_term_string"}}],"inLanguage":"fr-FR"},{"@type":"Organization","@id":"https:\/\/smart-cjm.com\/fr\/#organization","name":"SMART CJM GmbH","url":"https:\/\/smart-cjm.com\/fr\/","logo":{"@type":"ImageObject","inLanguage":"fr-FR","@id":"https:\/\/smart-cjm.com\/fr\/#\/schema\/logo\/image\/","url":"https:\/\/smart-cjm.com\/wp-content\/uploads\/2021\/05\/smcj-logo.svg","contentUrl":"https:\/\/smart-cjm.com\/wp-content\/uploads\/2021\/05\/smcj-logo.svg","width":290,"height":188,"caption":"SMART CJM GmbH"},"image":{"@id":"https:\/\/smart-cjm.com\/fr\/#\/schema\/logo\/image\/"}}]}},"_links":{"self":[{"href":"https:\/\/smart-cjm.com\/fr\/wp-json\/wp\/v2\/pages\/6199","targetHints":{"allow":["GET"]}}],"collection":[{"href":"https:\/\/smart-cjm.com\/fr\/wp-json\/wp\/v2\/pages"}],"about":[{"href":"https:\/\/smart-cjm.com\/fr\/wp-json\/wp\/v2\/types\/page"}],"author":[{"embeddable":true,"href":"https:\/\/smart-cjm.com\/fr\/wp-json\/wp\/v2\/users\/2"}],"replies":[{"embeddable":true,"href":"https:\/\/smart-cjm.com\/fr\/wp-json\/wp\/v2\/comments?post=6199"}],"version-history":[{"count":2,"href":"https:\/\/smart-cjm.com\/fr\/wp-json\/wp\/v2\/pages\/6199\/revisions"}],"predecessor-version":[{"id":6201,"href":"https:\/\/smart-cjm.com\/fr\/wp-json\/wp\/v2\/pages\/6199\/revisions\/6201"}],"wp:attachment":[{"href":"https:\/\/smart-cjm.com\/fr\/wp-json\/wp\/v2\/media?parent=6199"}],"curies":[{"name":"wp","href":"https:\/\/api.w.org\/{rel}","templated":true}]}}