{"id":5773,"date":"2022-04-21T14:54:44","date_gmt":"2022-04-21T12:54:44","guid":{"rendered":"https:\/\/smart-cjm.com\/unternehmen\/"},"modified":"2026-02-06T09:10:56","modified_gmt":"2026-02-06T08:10:56","slug":"entreprise","status":"publish","type":"page","link":"https:\/\/smart-cjm.com\/fr\/entreprise\/","title":{"rendered":"ENTREPRISE"},"content":{"rendered":"<div id=\"pl-5773\"  class=\"panel-layout\" ><div id=\"pg-5773-0\"  class=\"panel-grid panel-has-style\" ><div class=\"image-header-row desktop siteorigin-panels-stretch panel-row-style panel-row-style-for-5773-0\" data-stretch-type=\"full-width-stretch\" ><div id=\"pgc-5773-0-0\"  class=\"panel-grid-cell\" ><div id=\"panel-5773-0-0-0\" class=\"so-panel widget widget_sow-editor panel-first-child panel-last-child\" data-index=\"0\" ><div\n\t\t\t\n\t\t\tclass=\"so-widget-sow-editor so-widget-sow-editor-base\"\n\t\t\t\n\t\t>\n<div class=\"siteorigin-widget-tinymce textwidget\">\n\t<div class=\"header-image-text-wrapper\">\n<h1 style=\"text-align: right;\">PARCE QUE LE TEMPS EST PR\u00c9CIEUX<\/h1>\n<\/div><\/div>\n<\/div><\/div><\/div><\/div><\/div><div id=\"pg-5773-1\"  class=\"panel-grid panel-has-style\" ><div class=\"image-header-row mobile siteorigin-panels-stretch panel-row-style panel-row-style-for-5773-1\" data-stretch-type=\"full-width-stretch\" ><div id=\"pgc-5773-1-0\"  class=\"panel-grid-cell\" ><div id=\"panel-5773-1-0-0\" class=\"so-panel widget widget_sow-editor panel-first-child panel-last-child\" data-index=\"1\" ><div\n\t\t\t\n\t\t\tclass=\"so-widget-sow-editor so-widget-sow-editor-base\"\n\t\t\t\n\t\t>\n<div class=\"siteorigin-widget-tinymce textwidget\">\n\t<div class=\"header-image-text-wrapper\">\n<h1 style=\"text-align: right;\">PARCE QUE LE TEMPS EST PR\u00c9CIEUX<\/h1>\n<\/div><\/div>\n<\/div><\/div><\/div><\/div><\/div><div id=\"pg-5773-2\"  class=\"panel-grid panel-has-style\" ><div class=\"intro khzg panel-row-style panel-row-style-for-5773-2\" ><div id=\"pgc-5773-2-0\"  class=\"panel-grid-cell\" ><div id=\"panel-5773-2-0-0\" class=\"so-panel widget widget_sow-editor panel-first-child panel-last-child\" data-index=\"2\" ><div\n\t\t\t\n\t\t\tclass=\"so-widget-sow-editor so-widget-sow-editor-base\"\n\t\t\t\n\t\t>\n<div class=\"siteorigin-widget-tinymce textwidget\">\n\t<h1 style=\"text-align: center;\">ENTREPRISE<\/h1>\n<\/div>\n<\/div><\/div><\/div><\/div><\/div><div id=\"pg-5773-3\"  class=\"panel-grid panel-has-style\" ><div class=\"container-1024 intro text panel-row-style panel-row-style-for-5773-3\" ><div id=\"pgc-5773-3-0\"  class=\"panel-grid-cell\" ><div id=\"panel-5773-3-0-0\" class=\"so-panel widget widget_sow-editor panel-first-child panel-last-child\" data-index=\"3\" ><div\n\t\t\t\n\t\t\tclass=\"so-widget-sow-editor so-widget-sow-editor-base\"\n\t\t\t\n\t\t>\n<div class=\"siteorigin-widget-tinymce textwidget\">\n\t<p style=\"text-align: center;\">Nous sommes un fournisseur de services complets en gestion du parcours client, avec un si\u00e8ge en Allemagne et des bureaux aux \u00c9tats-Unis et aux \u00c9mirats arabes unis. Fond\u00e9e en 2019, l\u2019entreprise propose des solutions modulaires telles que la gestion de files d\u2019attente, la prise de rendez-vous en ligne, l\u2019orientation, la billetterie en direct, les notifications mobiles et les tableaux de bord de business intelligence. Sa plateforme Smart eXperience est utilis\u00e9e dans les services publics, la sant\u00e9, le commerce de d\u00e9tail et la finance, en int\u00e9grant des terminaux sur site, des centres d\u2019appels, des bornes libre-service et des \u00e9crans d\u2019affichage. La solution prend en charge les d\u00e9ploiements cloud et sur site, avec une administration centralis\u00e9e et des analyses en temps r\u00e9el. Smart CJM recueille des donn\u00e9es de visiteurs anonymes et horodat\u00e9es pour optimiser les op\u00e9rations et am\u00e9liorer la qualit\u00e9 du service. Les tableaux de bord visualisent les temps d\u2019attente, les charges de service et les tendances historiques. Soutenu par des dirigeants exp\u00e9riment\u00e9s, Smart CJM permet une mise en \u0153uvre progressive pour r\u00e9duire les temps d\u2019attente et am\u00e9liorer l\u2019exp\u00e9rience client \u2013 transformant les donn\u00e9es de service en informations exploitables.<\/p>\n<\/div>\n<\/div><\/div><\/div><\/div><\/div><div id=\"pg-5773-4\"  class=\"panel-grid panel-has-style\" ><div class=\"panel-row-style panel-row-style-for-5773-4\" ><div id=\"pgc-5773-4-0\"  class=\"panel-grid-cell panel-grid-cell-empty\" ><\/div><div id=\"pgc-5773-4-1\"  class=\"panel-grid-cell panel-grid-cell-mobile-last\" ><div id=\"panel-5773-4-1-0\" class=\"so-panel widget widget_sow-editor panel-first-child panel-last-child\" data-index=\"4\" ><div\n\t\t\t\n\t\t\tclass=\"so-widget-sow-editor so-widget-sow-editor-base\"\n\t\t\t\n\t\t>\n<div class=\"siteorigin-widget-tinymce textwidget\">\n\t<h2 style=\"text-align: center;\">L'EQUIPE DE DIRECTION<\/h2>\n<\/div>\n<\/div><\/div><\/div><div id=\"pgc-5773-4-2\"  class=\"panel-grid-cell panel-grid-cell-empty\" ><\/div><\/div><\/div><div id=\"pg-5773-5\"  class=\"panel-grid panel-has-style\" ><div class=\"list-row panel-row-style panel-row-style-for-5773-5\" ><div id=\"pgc-5773-5-0\"  class=\"panel-grid-cell\" ><div class=\"company-cell panel-cell-style panel-cell-style-for-5773-5-0\" ><div id=\"panel-5773-5-0-0\" class=\"so-panel widget widget_sow-image panel-first-child panel-last-child\" data-index=\"5\" ><div\n\t\t\t\n\t\t\tclass=\"so-widget-sow-image so-widget-sow-image-default-8b5b6f678277-5773\"\n\t\t\t\n\t\t>\n<div class=\"sow-image-container\">\n\t\t<img \n\tsrc=\"https:\/\/smart-cjm.com\/wp-content\/uploads\/2022\/04\/smartcjm-unternehmen-stefan-dylka.jpg\" width=\"762\" height=\"650\" srcset=\"https:\/\/smart-cjm.com\/wp-content\/uploads\/2022\/04\/smartcjm-unternehmen-stefan-dylka.jpg 762w, https:\/\/smart-cjm.com\/wp-content\/uploads\/2022\/04\/smartcjm-unternehmen-stefan-dylka-300x256.jpg 300w, https:\/\/smart-cjm.com\/wp-content\/uploads\/2022\/04\/smartcjm-unternehmen-stefan-dylka-150x128.jpg 150w\" sizes=\"(max-width: 762px) 100vw, 762px\" alt=\"\" \t\tclass=\"so-widget-image\"\/>\n\t<\/div>\n\n<\/div><\/div><\/div><\/div><div id=\"pgc-5773-5-1\"  class=\"panel-grid-cell\" ><div class=\"company-cell panel-cell-style panel-cell-style-for-5773-5-1\" ><div id=\"panel-5773-5-1-0\" class=\"so-panel widget widget_sow-editor panel-first-child panel-last-child\" data-index=\"6\" ><div\n\t\t\t\n\t\t\tclass=\"so-widget-sow-editor so-widget-sow-editor-base\"\n\t\t\t\n\t\t>\n<div class=\"siteorigin-widget-tinymce textwidget\">\n\t<h4>Stefan Dylka, Krefeld<br \/>\nCEO<\/h4>\n<p>Direction g\u00e9n\u00e9rale, d\u00e9veloppement des affaires internationales, vente, marketing et finance.<\/p>\n<hr \/>\n<p>\u00c0 PROPOS: Entrepreneur, Dipl\u00f4me en g\u00e9nie \u00e9lectrique, TU Dortmund - Allemagne.<\/p>\n<ul>\n<li>Fondateur et associ\u00e9 g\u00e9rant de Smart CJM<\/li>\n<li>Plus de 29 ans d'exp\u00e9rience en vente et en gestion, par exemple en tant que Directeur G\u00e9n\u00e9ral des Comptes Globaux KYOCERA (BMW, Allianz, Volvo, etc.).<\/li>\n<li>Directeur G\u00e9n\u00e9ral DACH chez Qmatic.<\/li>\n<li>Associ\u00e9 de Redclu GmbH.<\/li>\n<\/ul>\n<\/div>\n<\/div><\/div><\/div><\/div><\/div><\/div><div id=\"pg-5773-6\"  class=\"panel-grid panel-has-style\" ><div class=\"list-row panel-row-style panel-row-style-for-5773-6\" ><div id=\"pgc-5773-6-0\"  class=\"panel-grid-cell\" ><div class=\"company-cell panel-cell-style panel-cell-style-for-5773-6-0\" ><div id=\"panel-5773-6-0-0\" class=\"so-panel widget widget_sow-image panel-first-child panel-last-child\" data-index=\"7\" ><div\n\t\t\t\n\t\t\tclass=\"so-widget-sow-image so-widget-sow-image-default-8b5b6f678277-5773\"\n\t\t\t\n\t\t>\n<div class=\"sow-image-container\">\n\t\t<img \n\tsrc=\"https:\/\/smart-cjm.com\/wp-content\/uploads\/2022\/04\/smartcjm-unternehmen-thomas-foecking.jpg\" width=\"762\" height=\"650\" srcset=\"https:\/\/smart-cjm.com\/wp-content\/uploads\/2022\/04\/smartcjm-unternehmen-thomas-foecking.jpg 762w, https:\/\/smart-cjm.com\/wp-content\/uploads\/2022\/04\/smartcjm-unternehmen-thomas-foecking-300x256.jpg 300w, https:\/\/smart-cjm.com\/wp-content\/uploads\/2022\/04\/smartcjm-unternehmen-thomas-foecking-150x128.jpg 150w\" sizes=\"(max-width: 762px) 100vw, 762px\" alt=\"\" \t\tclass=\"so-widget-image\"\/>\n\t<\/div>\n\n<\/div><\/div><\/div><\/div><div id=\"pgc-5773-6-1\"  class=\"panel-grid-cell\" ><div class=\"company-cell panel-cell-style panel-cell-style-for-5773-6-1\" ><div id=\"panel-5773-6-1-0\" class=\"so-panel widget widget_sow-editor panel-first-child panel-last-child\" data-index=\"8\" ><div\n\t\t\t\n\t\t\tclass=\"so-widget-sow-editor so-widget-sow-editor-base\"\n\t\t\t\n\t\t>\n<div class=\"siteorigin-widget-tinymce textwidget\">\n\t<h4>Thomas F\u00f6cking, Borken<br \/>\nCo-Founder<\/h4>\n<p>D\u00e9veloppement technique des affaires \u00e0 l'\u00e9chelle mondiale, conseil et d\u00e9veloppement de logiciels (Redclu).<\/p>\n<hr \/>\n<p>\u00c0 PROPOS: Entrepreneur, Fondateur de Netcallup GmbH \u00e0 Bocholt en 2005, acquise par Qmatic en 2015.<\/p>\n<ul>\n<li>Fondateur de Smart CJM<\/li>\n<li>D\u00e9veloppeur de logiciels exp\u00e9riment\u00e9 et strat\u00e8ge visionnaire avec plus de dix ans d'exp\u00e9rience en gestion de parcours client.<\/li>\n<li>Fondateur et associ\u00e9-g\u00e9rant de Redclu GmbH.<\/li>\n<\/ul>\n<\/div>\n<\/div><\/div><\/div><\/div><\/div><\/div><div id=\"pg-5773-7\"  class=\"panel-grid panel-has-style\" ><div class=\"list-row panel-row-style panel-row-style-for-5773-7\" ><div id=\"pgc-5773-7-0\"  class=\"panel-grid-cell\" ><div class=\"company-cell panel-cell-style panel-cell-style-for-5773-7-0\" ><div id=\"panel-5773-7-0-0\" class=\"so-panel widget widget_sow-image panel-first-child panel-last-child\" data-index=\"9\" ><div\n\t\t\t\n\t\t\tclass=\"so-widget-sow-image so-widget-sow-image-default-8b5b6f678277-5773\"\n\t\t\t\n\t\t>\n<div class=\"sow-image-container\">\n\t\t<img \n\tsrc=\"https:\/\/smart-cjm.com\/wp-content\/uploads\/2025\/06\/Markus-Buescher-CTO.png\" width=\"1588\" height=\"2048\" srcset=\"https:\/\/smart-cjm.com\/wp-content\/uploads\/2025\/06\/Markus-Buescher-CTO.png 1588w, https:\/\/smart-cjm.com\/wp-content\/uploads\/2025\/06\/Markus-Buescher-CTO-233x300.png 233w, https:\/\/smart-cjm.com\/wp-content\/uploads\/2025\/06\/Markus-Buescher-CTO-794x1024.png 794w, https:\/\/smart-cjm.com\/wp-content\/uploads\/2025\/06\/Markus-Buescher-CTO-116x150.png 116w, https:\/\/smart-cjm.com\/wp-content\/uploads\/2025\/06\/Markus-Buescher-CTO-768x990.png 768w, https:\/\/smart-cjm.com\/wp-content\/uploads\/2025\/06\/Markus-Buescher-CTO-1191x1536.png 1191w\" sizes=\"(max-width: 1588px) 100vw, 1588px\" title=\"Markus B\u00fcscher CTO\" alt=\"\" \t\tclass=\"so-widget-image\"\/>\n\t<\/div>\n\n<\/div><\/div><\/div><\/div><div id=\"pgc-5773-7-1\"  class=\"panel-grid-cell\" ><div class=\"company-cell panel-cell-style panel-cell-style-for-5773-7-1\" ><div id=\"panel-5773-7-1-0\" class=\"so-panel widget widget_sow-editor panel-first-child panel-last-child\" data-index=\"10\" ><div\n\t\t\t\n\t\t\tclass=\"so-widget-sow-editor so-widget-sow-editor-base\"\n\t\t\t\n\t\t>\n<div class=\"siteorigin-widget-tinymce textwidget\">\n\t<h4>Marcus B\u00fcscher<br \/>\nGroup CTO<\/h4>\n<p>Directeur du d\u00e9veloppement<\/p>\n<hr \/>\n<p>VITA: Bachelor en technologies de l'information, Westf\u00e4lische Hochschule Bocholt<\/p>\n<ul>\n<li>Plus de 10 ans d'exp\u00e9rience dans le d\u00e9veloppement de solutions pour la gestion du parcours client.<\/li>\n<li>Expert en d\u00e9veloppement logiciel agile avec les normes de qualit\u00e9 les plus \u00e9lev\u00e9es selon la norme ISO 25010.<\/li>\n<\/ul>\n<\/div>\n<\/div><\/div><\/div><\/div><\/div><\/div><div id=\"pg-5773-8\"  class=\"panel-grid panel-has-style\" ><div class=\"list-row panel-row-style panel-row-style-for-5773-8\" ><div id=\"pgc-5773-8-0\"  class=\"panel-grid-cell\" ><div class=\"company-cell panel-cell-style panel-cell-style-for-5773-8-0\" ><div id=\"panel-5773-8-0-0\" class=\"so-panel widget widget_sow-image panel-first-child panel-last-child\" data-index=\"11\" ><div\n\t\t\t\n\t\t\tclass=\"so-widget-sow-image so-widget-sow-image-default-8b5b6f678277-5773\"\n\t\t\t\n\t\t>\n<div class=\"sow-image-container\">\n\t\t<img \n\tsrc=\"https:\/\/smart-cjm.com\/wp-content\/uploads\/2022\/10\/smartcjm-unternehmen-klaus-peter-grave.jpg\" width=\"760\" height=\"650\" srcset=\"https:\/\/smart-cjm.com\/wp-content\/uploads\/2022\/10\/smartcjm-unternehmen-klaus-peter-grave.jpg 760w, https:\/\/smart-cjm.com\/wp-content\/uploads\/2022\/10\/smartcjm-unternehmen-klaus-peter-grave-300x257.jpg 300w, https:\/\/smart-cjm.com\/wp-content\/uploads\/2022\/10\/smartcjm-unternehmen-klaus-peter-grave-150x128.jpg 150w\" sizes=\"(max-width: 760px) 100vw, 760px\" alt=\"\" \t\tclass=\"so-widget-image\"\/>\n\t<\/div>\n\n<\/div><\/div><\/div><\/div><div id=\"pgc-5773-8-1\"  class=\"panel-grid-cell\" ><div class=\"company-cell panel-cell-style panel-cell-style-for-5773-8-1\" ><div id=\"panel-5773-8-1-0\" class=\"so-panel widget widget_sow-editor panel-first-child panel-last-child\" data-index=\"12\" ><div\n\t\t\t\n\t\t\tclass=\"so-widget-sow-editor so-widget-sow-editor-base\"\n\t\t\t\n\t\t>\n<div class=\"siteorigin-widget-tinymce textwidget\">\n\t<h4>Klaus-Peter Grave, Borken<br \/>\nCMO<\/h4>\n<p>Marketing mondial<\/p>\n<hr \/>\n<p>CV : Dipl\u00f4m\u00e9 en sciences commerciales, Universit\u00e9 GHS Essen<\/p>\n<ul>\n<li>Sp\u00e9cialiste en marketing avec une expertise approfondie dans le marketing num\u00e9rique B2B<\/li>\n<li>Directeur Marketing DACH (Allemagne, Autriche et Suisse) ainsi que responsable marketing international pour le secteur de la sant\u00e9 chez Qmatic.<\/li>\n<\/ul>\n<\/div>\n<\/div><\/div><\/div><\/div><\/div><\/div><div id=\"pg-5773-9\"  class=\"panel-grid panel-has-style\" ><div class=\"panel-row-style panel-row-style-for-5773-9\" ><div id=\"pgc-5773-9-0\"  class=\"panel-grid-cell panel-grid-cell-empty\" ><\/div><div id=\"pgc-5773-9-1\"  class=\"panel-grid-cell panel-grid-cell-mobile-last\" ><div id=\"panel-5773-9-1-0\" class=\"so-panel widget widget_sow-editor panel-first-child panel-last-child\" data-index=\"13\" ><div\n\t\t\t\n\t\t\tclass=\"so-widget-sow-editor so-widget-sow-editor-base\"\n\t\t\t\n\t\t>\n<div class=\"siteorigin-widget-tinymce textwidget\">\n\t<h2 style=\"text-align: center;\">VOS EXPERTS<\/h2>\n<\/div>\n<\/div><\/div><\/div><div id=\"pgc-5773-9-2\"  class=\"panel-grid-cell panel-grid-cell-empty\" ><\/div><\/div><\/div><div id=\"pg-5773-10\"  class=\"panel-grid panel-has-style\" ><div class=\"container-1200 team panel-row-style panel-row-style-for-5773-10\" ><div id=\"pgc-5773-10-0\"  class=\"panel-grid-cell\" ><div class=\"company-cell panel-cell-style panel-cell-style-for-5773-10-0\" ><div id=\"panel-5773-10-0-0\" class=\"so-panel widget widget_sow-image panel-first-child\" data-index=\"14\" ><div\n\t\t\t\n\t\t\tclass=\"so-widget-sow-image so-widget-sow-image-default-8b5b6f678277-5773\"\n\t\t\t\n\t\t>\n<div class=\"sow-image-container\">\n\t\t<img \n\tsrc=\"https:\/\/smart-cjm.com\/wp-content\/uploads\/2022\/04\/smartcjm-unternehmen-magdalene-rottstegge.jpg\" width=\"366\" height=\"400\" srcset=\"https:\/\/smart-cjm.com\/wp-content\/uploads\/2022\/04\/smartcjm-unternehmen-magdalene-rottstegge.jpg 366w, https:\/\/smart-cjm.com\/wp-content\/uploads\/2022\/04\/smartcjm-unternehmen-magdalene-rottstegge-275x300.jpg 275w, https:\/\/smart-cjm.com\/wp-content\/uploads\/2022\/04\/smartcjm-unternehmen-magdalene-rottstegge-137x150.jpg 137w\" sizes=\"(max-width: 366px) 100vw, 366px\" alt=\"\" \t\tclass=\"so-widget-image\"\/>\n\t<\/div>\n\n<\/div><\/div><div id=\"panel-5773-10-0-1\" class=\"so-panel widget widget_sow-editor panel-last-child\" data-index=\"15\" ><div\n\t\t\t\n\t\t\tclass=\"so-widget-sow-editor so-widget-sow-editor-base\"\n\t\t\t\n\t\t>\n<div class=\"siteorigin-widget-tinymce textwidget\">\n\t<h6>MAGDALENE ROTTSTEGGE<\/h6>\n<p>D\u00e9veloppement commercial<\/p>\n<\/div>\n<\/div><\/div><\/div><\/div><div id=\"pgc-5773-10-1\"  class=\"panel-grid-cell\" ><div class=\"company-cell panel-cell-style panel-cell-style-for-5773-10-1\" ><div id=\"panel-5773-10-1-0\" class=\"so-panel widget widget_sow-image panel-first-child\" data-index=\"16\" ><div\n\t\t\t\n\t\t\tclass=\"so-widget-sow-image so-widget-sow-image-default-8b5b6f678277-5773\"\n\t\t\t\n\t\t>\n<div class=\"sow-image-container\">\n\t\t<img \n\tsrc=\"https:\/\/smart-cjm.com\/wp-content\/uploads\/2024\/04\/Dennis-1.png\" width=\"352\" height=\"385\" srcset=\"https:\/\/smart-cjm.com\/wp-content\/uploads\/2024\/04\/Dennis-1.png 352w, https:\/\/smart-cjm.com\/wp-content\/uploads\/2024\/04\/Dennis-1-274x300.png 274w, https:\/\/smart-cjm.com\/wp-content\/uploads\/2024\/04\/Dennis-1-137x150.png 137w\" sizes=\"(max-width: 352px) 100vw, 352px\" alt=\"\" \t\tclass=\"so-widget-image\"\/>\n\t<\/div>\n\n<\/div><\/div><div id=\"panel-5773-10-1-1\" class=\"so-panel widget widget_sow-editor panel-last-child\" data-index=\"17\" ><div\n\t\t\t\n\t\t\tclass=\"so-widget-sow-editor so-widget-sow-editor-base\"\n\t\t\t\n\t\t>\n<div class=\"siteorigin-widget-tinymce textwidget\">\n\t<h6>DENNIS IYOOB<\/h6>\n<p>D\u00e9veloppement commercial<\/p>\n<\/div>\n<\/div><\/div><\/div><\/div><div id=\"pgc-5773-10-2\"  class=\"panel-grid-cell panel-grid-cell-mobile-last\" ><div class=\"company-cell panel-cell-style panel-cell-style-for-5773-10-2\" ><div id=\"panel-5773-10-2-0\" class=\"so-panel widget widget_sow-image panel-first-child\" data-index=\"18\" ><div\n\t\t\t\n\t\t\tclass=\"so-widget-sow-image so-widget-sow-image-default-8b5b6f678277-5773\"\n\t\t\t\n\t\t>\n<div class=\"sow-image-container\">\n\t\t<img \n\tsrc=\"https:\/\/smart-cjm.com\/wp-content\/uploads\/2022\/11\/birte-smartcjm.jpg\" width=\"1098\" height=\"1200\" srcset=\"https:\/\/smart-cjm.com\/wp-content\/uploads\/2022\/11\/birte-smartcjm.jpg 1098w, https:\/\/smart-cjm.com\/wp-content\/uploads\/2022\/11\/birte-smartcjm-275x300.jpg 275w, https:\/\/smart-cjm.com\/wp-content\/uploads\/2022\/11\/birte-smartcjm-937x1024.jpg 937w, https:\/\/smart-cjm.com\/wp-content\/uploads\/2022\/11\/birte-smartcjm-137x150.jpg 137w, https:\/\/smart-cjm.com\/wp-content\/uploads\/2022\/11\/birte-smartcjm-768x839.jpg 768w\" sizes=\"(max-width: 1098px) 100vw, 1098px\" alt=\"\" \t\tclass=\"so-widget-image\"\/>\n\t<\/div>\n\n<\/div><\/div><div id=\"panel-5773-10-2-1\" class=\"so-panel widget widget_sow-editor panel-last-child\" data-index=\"19\" ><div\n\t\t\t\n\t\t\tclass=\"so-widget-sow-editor so-widget-sow-editor-base\"\n\t\t\t\n\t\t>\n<div class=\"siteorigin-widget-tinymce textwidget\">\n\t<h6>BIRTE BLUM-DYLKA<\/h6>\n<p>Responsable Marketing<\/p>\n<\/div>\n<\/div><\/div><\/div><\/div><div id=\"pgc-5773-10-3\"  class=\"panel-grid-cell panel-grid-cell-empty\" ><div class=\"company-cell panel-cell-style panel-cell-style-for-5773-10-3\" ><\/div><\/div><\/div><\/div><\/div>","protected":false},"excerpt":{"rendered":"<p>PARCE QUE LE TEMPS EST PR\u00c9CIEUX PARCE QUE LE TEMPS EST PR\u00c9CIEUX<\/p>\n","protected":false},"author":1,"featured_media":0,"parent":0,"menu_order":0,"comment_status":"closed","ping_status":"closed","template":"","meta":{"_acf_changed":false,"footnotes":""},"class_list":["post-5773","page","type-page","status-publish"],"acf":[],"yoast_head":"<!-- This site is optimized with the Yoast SEO Premium plugin v27.0 (Yoast SEO v27.4) - https:\/\/yoast.com\/product\/yoast-seo-premium-wordpress\/ -->\n<title>ENTREPRISE - Smart-CJM<\/title>\n<meta name=\"description\" content=\"Warteschlangenmanagement, Aufrufanlage, Online Terminvereinbarung und Personenleitsystem von Smart CJM - den Customer Journey Management Experten aus Krefeld.\" \/>\n<meta name=\"robots\" content=\"index, follow, max-snippet:-1, max-image-preview:large, max-video-preview:-1\" \/>\n<link rel=\"canonical\" href=\"https:\/\/smart-cjm.com\/fr\/entreprise\/\" \/>\n<meta property=\"og:locale\" content=\"fr_FR\" \/>\n<meta property=\"og:type\" content=\"article\" \/>\n<meta property=\"og:title\" content=\"ENTREPRISE\" \/>\n<meta property=\"og:description\" content=\"PARCE QUE LE TEMPS EST PR\u00c9CIEUX PARCE QUE LE TEMPS EST PR\u00c9CIEUX ENTREPRISE Nous sommes un fournisseur de services complets en gestion du parcours client,\" \/>\n<meta property=\"og:url\" content=\"https:\/\/smart-cjm.com\/fr\/entreprise\/\" \/>\n<meta property=\"og:site_name\" content=\"Smart-CJM\" \/>\n<meta property=\"article:modified_time\" content=\"2026-02-06T08:10:56+00:00\" \/>\n<script type=\"application\/ld+json\" class=\"yoast-schema-graph\">{\"@context\":\"https:\\\/\\\/schema.org\",\"@graph\":[{\"@type\":\"WebPage\",\"@id\":\"https:\\\/\\\/smart-cjm.com\\\/fr\\\/entreprise\\\/\",\"url\":\"https:\\\/\\\/smart-cjm.com\\\/fr\\\/entreprise\\\/\",\"name\":\"ENTREPRISE - Smart-CJM\",\"isPartOf\":{\"@id\":\"https:\\\/\\\/smart-cjm.com\\\/fr\\\/#website\"},\"datePublished\":\"2022-04-21T12:54:44+00:00\",\"dateModified\":\"2026-02-06T08:10:56+00:00\",\"description\":\"Warteschlangenmanagement, Aufrufanlage, Online Terminvereinbarung und Personenleitsystem von Smart CJM - den Customer Journey Management Experten aus Krefeld.\",\"breadcrumb\":{\"@id\":\"https:\\\/\\\/smart-cjm.com\\\/fr\\\/entreprise\\\/#breadcrumb\"},\"inLanguage\":\"fr-FR\",\"potentialAction\":[{\"@type\":\"ReadAction\",\"target\":[\"https:\\\/\\\/smart-cjm.com\\\/fr\\\/entreprise\\\/\"]}]},{\"@type\":\"BreadcrumbList\",\"@id\":\"https:\\\/\\\/smart-cjm.com\\\/fr\\\/entreprise\\\/#breadcrumb\",\"itemListElement\":[{\"@type\":\"ListItem\",\"position\":1,\"name\":\"Startseite\",\"item\":\"https:\\\/\\\/smart-cjm.com\\\/fr\\\/\"},{\"@type\":\"ListItem\",\"position\":2,\"name\":\"ENTREPRISE\"}]},{\"@type\":\"WebSite\",\"@id\":\"https:\\\/\\\/smart-cjm.com\\\/fr\\\/#website\",\"url\":\"https:\\\/\\\/smart-cjm.com\\\/fr\\\/\",\"name\":\"Smart-CJM\",\"description\":\"Warteschlangenmanagement, Aufrufanlage, Online Terminvereinbarung und Personenleitsystem\",\"publisher\":{\"@id\":\"https:\\\/\\\/smart-cjm.com\\\/fr\\\/#organization\"},\"potentialAction\":[{\"@type\":\"SearchAction\",\"target\":{\"@type\":\"EntryPoint\",\"urlTemplate\":\"https:\\\/\\\/smart-cjm.com\\\/fr\\\/?s={search_term_string}\"},\"query-input\":{\"@type\":\"PropertyValueSpecification\",\"valueRequired\":true,\"valueName\":\"search_term_string\"}}],\"inLanguage\":\"fr-FR\"},{\"@type\":\"Organization\",\"@id\":\"https:\\\/\\\/smart-cjm.com\\\/fr\\\/#organization\",\"name\":\"SMART CJM GmbH\",\"url\":\"https:\\\/\\\/smart-cjm.com\\\/fr\\\/\",\"logo\":{\"@type\":\"ImageObject\",\"inLanguage\":\"fr-FR\",\"@id\":\"https:\\\/\\\/smart-cjm.com\\\/fr\\\/#\\\/schema\\\/logo\\\/image\\\/\",\"url\":\"https:\\\/\\\/smart-cjm.com\\\/wp-content\\\/uploads\\\/2021\\\/05\\\/smcj-logo.svg\",\"contentUrl\":\"https:\\\/\\\/smart-cjm.com\\\/wp-content\\\/uploads\\\/2021\\\/05\\\/smcj-logo.svg\",\"width\":290,\"height\":188,\"caption\":\"SMART CJM GmbH\"},\"image\":{\"@id\":\"https:\\\/\\\/smart-cjm.com\\\/fr\\\/#\\\/schema\\\/logo\\\/image\\\/\"}}]}<\/script>\n<!-- \/ Yoast SEO Premium plugin. -->","yoast_head_json":{"title":"ENTREPRISE - Smart-CJM","description":"Warteschlangenmanagement, Aufrufanlage, Online Terminvereinbarung und Personenleitsystem von Smart CJM - den Customer Journey Management Experten aus Krefeld.","robots":{"index":"index","follow":"follow","max-snippet":"max-snippet:-1","max-image-preview":"max-image-preview:large","max-video-preview":"max-video-preview:-1"},"canonical":"https:\/\/smart-cjm.com\/fr\/entreprise\/","og_locale":"fr_FR","og_type":"article","og_title":"ENTREPRISE","og_description":"PARCE QUE LE TEMPS EST PR\u00c9CIEUX PARCE QUE LE TEMPS EST PR\u00c9CIEUX ENTREPRISE Nous sommes un fournisseur de services complets en gestion du parcours client,","og_url":"https:\/\/smart-cjm.com\/fr\/entreprise\/","og_site_name":"Smart-CJM","article_modified_time":"2026-02-06T08:10:56+00:00","schema":{"@context":"https:\/\/schema.org","@graph":[{"@type":"WebPage","@id":"https:\/\/smart-cjm.com\/fr\/entreprise\/","url":"https:\/\/smart-cjm.com\/fr\/entreprise\/","name":"ENTREPRISE - Smart-CJM","isPartOf":{"@id":"https:\/\/smart-cjm.com\/fr\/#website"},"datePublished":"2022-04-21T12:54:44+00:00","dateModified":"2026-02-06T08:10:56+00:00","description":"Warteschlangenmanagement, Aufrufanlage, Online Terminvereinbarung und Personenleitsystem von Smart CJM - den Customer Journey Management Experten aus Krefeld.","breadcrumb":{"@id":"https:\/\/smart-cjm.com\/fr\/entreprise\/#breadcrumb"},"inLanguage":"fr-FR","potentialAction":[{"@type":"ReadAction","target":["https:\/\/smart-cjm.com\/fr\/entreprise\/"]}]},{"@type":"BreadcrumbList","@id":"https:\/\/smart-cjm.com\/fr\/entreprise\/#breadcrumb","itemListElement":[{"@type":"ListItem","position":1,"name":"Startseite","item":"https:\/\/smart-cjm.com\/fr\/"},{"@type":"ListItem","position":2,"name":"ENTREPRISE"}]},{"@type":"WebSite","@id":"https:\/\/smart-cjm.com\/fr\/#website","url":"https:\/\/smart-cjm.com\/fr\/","name":"Smart-CJM","description":"Warteschlangenmanagement, Aufrufanlage, Online Terminvereinbarung und Personenleitsystem","publisher":{"@id":"https:\/\/smart-cjm.com\/fr\/#organization"},"potentialAction":[{"@type":"SearchAction","target":{"@type":"EntryPoint","urlTemplate":"https:\/\/smart-cjm.com\/fr\/?s={search_term_string}"},"query-input":{"@type":"PropertyValueSpecification","valueRequired":true,"valueName":"search_term_string"}}],"inLanguage":"fr-FR"},{"@type":"Organization","@id":"https:\/\/smart-cjm.com\/fr\/#organization","name":"SMART CJM GmbH","url":"https:\/\/smart-cjm.com\/fr\/","logo":{"@type":"ImageObject","inLanguage":"fr-FR","@id":"https:\/\/smart-cjm.com\/fr\/#\/schema\/logo\/image\/","url":"https:\/\/smart-cjm.com\/wp-content\/uploads\/2021\/05\/smcj-logo.svg","contentUrl":"https:\/\/smart-cjm.com\/wp-content\/uploads\/2021\/05\/smcj-logo.svg","width":290,"height":188,"caption":"SMART CJM GmbH"},"image":{"@id":"https:\/\/smart-cjm.com\/fr\/#\/schema\/logo\/image\/"}}]}},"_links":{"self":[{"href":"https:\/\/smart-cjm.com\/fr\/wp-json\/wp\/v2\/pages\/5773","targetHints":{"allow":["GET"]}}],"collection":[{"href":"https:\/\/smart-cjm.com\/fr\/wp-json\/wp\/v2\/pages"}],"about":[{"href":"https:\/\/smart-cjm.com\/fr\/wp-json\/wp\/v2\/types\/page"}],"author":[{"embeddable":true,"href":"https:\/\/smart-cjm.com\/fr\/wp-json\/wp\/v2\/users\/1"}],"replies":[{"embeddable":true,"href":"https:\/\/smart-cjm.com\/fr\/wp-json\/wp\/v2\/comments?post=5773"}],"version-history":[{"count":13,"href":"https:\/\/smart-cjm.com\/fr\/wp-json\/wp\/v2\/pages\/5773\/revisions"}],"predecessor-version":[{"id":6741,"href":"https:\/\/smart-cjm.com\/fr\/wp-json\/wp\/v2\/pages\/5773\/revisions\/6741"}],"wp:attachment":[{"href":"https:\/\/smart-cjm.com\/fr\/wp-json\/wp\/v2\/media?parent=5773"}],"curies":[{"name":"wp","href":"https:\/\/api.w.org\/{rel}","templated":true}]}}