{"id":5761,"date":"2022-04-27T12:08:59","date_gmt":"2022-04-27T10:08:59","guid":{"rendered":"https:\/\/smart-cjm.com\/public-authorities\/selbstbedienungsterminals\/"},"modified":"2024-02-05T09:02:57","modified_gmt":"2024-02-05T08:02:57","slug":"terminaux-en-libre-service","status":"publish","type":"page","link":"https:\/\/smart-cjm.com\/fr\/autorites-publiques\/terminaux-en-libre-service\/","title":{"rendered":"TERMINAUX EN LIBRE-SERVICE"},"content":{"rendered":"<div id=\"pl-5761\"  class=\"panel-layout\" ><div id=\"pg-5761-0\"  class=\"panel-grid panel-has-style\" ><div class=\"image-header-row desktop siteorigin-panels-stretch panel-row-style panel-row-style-for-5761-0\" data-stretch-type=\"full-width-stretch\" ><div id=\"pgc-5761-0-0\"  class=\"panel-grid-cell\" ><div id=\"panel-5761-0-0-0\" class=\"so-panel widget widget_sow-editor panel-first-child panel-last-child\" data-index=\"0\" ><div\n\t\t\t\n\t\t\tclass=\"so-widget-sow-editor so-widget-sow-editor-base\"\n\t\t\t\n\t\t>\n<div class=\"siteorigin-widget-tinymce textwidget\">\n\t<div class=\"header-image-text-wrapper\">\n<h1 style=\"text-align: center;\">SMART CITIZEN EXPERIENCE.<\/h1>\n<h1 style=\"text-align: center;\">TERMINAUX EN LIBRE-SERVICE<\/h1>\n<\/div><\/div>\n<\/div><\/div><\/div><\/div><\/div><div id=\"pg-5761-1\"  class=\"panel-grid panel-has-style\" ><div class=\"image-header-row mobile siteorigin-panels-stretch panel-row-style panel-row-style-for-5761-1\" data-stretch-type=\"full-width-stretch\" ><div id=\"pgc-5761-1-0\"  class=\"panel-grid-cell\" ><div id=\"panel-5761-1-0-0\" class=\"so-panel widget widget_sow-editor panel-first-child panel-last-child\" data-index=\"1\" ><div\n\t\t\t\n\t\t\tclass=\"so-widget-sow-editor so-widget-sow-editor-base\"\n\t\t\t\n\t\t>\n<div class=\"siteorigin-widget-tinymce textwidget\">\n\t<div class=\"header-image-text-wrapper\">\n<h1 style=\"text-align: center;\">SMART CITIZEN EXPERIENCE.<\/h1>\n<h1 style=\"text-align: center;\">TERMINAUX EN LIBRE-SERVICE<\/h1>\n<\/div><\/div>\n<\/div><\/div><\/div><\/div><\/div><div id=\"pg-5761-2\"  class=\"panel-grid panel-has-style\" ><div class=\"container-1200 breadcrumbs-container panel-row-style panel-row-style-for-5761-2\" ><div id=\"pgc-5761-2-0\"  class=\"panel-grid-cell\" >    <div class=\"breadcrumbs\" typeof=\"BreadcrumbList\" vocab=\"https:\/\/schema.org\/\">\r\n        <span property=\"itemListElement\" typeof=\"ListItem\"><a property=\"item\" typeof=\"WebPage\" title=\"Aller \u00e0 Smart-CJM.\" href=\"https:\/\/smart-cjm.com\/fr\/\" class=\"home\" aria-current=\"page\"><span property=\"name\">Smart-CJM<\/span><\/a><meta property=\"position\" content=\"1\"><\/span>    <\/div>\r\n   \r\n <div id=\"panel-5761-2-0-0\" class=\"so-panel widget widget_sow-editor panel-first-child panel-last-child\" data-index=\"2\" ><div\n\t\t\t\n\t\t\tclass=\"so-widget-sow-editor so-widget-sow-editor-base\"\n\t\t\t\n\t\t>\n<div class=\"siteorigin-widget-tinymce textwidget\">\n\t\n<\/div>\n<\/div><\/div><\/div><\/div><\/div><div id=\"pg-5761-3\"  class=\"panel-grid panel-has-style\" ><div class=\"container-1200 public-menu panel-row-style panel-row-style-for-5761-3\" ><div id=\"pgc-5761-3-0\"  class=\"panel-grid-cell\" ><div id=\"panel-5761-3-0-0\" class=\"so-panel widget widget_siteorigin-panels-builder panel-first-child panel-last-child\" data-index=\"3\" ><div class=\"menu-1 panel-widget-style panel-widget-style-for-5761-3-0-0\" ><div id=\"pl-w65bcd73be82a4\"  class=\"panel-layout\" ><div id=\"pg-w65bcd73be82a4-0\"  class=\"panel-grid panel-no-style\" ><div id=\"pgc-w65bcd73be82a4-0-0\"  class=\"panel-grid-cell\" ><div id=\"panel-w65bcd73be82a4-0-0-0\" class=\"so-panel widget widget_sow-editor panel-first-child\" data-index=\"0\" ><div class=\"public-menu-header panel-widget-style panel-widget-style-for-w65bcd73be82a4-0-0-0\" ><div\n\t\t\t\n\t\t\tclass=\"so-widget-sow-editor so-widget-sow-editor-base\"\n\t\t\t\n\t\t>\n<div class=\"siteorigin-widget-tinymce textwidget\">\n\t<h6>CLIENTS<\/h6>\n<\/div>\n<\/div><\/div><\/div><div id=\"panel-w65bcd73be82a4-0-0-1\" class=\"so-panel widget widget_nav_menu panel-last-child\" data-index=\"1\" ><div class=\"public-menu-menu panel-widget-style panel-widget-style-for-w65bcd73be82a4-0-0-1\" ><div class=\"menu-public_customers-fr-container\"><ul id=\"menu-public_customers-fr\" class=\"menu\"><li id=\"menu-item-5824\" class=\"menu-item menu-item-type-post_type menu-item-object-page menu-item-5824\"><a href=\"https:\/\/smart-cjm.com\/fr\/autorites-publiques\/prise-de-rendez-vous-en-ligne\/\">PRISE DE RENDEZ-VOUS EN LIGNE<\/a><\/li>\n<li id=\"menu-item-5825\" class=\"menu-item menu-item-type-post_type menu-item-object-page menu-item-5825\"><a href=\"https:\/\/smart-cjm.com\/fr\/autorites-publiques\/terminaux-en-libre-service\/\">TERMINAUX EN LIBRE-SERVICE<\/a><\/li>\n<li id=\"menu-item-5826\" class=\"menu-item menu-item-type-post_type menu-item-object-page menu-item-5826\"><a href=\"https:\/\/smart-cjm.com\/fr\/autorites-publiques\/ticket-en-direct\/\">TICKET EN DIRECT<\/a><\/li>\n<li id=\"menu-item-5827\" class=\"menu-item menu-item-type-post_type menu-item-object-page menu-item-5827\"><a href=\"https:\/\/smart-cjm.com\/fr\/autorites-publiques\/informations-mobile\/\">INFORMATIONS MOBILE<\/a><\/li>\n<\/ul><\/div><\/div><\/div><\/div><\/div><\/div><\/div><\/div><\/div><div id=\"pgc-5761-3-1\"  class=\"panel-grid-cell\" ><div id=\"panel-5761-3-1-0\" class=\"so-panel widget widget_siteorigin-panels-builder panel-first-child panel-last-child\" data-index=\"4\" ><div class=\"menu-2 panel-widget-style panel-widget-style-for-5761-3-1-0\" ><div id=\"pl-w65bcd792c8d8e\"  class=\"panel-layout\" ><div id=\"pg-w65bcd792c8d8e-0\"  class=\"panel-grid panel-no-style\" ><div id=\"pgc-w65bcd792c8d8e-0-0\"  class=\"panel-grid-cell\" ><div id=\"panel-w65bcd792c8d8e-0-0-0\" class=\"so-panel widget widget_sow-editor panel-first-child\" data-index=\"0\" ><div class=\"public-menu-header panel-widget-style panel-widget-style-for-w65bcd792c8d8e-0-0-0\" ><div\n\t\t\t\n\t\t\tclass=\"so-widget-sow-editor so-widget-sow-editor-base\"\n\t\t\t\n\t\t>\n<div class=\"siteorigin-widget-tinymce textwidget\">\n\t<h6>EMPLOY\u00c9S<\/h6>\n<\/div>\n<\/div><\/div><\/div><div id=\"panel-w65bcd792c8d8e-0-0-1\" class=\"so-panel widget widget_nav_menu panel-last-child\" data-index=\"1\" ><div class=\"public-menu-menu panel-widget-style panel-widget-style-for-w65bcd792c8d8e-0-0-1\" ><div class=\"menu-public_team-fr-container\"><ul id=\"menu-public_team-fr\" class=\"menu\"><li id=\"menu-item-5828\" class=\"menu-item menu-item-type-post_type menu-item-object-page menu-item-5828\"><a href=\"https:\/\/smart-cjm.com\/fr\/autorites-publiques\/reception\/\">RECEPTION<\/a><\/li>\n<li id=\"menu-item-5829\" class=\"menu-item menu-item-type-post_type menu-item-object-page menu-item-5829\"><a href=\"https:\/\/smart-cjm.com\/fr\/autorites-publiques\/centre-dappel\/\">CENTRE D&rsquo;APPEL<\/a><\/li>\n<li id=\"menu-item-5830\" class=\"menu-item menu-item-type-post_type menu-item-object-page menu-item-5830\"><a href=\"https:\/\/smart-cjm.com\/fr\/autorites-publiques\/bureau-dappel\/\">BUREAU D&rsquo;APPEL<\/a><\/li>\n<\/ul><\/div><\/div><\/div><\/div><\/div><\/div><\/div><\/div><\/div><div id=\"pgc-5761-3-2\"  class=\"panel-grid-cell\" ><div id=\"panel-5761-3-2-0\" class=\"so-panel widget widget_siteorigin-panels-builder panel-first-child panel-last-child\" data-index=\"5\" ><div class=\"menu-3 panel-widget-style panel-widget-style-for-5761-3-2-0\" ><div id=\"pl-w65bcd792ca9b5\"  class=\"panel-layout\" ><div id=\"pg-w65bcd792ca9b5-0\"  class=\"panel-grid panel-no-style\" ><div id=\"pgc-w65bcd792ca9b5-0-0\"  class=\"panel-grid-cell\" ><div id=\"panel-w65bcd792ca9b5-0-0-0\" class=\"so-panel widget widget_sow-editor panel-first-child\" data-index=\"0\" ><div class=\"public-menu-header panel-widget-style panel-widget-style-for-w65bcd792ca9b5-0-0-0\" ><div\n\t\t\t\n\t\t\tclass=\"so-widget-sow-editor so-widget-sow-editor-base\"\n\t\t\t\n\t\t>\n<div class=\"siteorigin-widget-tinymce textwidget\">\n\t<h6>GESTION<\/h6>\n<\/div>\n<\/div><\/div><\/div><div id=\"panel-w65bcd792ca9b5-0-0-1\" class=\"so-panel widget widget_nav_menu panel-last-child\" data-index=\"1\" ><div class=\"public-menu-menu panel-widget-style panel-widget-style-for-w65bcd792ca9b5-0-0-1\" ><div class=\"menu-public_management-fr-container\"><ul id=\"menu-public_management-fr\" class=\"menu\"><li id=\"menu-item-5831\" class=\"menu-item menu-item-type-post_type menu-item-object-page menu-item-5831\"><a href=\"https:\/\/smart-cjm.com\/fr\/autorites-publiques\/tableau-de-bord-et-operations\/\">TABLEAU DE BORD ET OPERATIONS<\/a><\/li>\n<li id=\"menu-item-5832\" class=\"menu-item menu-item-type-post_type menu-item-object-page menu-item-5832\"><a href=\"https:\/\/smart-cjm.com\/fr\/autorites-publiques\/rapports\/\">RAPPORTS<\/a><\/li>\n<li id=\"menu-item-5833\" class=\"menu-item menu-item-type-post_type menu-item-object-page menu-item-5833\"><a href=\"https:\/\/smart-cjm.com\/fr\/autorites-publiques\/analyse-de-donnees\/\">ANALYSE DE DONNEES<\/a><\/li>\n<li id=\"menu-item-5834\" class=\"menu-item menu-item-type-post_type menu-item-object-page menu-item-5834\"><a href=\"https:\/\/smart-cjm.com\/fr\/autorites-publiques\/administration\/\">ADMINISTRATION<\/a><\/li>\n<\/ul><\/div><\/div><\/div><\/div><\/div><\/div><\/div><\/div><\/div><\/div><\/div><div id=\"pg-5761-4\"  class=\"panel-grid panel-has-style\" ><div class=\"intro container-1024 panel-row-style panel-row-style-for-5761-4\" ><div id=\"pgc-5761-4-0\"  class=\"panel-grid-cell\" ><div id=\"panel-5761-4-0-0\" class=\"so-panel widget widget_sow-editor panel-first-child panel-last-child\" data-index=\"6\" ><div\n\t\t\t\n\t\t\tclass=\"so-widget-sow-editor so-widget-sow-editor-base\"\n\t\t\t\n\t\t>\n<div class=\"siteorigin-widget-tinymce textwidget\">\n\t<h2 style=\"text-align: center;\">TERMINAUX EN LIBRE-SERVICE<\/h2>\n<h4 style=\"text-align: center;\">VOS CLIENTS PEUVENT R\u00c9SERVER EUX-M\u00caMES LES SERVICES S\u00c9LECTIONN\u00c9S OU S'INSCRIRE POUR LE RENDEZ-VOUS R\u00c9SERV\u00c9.<\/h4>\n<p style=\"text-align: center;\">Nos bornes libre-service offrent \u00e0 vos clients la possibilit\u00e9 de s'inscrire rapidement et facilement avec un ticket d'attente int\u00e9gr\u00e9 imprim\u00e9 ou sur leur smartphone.<\/p>\n<p style=\"text-align: center;\">En choisissant eux-m\u00eames un ticket d'attente ou en s'inscrivant pour un rendez-vous, les visiteurs r\u00e9duisent la charge de travail de vos employ\u00e9s, ce qui vous permet de les affecter \u00e0 d'autres t\u00e2ches.<\/p>\n<p style=\"text-align: center;\">Il est \u00e9galement possible de collecter des informations initiales gr\u00e2ce \u00e0 des processus de travail guid\u00e9s, des requ\u00eates de donn\u00e9es ou des formulaires \u00e0 remplir. Les services facturables peuvent \u00eatre pay\u00e9s par le visiteur et les documents peuvent \u00eatre num\u00e9ris\u00e9s.<\/p>\n<\/div>\n<\/div><\/div><\/div><\/div><\/div><div id=\"pg-5761-5\"  class=\"panel-grid panel-has-style\" ><div class=\"panel-row-style panel-row-style-for-5761-5\" ><div id=\"pgc-5761-5-0\"  class=\"panel-grid-cell\" ><div id=\"panel-5761-5-0-0\" class=\"so-panel widget widget_siteorigin-panels-builder panel-first-child panel-last-child\" data-index=\"7\" ><div id=\"pl-w65bcdb9dc8059\"  class=\"panel-layout\" ><div id=\"pg-w65bcdb9dc8059-0\"  class=\"panel-grid panel-has-style\" ><div class=\"container-1024 panel-row-style panel-row-style-for-w65bcdb9dc8059-0\" ><div id=\"pgc-w65bcdb9dc8059-0-0\"  class=\"panel-grid-cell\" ><div id=\"panel-w65bcdb9dc8059-0-0-0\" class=\"so-panel widget widget_sow-editor panel-first-child panel-last-child\" data-index=\"0\" ><div class=\"list-cell panel-widget-style panel-widget-style-for-w65bcdb9dc8059-0-0-0\" ><div\n\t\t\t\n\t\t\tclass=\"so-widget-sow-editor so-widget-sow-editor-base\"\n\t\t\t\n\t\t>\n<div class=\"siteorigin-widget-tinymce textwidget\">\n\t<h2 style=\"text-align: center;\">LES AVANTAGES EN UN CLIN D'OEIL<\/h2>\n<\/div>\n<\/div><\/div><\/div><\/div><\/div><\/div><div id=\"pg-w65bcdb9dc8059-1\"  class=\"panel-grid panel-has-style\" ><div class=\"highlight-cell flex highlight-image-row left panel-row-style panel-row-style-for-w65bcdb9dc8059-1\" ><div id=\"pgc-w65bcdb9dc8059-1-0\"  class=\"panel-grid-cell\" ><div id=\"panel-w65bcdb9dc8059-1-0-0\" class=\"so-panel widget widget_siteorigin-panels-builder panel-first-child panel-last-child\" data-index=\"1\" ><div id=\"image-container\" class=\"panel-widget-style panel-widget-style-for-w65bcdb9dc8059-1-0-0\" ><div id=\"pl-w627a44f3e9dd0\"  class=\"panel-layout\" ><div id=\"pg-w627a44f3e9dd0-0\"  class=\"panel-grid panel-no-style\" ><div id=\"pgc-w627a44f3e9dd0-0-0\"  class=\"panel-grid-cell\" ><div id=\"panel-w627a44f3e9dd0-0-0-0\" class=\"so-panel widget widget_sow-image panel-first-child panel-last-child\" data-index=\"0\" ><div class=\"sow-terminal panel-widget-style panel-widget-style-for-w627a44f3e9dd0-0-0-0\" ><div\n\t\t\t\n\t\t\tclass=\"so-widget-sow-image so-widget-sow-image-default-8b5b6f678277\"\n\t\t\t\n\t\t>\n<div class=\"sow-image-container\">\n\t\t<img \n\tsrc=\"https:\/\/smart-cjm.com\/wp-content\/uploads\/2022\/04\/smartcjm-modulunterseiten-stele.png\" width=\"408\" height=\"1281\" srcset=\"https:\/\/smart-cjm.com\/wp-content\/uploads\/2022\/04\/smartcjm-modulunterseiten-stele.png 408w, https:\/\/smart-cjm.com\/wp-content\/uploads\/2022\/04\/smartcjm-modulunterseiten-stele-96x300.png 96w, https:\/\/smart-cjm.com\/wp-content\/uploads\/2022\/04\/smartcjm-modulunterseiten-stele-326x1024.png 326w, https:\/\/smart-cjm.com\/wp-content\/uploads\/2022\/04\/smartcjm-modulunterseiten-stele-48x150.png 48w\" sizes=\"(max-width: 408px) 100vw, 408px\" alt=\"\" \t\tclass=\"so-widget-image\"\/>\n\t<\/div>\n\n<\/div><\/div><\/div><\/div><\/div><\/div><\/div><\/div><\/div><div id=\"pgc-w65bcdb9dc8059-1-1\"  class=\"panel-grid-cell\" ><div id=\"panel-w65bcdb9dc8059-1-1-0\" class=\"so-panel widget widget_sow-editor panel-first-child\" data-index=\"2\" ><div class=\"list-cell panel-widget-style panel-widget-style-for-w65bcdb9dc8059-1-1-0\" ><div\n\t\t\t\n\t\t\tclass=\"so-widget-sow-editor so-widget-sow-editor-base\"\n\t\t\t\n\t\t>\n<div class=\"siteorigin-widget-tinymce textwidget\">\n\t<p>Terminal permettant aux visiteurs spontan\u00e9s de prendre un ticket, de r\u00e9server des rendez-vous quotidiens ou de s'enregistrer pour un rendez-vous.<\/p>\n<\/div>\n<\/div><\/div><\/div><div id=\"panel-w65bcdb9dc8059-1-1-1\" class=\"so-panel widget widget_sow-editor\" data-index=\"3\" ><div class=\"list-cell panel-widget-style panel-widget-style-for-w65bcdb9dc8059-1-1-1\" ><div\n\t\t\t\n\t\t\tclass=\"so-widget-sow-editor so-widget-sow-editor-base\"\n\t\t\t\n\t\t>\n<div class=\"siteorigin-widget-tinymce textwidget\">\n\t<p>\u00c9cran tactile librement configurable (\u00e9l\u00e9ments graphiques, ligne de texte d\u00e9filante, etc.)<\/p>\n<\/div>\n<\/div><\/div><\/div><div id=\"panel-w65bcdb9dc8059-1-1-2\" class=\"so-panel widget widget_sow-editor\" data-index=\"4\" ><div class=\"list-cell panel-widget-style panel-widget-style-for-w65bcdb9dc8059-1-1-2\" ><div\n\t\t\t\n\t\t\tclass=\"so-widget-sow-editor so-widget-sow-editor-base\"\n\t\t\t\n\t\t>\n<div class=\"siteorigin-widget-tinymce textwidget\">\n\t<p>Les heures d'ouverture sont configurables.<\/p>\n<\/div>\n<\/div><\/div><\/div><div id=\"panel-w65bcdb9dc8059-1-1-3\" class=\"so-panel widget widget_sow-editor\" data-index=\"5\" ><div class=\"list-cell panel-widget-style panel-widget-style-for-w65bcdb9dc8059-1-1-3\" ><div\n\t\t\t\n\t\t\tclass=\"so-widget-sow-editor so-widget-sow-editor-base\"\n\t\t\t\n\t\t>\n<div class=\"siteorigin-widget-tinymce textwidget\">\n\t<p>Le verrouillage manuel de la borne est possible.<\/p>\n<\/div>\n<\/div><\/div><\/div><div id=\"panel-w65bcdb9dc8059-1-1-4\" class=\"so-panel widget widget_sow-editor\" data-index=\"6\" ><div class=\"list-cell panel-widget-style panel-widget-style-for-w65bcdb9dc8059-1-1-4\" ><div\n\t\t\t\n\t\t\tclass=\"so-widget-sow-editor so-widget-sow-editor-base\"\n\t\t\t\n\t\t>\n<div class=\"siteorigin-widget-tinymce textwidget\">\n\t<p>Possibilit\u00e9 d'ajouter un nombre illimit\u00e9 de langues au syst\u00e8me.<\/p>\n<\/div>\n<\/div><\/div><\/div><div id=\"panel-w65bcdb9dc8059-1-1-5\" class=\"so-panel widget widget_sow-editor panel-last-child\" data-index=\"7\" ><div class=\"list-cell panel-widget-style panel-widget-style-for-w65bcdb9dc8059-1-1-5\" ><div\n\t\t\t\n\t\t\tclass=\"so-widget-sow-editor so-widget-sow-editor-base\"\n\t\t\t\n\t\t>\n<div class=\"siteorigin-widget-tinymce textwidget\">\n\t<p>Accessible aux personnes \u00e0 mobilit\u00e9 r\u00e9duite.<\/p>\n<\/div>\n<\/div><\/div><\/div><\/div><\/div><\/div><div id=\"pg-w65bcdb9dc8059-2\"  class=\"panel-grid panel-has-style\" ><div class=\"highlight-cell flex panel-row-style panel-row-style-for-w65bcdb9dc8059-2\" ><div id=\"pgc-w65bcdb9dc8059-2-0\"  class=\"panel-grid-cell\" ><div id=\"panel-w65bcdb9dc8059-2-0-0\" class=\"so-panel widget widget_sow-editor panel-first-child\" data-index=\"8\" ><div class=\"list-cell panel-widget-style panel-widget-style-for-w65bcdb9dc8059-2-0-0\" ><div\n\t\t\t\n\t\t\tclass=\"so-widget-sow-editor so-widget-sow-editor-base\"\n\t\t\t\n\t\t>\n<div class=\"siteorigin-widget-tinymce textwidget\">\n\t<p>Lecteur de QR-Code pour les enregistrements de rendez-vous.<\/p>\n<\/div>\n<\/div><\/div><\/div><div id=\"panel-w65bcdb9dc8059-2-0-1\" class=\"so-panel widget widget_sow-editor panel-last-child\" data-index=\"9\" ><div class=\"list-cell panel-widget-style panel-widget-style-for-w65bcdb9dc8059-2-0-1\" ><div\n\t\t\t\n\t\t\tclass=\"so-widget-sow-editor so-widget-sow-editor-base\"\n\t\t\t\n\t\t>\n<div class=\"siteorigin-widget-tinymce textwidget\">\n\t<p>Terminal de paiement par carte de cr\u00e9dit.<\/p>\n<\/div>\n<\/div><\/div><\/div><\/div><\/div><\/div><\/div><\/div><\/div><\/div><\/div><\/div>","protected":false},"excerpt":{"rendered":"<p>SMART CITIZEN EXPERIENCE. TERMINAUX EN LIBRE-SERVICE SMART CITIZEN EXPERIENCE. TERMINAUX EN LIBRE-SERVICE<\/p>\n","protected":false},"author":1,"featured_media":0,"parent":5727,"menu_order":0,"comment_status":"closed","ping_status":"closed","template":"","meta":{"_acf_changed":false,"footnotes":""},"class_list":["post-5761","page","type-page","status-publish"],"acf":[],"yoast_head":"<!-- This site is optimized with the Yoast SEO Premium plugin v27.0 (Yoast SEO v27.4) - https:\/\/yoast.com\/product\/yoast-seo-premium-wordpress\/ -->\n<title>TERMINAUX EN LIBRE-SERVICE - Smart-CJM<\/title>\n<meta name=\"description\" content=\"Warteschlangenmanagement, Aufrufanlage, Online Terminvereinbarung und Personenleitsystem von Smart CJM - den Customer Journey Management Experten aus Krefeld.\" \/>\n<meta name=\"robots\" content=\"index, follow, max-snippet:-1, max-image-preview:large, max-video-preview:-1\" \/>\n<link rel=\"canonical\" href=\"https:\/\/smart-cjm.com\/fr\/autorites-publiques\/terminaux-en-libre-service\/\" \/>\n<meta property=\"og:locale\" content=\"fr_FR\" \/>\n<meta property=\"og:type\" content=\"article\" \/>\n<meta property=\"og:title\" content=\"TERMINAUX EN LIBRE-SERVICE\" \/>\n<meta property=\"og:description\" content=\"SMART CITIZEN EXPERIENCE. TERMINAUX EN LIBRE-SERVICE SMART CITIZEN EXPERIENCE. TERMINAUX EN LIBRE-SERVICE CLIENTS EMPLOY\u00c9S GESTION TERMINAUX EN\" \/>\n<meta property=\"og:url\" content=\"https:\/\/smart-cjm.com\/fr\/autorites-publiques\/terminaux-en-libre-service\/\" \/>\n<meta property=\"og:site_name\" content=\"Smart-CJM\" \/>\n<meta property=\"article:modified_time\" content=\"2024-02-05T08:02:57+00:00\" \/>\n<script type=\"application\/ld+json\" class=\"yoast-schema-graph\">{\"@context\":\"https:\\\/\\\/schema.org\",\"@graph\":[{\"@type\":\"WebPage\",\"@id\":\"https:\\\/\\\/smart-cjm.com\\\/fr\\\/autorites-publiques\\\/terminaux-en-libre-service\\\/\",\"url\":\"https:\\\/\\\/smart-cjm.com\\\/fr\\\/autorites-publiques\\\/terminaux-en-libre-service\\\/\",\"name\":\"TERMINAUX EN LIBRE-SERVICE - Smart-CJM\",\"isPartOf\":{\"@id\":\"https:\\\/\\\/smart-cjm.com\\\/fr\\\/#website\"},\"datePublished\":\"2022-04-27T10:08:59+00:00\",\"dateModified\":\"2024-02-05T08:02:57+00:00\",\"description\":\"Warteschlangenmanagement, Aufrufanlage, Online Terminvereinbarung und Personenleitsystem von Smart CJM - den Customer Journey Management Experten aus Krefeld.\",\"breadcrumb\":{\"@id\":\"https:\\\/\\\/smart-cjm.com\\\/fr\\\/autorites-publiques\\\/terminaux-en-libre-service\\\/#breadcrumb\"},\"inLanguage\":\"fr-FR\",\"potentialAction\":[{\"@type\":\"ReadAction\",\"target\":[\"https:\\\/\\\/smart-cjm.com\\\/fr\\\/autorites-publiques\\\/terminaux-en-libre-service\\\/\"]}]},{\"@type\":\"BreadcrumbList\",\"@id\":\"https:\\\/\\\/smart-cjm.com\\\/fr\\\/autorites-publiques\\\/terminaux-en-libre-service\\\/#breadcrumb\",\"itemListElement\":[{\"@type\":\"ListItem\",\"position\":1,\"name\":\"Startseite\",\"item\":\"https:\\\/\\\/smart-cjm.com\\\/fr\\\/\"},{\"@type\":\"ListItem\",\"position\":2,\"name\":\"AUTORITES PUBLIQUES\",\"item\":\"https:\\\/\\\/smart-cjm.com\\\/fr\\\/autorites-publiques\\\/\"},{\"@type\":\"ListItem\",\"position\":3,\"name\":\"TERMINAUX EN LIBRE-SERVICE\"}]},{\"@type\":\"WebSite\",\"@id\":\"https:\\\/\\\/smart-cjm.com\\\/fr\\\/#website\",\"url\":\"https:\\\/\\\/smart-cjm.com\\\/fr\\\/\",\"name\":\"Smart-CJM\",\"description\":\"Warteschlangenmanagement, Aufrufanlage, Online Terminvereinbarung und Personenleitsystem\",\"publisher\":{\"@id\":\"https:\\\/\\\/smart-cjm.com\\\/fr\\\/#organization\"},\"potentialAction\":[{\"@type\":\"SearchAction\",\"target\":{\"@type\":\"EntryPoint\",\"urlTemplate\":\"https:\\\/\\\/smart-cjm.com\\\/fr\\\/?s={search_term_string}\"},\"query-input\":{\"@type\":\"PropertyValueSpecification\",\"valueRequired\":true,\"valueName\":\"search_term_string\"}}],\"inLanguage\":\"fr-FR\"},{\"@type\":\"Organization\",\"@id\":\"https:\\\/\\\/smart-cjm.com\\\/fr\\\/#organization\",\"name\":\"SMART CJM GmbH\",\"url\":\"https:\\\/\\\/smart-cjm.com\\\/fr\\\/\",\"logo\":{\"@type\":\"ImageObject\",\"inLanguage\":\"fr-FR\",\"@id\":\"https:\\\/\\\/smart-cjm.com\\\/fr\\\/#\\\/schema\\\/logo\\\/image\\\/\",\"url\":\"https:\\\/\\\/smart-cjm.com\\\/wp-content\\\/uploads\\\/2021\\\/05\\\/smcj-logo.svg\",\"contentUrl\":\"https:\\\/\\\/smart-cjm.com\\\/wp-content\\\/uploads\\\/2021\\\/05\\\/smcj-logo.svg\",\"width\":290,\"height\":188,\"caption\":\"SMART CJM GmbH\"},\"image\":{\"@id\":\"https:\\\/\\\/smart-cjm.com\\\/fr\\\/#\\\/schema\\\/logo\\\/image\\\/\"}}]}<\/script>\n<!-- \/ Yoast SEO Premium plugin. -->","yoast_head_json":{"title":"TERMINAUX EN LIBRE-SERVICE - Smart-CJM","description":"Warteschlangenmanagement, Aufrufanlage, Online Terminvereinbarung und Personenleitsystem von Smart CJM - den Customer Journey Management Experten aus Krefeld.","robots":{"index":"index","follow":"follow","max-snippet":"max-snippet:-1","max-image-preview":"max-image-preview:large","max-video-preview":"max-video-preview:-1"},"canonical":"https:\/\/smart-cjm.com\/fr\/autorites-publiques\/terminaux-en-libre-service\/","og_locale":"fr_FR","og_type":"article","og_title":"TERMINAUX EN LIBRE-SERVICE","og_description":"SMART CITIZEN EXPERIENCE. TERMINAUX EN LIBRE-SERVICE SMART CITIZEN EXPERIENCE. TERMINAUX EN LIBRE-SERVICE CLIENTS EMPLOY\u00c9S GESTION TERMINAUX EN","og_url":"https:\/\/smart-cjm.com\/fr\/autorites-publiques\/terminaux-en-libre-service\/","og_site_name":"Smart-CJM","article_modified_time":"2024-02-05T08:02:57+00:00","schema":{"@context":"https:\/\/schema.org","@graph":[{"@type":"WebPage","@id":"https:\/\/smart-cjm.com\/fr\/autorites-publiques\/terminaux-en-libre-service\/","url":"https:\/\/smart-cjm.com\/fr\/autorites-publiques\/terminaux-en-libre-service\/","name":"TERMINAUX EN LIBRE-SERVICE - Smart-CJM","isPartOf":{"@id":"https:\/\/smart-cjm.com\/fr\/#website"},"datePublished":"2022-04-27T10:08:59+00:00","dateModified":"2024-02-05T08:02:57+00:00","description":"Warteschlangenmanagement, Aufrufanlage, Online Terminvereinbarung und Personenleitsystem von Smart CJM - den Customer Journey Management Experten aus Krefeld.","breadcrumb":{"@id":"https:\/\/smart-cjm.com\/fr\/autorites-publiques\/terminaux-en-libre-service\/#breadcrumb"},"inLanguage":"fr-FR","potentialAction":[{"@type":"ReadAction","target":["https:\/\/smart-cjm.com\/fr\/autorites-publiques\/terminaux-en-libre-service\/"]}]},{"@type":"BreadcrumbList","@id":"https:\/\/smart-cjm.com\/fr\/autorites-publiques\/terminaux-en-libre-service\/#breadcrumb","itemListElement":[{"@type":"ListItem","position":1,"name":"Startseite","item":"https:\/\/smart-cjm.com\/fr\/"},{"@type":"ListItem","position":2,"name":"AUTORITES PUBLIQUES","item":"https:\/\/smart-cjm.com\/fr\/autorites-publiques\/"},{"@type":"ListItem","position":3,"name":"TERMINAUX EN LIBRE-SERVICE"}]},{"@type":"WebSite","@id":"https:\/\/smart-cjm.com\/fr\/#website","url":"https:\/\/smart-cjm.com\/fr\/","name":"Smart-CJM","description":"Warteschlangenmanagement, Aufrufanlage, Online Terminvereinbarung und Personenleitsystem","publisher":{"@id":"https:\/\/smart-cjm.com\/fr\/#organization"},"potentialAction":[{"@type":"SearchAction","target":{"@type":"EntryPoint","urlTemplate":"https:\/\/smart-cjm.com\/fr\/?s={search_term_string}"},"query-input":{"@type":"PropertyValueSpecification","valueRequired":true,"valueName":"search_term_string"}}],"inLanguage":"fr-FR"},{"@type":"Organization","@id":"https:\/\/smart-cjm.com\/fr\/#organization","name":"SMART CJM GmbH","url":"https:\/\/smart-cjm.com\/fr\/","logo":{"@type":"ImageObject","inLanguage":"fr-FR","@id":"https:\/\/smart-cjm.com\/fr\/#\/schema\/logo\/image\/","url":"https:\/\/smart-cjm.com\/wp-content\/uploads\/2021\/05\/smcj-logo.svg","contentUrl":"https:\/\/smart-cjm.com\/wp-content\/uploads\/2021\/05\/smcj-logo.svg","width":290,"height":188,"caption":"SMART CJM GmbH"},"image":{"@id":"https:\/\/smart-cjm.com\/fr\/#\/schema\/logo\/image\/"}}]}},"_links":{"self":[{"href":"https:\/\/smart-cjm.com\/fr\/wp-json\/wp\/v2\/pages\/5761","targetHints":{"allow":["GET"]}}],"collection":[{"href":"https:\/\/smart-cjm.com\/fr\/wp-json\/wp\/v2\/pages"}],"about":[{"href":"https:\/\/smart-cjm.com\/fr\/wp-json\/wp\/v2\/types\/page"}],"author":[{"embeddable":true,"href":"https:\/\/smart-cjm.com\/fr\/wp-json\/wp\/v2\/users\/1"}],"replies":[{"embeddable":true,"href":"https:\/\/smart-cjm.com\/fr\/wp-json\/wp\/v2\/comments?post=5761"}],"version-history":[{"count":8,"href":"https:\/\/smart-cjm.com\/fr\/wp-json\/wp\/v2\/pages\/5761\/revisions"}],"predecessor-version":[{"id":5925,"href":"https:\/\/smart-cjm.com\/fr\/wp-json\/wp\/v2\/pages\/5761\/revisions\/5925"}],"up":[{"embeddable":true,"href":"https:\/\/smart-cjm.com\/fr\/wp-json\/wp\/v2\/pages\/5727"}],"wp:attachment":[{"href":"https:\/\/smart-cjm.com\/fr\/wp-json\/wp\/v2\/media?parent=5761"}],"curies":[{"name":"wp","href":"https:\/\/api.w.org\/{rel}","templated":true}]}}