{"id":5749,"date":"2022-04-27T12:40:39","date_gmt":"2022-04-27T10:40:39","guid":{"rendered":"https:\/\/smart-cjm.com\/public-authorities\/mobile-info\/"},"modified":"2024-02-05T08:56:50","modified_gmt":"2024-02-05T07:56:50","slug":"informations-mobile","status":"publish","type":"page","link":"https:\/\/smart-cjm.com\/fr\/autorites-publiques\/informations-mobile\/","title":{"rendered":"INFORMATIONS MOBILE"},"content":{"rendered":"<div id=\"pl-5749\"  class=\"panel-layout\" ><div id=\"pg-5749-0\"  class=\"panel-grid panel-has-style\" ><div class=\"image-header-row desktop siteorigin-panels-stretch panel-row-style panel-row-style-for-5749-0\" data-stretch-type=\"full-width-stretch\" ><div id=\"pgc-5749-0-0\"  class=\"panel-grid-cell\" ><div id=\"panel-5749-0-0-0\" class=\"so-panel widget widget_sow-editor panel-first-child panel-last-child\" data-index=\"0\" ><div\n\t\t\t\n\t\t\tclass=\"so-widget-sow-editor so-widget-sow-editor-base\"\n\t\t\t\n\t\t>\n<div class=\"siteorigin-widget-tinymce textwidget\">\n\t<div class=\"header-image-text-wrapper\">\n<h1 style=\"text-align: center;\">SMART CITIZEN EXPERIENCE.<\/h1>\n<h1 style=\"text-align: center;\">INFORMATIONS MOBILE.<\/h1>\n<\/div><\/div>\n<\/div><\/div><\/div><\/div><\/div><div id=\"pg-5749-1\"  class=\"panel-grid panel-has-style\" ><div class=\"image-header-row mobile siteorigin-panels-stretch panel-row-style panel-row-style-for-5749-1\" data-stretch-type=\"full-width-stretch\" ><div id=\"pgc-5749-1-0\"  class=\"panel-grid-cell\" ><div id=\"panel-5749-1-0-0\" class=\"so-panel widget widget_sow-editor panel-first-child panel-last-child\" data-index=\"1\" ><div\n\t\t\t\n\t\t\tclass=\"so-widget-sow-editor so-widget-sow-editor-base\"\n\t\t\t\n\t\t>\n<div class=\"siteorigin-widget-tinymce textwidget\">\n\t<div class=\"header-image-text-wrapper\">\n<h1 style=\"text-align: center;\">SMART CITIZEN EXPERIENCE.<\/h1>\n<h1 style=\"text-align: center;\">INFORMATIONS MOBILE.<\/h1>\n<\/div><\/div>\n<\/div><\/div><\/div><\/div><\/div><div id=\"pg-5749-2\"  class=\"panel-grid panel-has-style\" ><div class=\"container-1200 breadcrumbs-container panel-row-style panel-row-style-for-5749-2\" ><div id=\"pgc-5749-2-0\"  class=\"panel-grid-cell\" >    <div class=\"breadcrumbs\" typeof=\"BreadcrumbList\" vocab=\"https:\/\/schema.org\/\">\r\n        <span property=\"itemListElement\" typeof=\"ListItem\"><a property=\"item\" typeof=\"WebPage\" title=\"Aller \u00e0 Smart-CJM.\" href=\"https:\/\/smart-cjm.com\/fr\/\" class=\"home\" aria-current=\"page\"><span property=\"name\">Smart-CJM<\/span><\/a><meta property=\"position\" content=\"1\"><\/span>    <\/div>\r\n   \r\n <div id=\"panel-5749-2-0-0\" class=\"so-panel widget widget_sow-editor panel-first-child panel-last-child\" data-index=\"2\" ><div\n\t\t\t\n\t\t\tclass=\"so-widget-sow-editor so-widget-sow-editor-base\"\n\t\t\t\n\t\t>\n<div class=\"siteorigin-widget-tinymce textwidget\">\n\t\n<\/div>\n<\/div><\/div><\/div><\/div><\/div><div id=\"pg-5749-3\"  class=\"panel-grid panel-has-style\" ><div class=\"container-1200 public-menu panel-row-style panel-row-style-for-5749-3\" ><div id=\"pgc-5749-3-0\"  class=\"panel-grid-cell\" ><div id=\"panel-5749-3-0-0\" class=\"so-panel widget widget_siteorigin-panels-builder panel-first-child panel-last-child\" data-index=\"3\" ><div class=\"menu-1 panel-widget-style panel-widget-style-for-5749-3-0-0\" ><div id=\"pl-w65bce054679f4\"  class=\"panel-layout\" ><div id=\"pg-w65bce054679f4-0\"  class=\"panel-grid panel-no-style\" ><div id=\"pgc-w65bce054679f4-0-0\"  class=\"panel-grid-cell\" ><div id=\"panel-w65bce054679f4-0-0-0\" class=\"so-panel widget widget_sow-editor panel-first-child\" data-index=\"0\" ><div class=\"public-menu-header panel-widget-style panel-widget-style-for-w65bce054679f4-0-0-0\" ><div\n\t\t\t\n\t\t\tclass=\"so-widget-sow-editor so-widget-sow-editor-base\"\n\t\t\t\n\t\t>\n<div class=\"siteorigin-widget-tinymce textwidget\">\n\t<h6>CLIENTS<\/h6>\n<\/div>\n<\/div><\/div><\/div><div id=\"panel-w65bce054679f4-0-0-1\" class=\"so-panel widget widget_nav_menu panel-last-child\" data-index=\"1\" ><div class=\"public-menu-menu panel-widget-style panel-widget-style-for-w65bce054679f4-0-0-1\" ><div class=\"menu-public_customers-fr-container\"><ul id=\"menu-public_customers-fr\" class=\"menu\"><li id=\"menu-item-5824\" class=\"menu-item menu-item-type-post_type menu-item-object-page menu-item-5824\"><a href=\"https:\/\/smart-cjm.com\/fr\/autorites-publiques\/prise-de-rendez-vous-en-ligne\/\">PRISE DE RENDEZ-VOUS EN LIGNE<\/a><\/li>\n<li id=\"menu-item-5825\" class=\"menu-item menu-item-type-post_type menu-item-object-page menu-item-5825\"><a href=\"https:\/\/smart-cjm.com\/fr\/autorites-publiques\/terminaux-en-libre-service\/\">TERMINAUX EN LIBRE-SERVICE<\/a><\/li>\n<li id=\"menu-item-5826\" class=\"menu-item menu-item-type-post_type menu-item-object-page menu-item-5826\"><a href=\"https:\/\/smart-cjm.com\/fr\/autorites-publiques\/ticket-en-direct\/\">TICKET EN DIRECT<\/a><\/li>\n<li id=\"menu-item-5827\" class=\"menu-item menu-item-type-post_type menu-item-object-page menu-item-5827\"><a href=\"https:\/\/smart-cjm.com\/fr\/autorites-publiques\/informations-mobile\/\">INFORMATIONS MOBILE<\/a><\/li>\n<\/ul><\/div><\/div><\/div><\/div><\/div><\/div><\/div><\/div><\/div><div id=\"pgc-5749-3-1\"  class=\"panel-grid-cell\" ><div id=\"panel-5749-3-1-0\" class=\"so-panel widget widget_siteorigin-panels-builder panel-first-child panel-last-child\" data-index=\"4\" ><div class=\"menu-2 panel-widget-style panel-widget-style-for-5749-3-1-0\" ><div id=\"pl-w65bce05468497\"  class=\"panel-layout\" ><div id=\"pg-w65bce05468497-0\"  class=\"panel-grid panel-no-style\" ><div id=\"pgc-w65bce05468497-0-0\"  class=\"panel-grid-cell\" ><div id=\"panel-w65bce05468497-0-0-0\" class=\"so-panel widget widget_sow-editor panel-first-child\" data-index=\"0\" ><div class=\"public-menu-header panel-widget-style panel-widget-style-for-w65bce05468497-0-0-0\" ><div\n\t\t\t\n\t\t\tclass=\"so-widget-sow-editor so-widget-sow-editor-base\"\n\t\t\t\n\t\t>\n<div class=\"siteorigin-widget-tinymce textwidget\">\n\t<h6>EMPLOY\u00c9S<\/h6>\n<\/div>\n<\/div><\/div><\/div><div id=\"panel-w65bce05468497-0-0-1\" class=\"so-panel widget widget_nav_menu panel-last-child\" data-index=\"1\" ><div class=\"public-menu-menu panel-widget-style panel-widget-style-for-w65bce05468497-0-0-1\" ><div class=\"menu-public_team-fr-container\"><ul id=\"menu-public_team-fr\" class=\"menu\"><li id=\"menu-item-5828\" class=\"menu-item menu-item-type-post_type menu-item-object-page menu-item-5828\"><a href=\"https:\/\/smart-cjm.com\/fr\/autorites-publiques\/reception\/\">RECEPTION<\/a><\/li>\n<li id=\"menu-item-5829\" class=\"menu-item menu-item-type-post_type menu-item-object-page menu-item-5829\"><a href=\"https:\/\/smart-cjm.com\/fr\/autorites-publiques\/centre-dappel\/\">CENTRE D&rsquo;APPEL<\/a><\/li>\n<li id=\"menu-item-5830\" class=\"menu-item menu-item-type-post_type menu-item-object-page menu-item-5830\"><a href=\"https:\/\/smart-cjm.com\/fr\/autorites-publiques\/bureau-dappel\/\">BUREAU D&rsquo;APPEL<\/a><\/li>\n<\/ul><\/div><\/div><\/div><\/div><\/div><\/div><\/div><\/div><\/div><div id=\"pgc-5749-3-2\"  class=\"panel-grid-cell\" ><div id=\"panel-5749-3-2-0\" class=\"so-panel widget widget_siteorigin-panels-builder panel-first-child panel-last-child\" data-index=\"5\" ><div class=\"menu-3 panel-widget-style panel-widget-style-for-5749-3-2-0\" ><div id=\"pl-w65bce05468eed\"  class=\"panel-layout\" ><div id=\"pg-w65bce05468eed-0\"  class=\"panel-grid panel-no-style\" ><div id=\"pgc-w65bce05468eed-0-0\"  class=\"panel-grid-cell\" ><div id=\"panel-w65bce05468eed-0-0-0\" class=\"so-panel widget widget_sow-editor panel-first-child\" data-index=\"0\" ><div class=\"public-menu-header panel-widget-style panel-widget-style-for-w65bce05468eed-0-0-0\" ><div\n\t\t\t\n\t\t\tclass=\"so-widget-sow-editor so-widget-sow-editor-base\"\n\t\t\t\n\t\t>\n<div class=\"siteorigin-widget-tinymce textwidget\">\n\t<h6>GESTION<\/h6>\n<\/div>\n<\/div><\/div><\/div><div id=\"panel-w65bce05468eed-0-0-1\" class=\"so-panel widget widget_nav_menu panel-last-child\" data-index=\"1\" ><div class=\"public-menu-menu panel-widget-style panel-widget-style-for-w65bce05468eed-0-0-1\" ><div class=\"menu-public_management-fr-container\"><ul id=\"menu-public_management-fr\" class=\"menu\"><li id=\"menu-item-5831\" class=\"menu-item menu-item-type-post_type menu-item-object-page menu-item-5831\"><a href=\"https:\/\/smart-cjm.com\/fr\/autorites-publiques\/tableau-de-bord-et-operations\/\">TABLEAU DE BORD ET OPERATIONS<\/a><\/li>\n<li id=\"menu-item-5832\" class=\"menu-item menu-item-type-post_type menu-item-object-page menu-item-5832\"><a href=\"https:\/\/smart-cjm.com\/fr\/autorites-publiques\/rapports\/\">RAPPORTS<\/a><\/li>\n<li id=\"menu-item-5833\" class=\"menu-item menu-item-type-post_type menu-item-object-page menu-item-5833\"><a href=\"https:\/\/smart-cjm.com\/fr\/autorites-publiques\/analyse-de-donnees\/\">ANALYSE DE DONNEES<\/a><\/li>\n<li id=\"menu-item-5834\" class=\"menu-item menu-item-type-post_type menu-item-object-page menu-item-5834\"><a href=\"https:\/\/smart-cjm.com\/fr\/autorites-publiques\/administration\/\">ADMINISTRATION<\/a><\/li>\n<\/ul><\/div><\/div><\/div><\/div><\/div><\/div><\/div><\/div><\/div><\/div><\/div><div id=\"pg-5749-4\"  class=\"panel-grid panel-has-style\" ><div class=\"intro container-1024 panel-row-style panel-row-style-for-5749-4\" ><div id=\"pgc-5749-4-0\"  class=\"panel-grid-cell\" ><div id=\"panel-5749-4-0-0\" class=\"so-panel widget widget_sow-editor panel-first-child panel-last-child\" data-index=\"6\" ><div\n\t\t\t\n\t\t\tclass=\"so-widget-sow-editor so-widget-sow-editor-base\"\n\t\t\t\n\t\t>\n<div class=\"siteorigin-widget-tinymce textwidget\">\n\t<h2 style=\"text-align: center;\">INFORMATIONS MOBILE<\/h2>\n<h4 style=\"text-align: center;\">LES TICKETS D'ATTENTE IMPRIM\u00c9S SONT D\u00c9PASS\u00c9S -<br \/>\nLES TICKETS \u00c9LECTRONIQUES SONT L'AVENIR.<\/h4>\n<p style=\"text-align: center;\">Offrez \u00e0 vos clients la flexibilit\u00e9 de quitter la zone d'attente tout en voyant toujours leur position dans la file d'attente. Vous all\u00e9gez votre zone d'attente et vos clients peuvent utiliser le temps d'attente librement.<\/p>\n<p style=\"text-align: center;\">Cela permet au client de profiter activement du temps d'attente pour effectuer d'autres activit\u00e9s ou prendre un caf\u00e9. Par cons\u00e9quent, le temps d'attente n\u00e9gatif devient une exp\u00e9rience agr\u00e9able.<\/p>\n<p style=\"text-align: center;\">informations mobile permet de r\u00e9duire significativement l'affluence dans la salle d'attente.<\/p>\n<\/div>\n<\/div><\/div><\/div><\/div><\/div><div id=\"pg-5749-5\"  class=\"panel-grid panel-has-style\" ><div class=\"panel-row-style panel-row-style-for-5749-5\" ><div id=\"pgc-5749-5-0\"  class=\"panel-grid-cell\" ><div id=\"panel-5749-5-0-0\" class=\"so-panel widget widget_siteorigin-panels-builder panel-first-child panel-last-child\" data-index=\"7\" ><div id=\"pl-w65bce05469c7a\"  class=\"panel-layout\" ><div id=\"pg-w65bce05469c7a-0\"  class=\"panel-grid panel-has-style\" ><div class=\"container-1024 panel-row-style panel-row-style-for-w65bce05469c7a-0\" ><div id=\"pgc-w65bce05469c7a-0-0\"  class=\"panel-grid-cell\" ><div id=\"panel-w65bce05469c7a-0-0-0\" class=\"so-panel widget widget_sow-editor panel-first-child panel-last-child\" data-index=\"0\" ><div class=\"list-cell panel-widget-style panel-widget-style-for-w65bce05469c7a-0-0-0\" ><div\n\t\t\t\n\t\t\tclass=\"so-widget-sow-editor so-widget-sow-editor-base\"\n\t\t\t\n\t\t>\n<div class=\"siteorigin-widget-tinymce textwidget\">\n\t<h2 style=\"text-align: center;\">LES AVANTAGES EN UN CLIN D'OEIL<\/h2>\n<\/div>\n<\/div><\/div><\/div><\/div><\/div><\/div><div id=\"pg-w65bce05469c7a-1\"  class=\"panel-grid panel-has-style\" ><div class=\"highlight-cell flex highlight-image-row left panel-row-style panel-row-style-for-w65bce05469c7a-1\" ><div id=\"pgc-w65bce05469c7a-1-0\"  class=\"panel-grid-cell\" ><div id=\"panel-w65bce05469c7a-1-0-0\" class=\"so-panel widget widget_siteorigin-panels-builder panel-first-child panel-last-child\" data-index=\"1\" ><div id=\"image-container\" class=\"panel-widget-style panel-widget-style-for-w65bce05469c7a-1-0-0\" ><div id=\"pl-w627953c231bba\"  class=\"panel-layout\" ><div id=\"pg-w627953c231bba-0\"  class=\"panel-grid panel-no-style\" ><div id=\"pgc-w627953c231bba-0-0\"  class=\"panel-grid-cell\" ><div id=\"panel-w627953c231bba-0-0-0\" class=\"so-panel widget widget_sow-image panel-first-child panel-last-child\" data-index=\"0\" ><div\n\t\t\t\n\t\t\tclass=\"so-widget-sow-image so-widget-sow-image-default-8b5b6f678277\"\n\t\t\t\n\t\t>\n<div class=\"sow-image-container\">\n\t\t<img \n\tsrc=\"https:\/\/smart-cjm.com\/wp-content\/uploads\/2022\/05\/public-authorities-mobile-info.png\" width=\"584\" height=\"802\" srcset=\"https:\/\/smart-cjm.com\/wp-content\/uploads\/2022\/05\/public-authorities-mobile-info.png 584w, https:\/\/smart-cjm.com\/wp-content\/uploads\/2022\/05\/public-authorities-mobile-info-218x300.png 218w, https:\/\/smart-cjm.com\/wp-content\/uploads\/2022\/05\/public-authorities-mobile-info-109x150.png 109w\" sizes=\"(max-width: 584px) 100vw, 584px\" alt=\"\" \t\tclass=\"so-widget-image\"\/>\n\t<\/div>\n\n<\/div><\/div><\/div><\/div><\/div><\/div><\/div><\/div><div id=\"pgc-w65bce05469c7a-1-1\"  class=\"panel-grid-cell\" ><div id=\"panel-w65bce05469c7a-1-1-0\" class=\"so-panel widget widget_sow-editor panel-first-child\" data-index=\"2\" ><div class=\"list-cell panel-widget-style panel-widget-style-for-w65bce05469c7a-1-1-0\" ><div\n\t\t\t\n\t\t\tclass=\"so-widget-sow-editor so-widget-sow-editor-base\"\n\t\t\t\n\t\t>\n<div class=\"siteorigin-widget-tinymce textwidget\">\n\t<p>Informations mobile (sans application \u00e0 installer)<\/p>\n<\/div>\n<\/div><\/div><\/div><div id=\"panel-w65bce05469c7a-1-1-1\" class=\"so-panel widget widget_sow-editor\" data-index=\"3\" ><div class=\"list-cell panel-widget-style panel-widget-style-for-w65bce05469c7a-1-1-1\" ><div\n\t\t\t\n\t\t\tclass=\"so-widget-sow-editor so-widget-sow-editor-base\"\n\t\t\t\n\t\t>\n<div class=\"siteorigin-widget-tinymce textwidget\">\n\t<p>Transformation du ticket papier en ticket num\u00e9rique.<\/p>\n<\/div>\n<\/div><\/div><\/div><div id=\"panel-w65bce05469c7a-1-1-2\" class=\"so-panel widget widget_sow-editor\" data-index=\"4\" ><div class=\"list-cell panel-widget-style panel-widget-style-for-w65bce05469c7a-1-1-2\" ><div\n\t\t\t\n\t\t\tclass=\"so-widget-sow-editor so-widget-sow-editor-base\"\n\t\t\t\n\t\t>\n<div class=\"siteorigin-widget-tinymce textwidget\">\n\t<p>Distribution de tickets pendant les heures d'ouverture<\/p>\n<\/div>\n<\/div><\/div><\/div><div id=\"panel-w65bce05469c7a-1-1-3\" class=\"so-panel widget widget_sow-editor\" data-index=\"5\" ><div class=\"list-cell panel-widget-style panel-widget-style-for-w65bce05469c7a-1-1-3\" ><div\n\t\t\t\n\t\t\tclass=\"so-widget-sow-editor so-widget-sow-editor-base\"\n\t\t\t\n\t\t>\n<div class=\"siteorigin-widget-tinymce textwidget\">\n\t<p>Affichage de votre propre num\u00e9ro d'attente<\/p>\n<\/div>\n<\/div><\/div><\/div><div id=\"panel-w65bce05469c7a-1-1-4\" class=\"so-panel widget widget_sow-editor\" data-index=\"6\" ><div class=\"list-cell panel-widget-style panel-widget-style-for-w65bce05469c7a-1-1-4\" ><div\n\t\t\t\n\t\t\tclass=\"so-widget-sow-editor so-widget-sow-editor-base\"\n\t\t\t\n\t\t>\n<div class=\"siteorigin-widget-tinymce textwidget\">\n\t<p>Affichage de la position dans la file d'attente<\/p>\n<\/div>\n<\/div><\/div><\/div><div id=\"panel-w65bce05469c7a-1-1-5\" class=\"so-panel widget widget_sow-editor panel-last-child\" data-index=\"7\" ><div class=\"list-cell panel-widget-style panel-widget-style-for-w65bce05469c7a-1-1-5\" ><div\n\t\t\t\n\t\t\tclass=\"so-widget-sow-editor so-widget-sow-editor-base\"\n\t\t\t\n\t\t>\n<div class=\"siteorigin-widget-tinymce textwidget\">\n\t<p>Affichage du temps d'attente estim\u00e9<\/p>\n<\/div>\n<\/div><\/div><\/div><\/div><\/div><\/div><div id=\"pg-w65bce05469c7a-2\"  class=\"panel-grid panel-has-style\" ><div class=\"highlight-cell flex panel-row-style panel-row-style-for-w65bce05469c7a-2\" ><div id=\"pgc-w65bce05469c7a-2-0\"  class=\"panel-grid-cell\" ><div id=\"panel-w65bce05469c7a-2-0-0\" class=\"so-panel widget widget_sow-editor panel-first-child\" data-index=\"8\" ><div class=\"list-cell panel-widget-style panel-widget-style-for-w65bce05469c7a-2-0-0\" ><div\n\t\t\t\n\t\t\tclass=\"so-widget-sow-editor so-widget-sow-editor-base\"\n\t\t\t\n\t\t>\n<div class=\"siteorigin-widget-tinymce textwidget\">\n\t<p>Option de navigation avec guidage de chemin<\/p>\n<\/div>\n<\/div><\/div><\/div><div id=\"panel-w65bce05469c7a-2-0-1\" class=\"so-panel widget widget_sow-editor panel-last-child\" data-index=\"9\" ><div class=\"list-cell panel-widget-style panel-widget-style-for-w65bce05469c7a-2-0-1\" ><div\n\t\t\t\n\t\t\tclass=\"so-widget-sow-editor so-widget-sow-editor-base\"\n\t\t\t\n\t\t>\n<div class=\"siteorigin-widget-tinymce textwidget\">\n\t<p>Notification pour l'appel<\/p>\n<\/div>\n<\/div><\/div><\/div><\/div><\/div><\/div><\/div><\/div><\/div><\/div><\/div><\/div>","protected":false},"excerpt":{"rendered":"<p>SMART CITIZEN EXPERIENCE. INFORMATIONS MOBILE. SMART CITIZEN EXPERIENCE. INFORMATIONS MOBILE.<\/p>\n","protected":false},"author":1,"featured_media":0,"parent":5727,"menu_order":0,"comment_status":"closed","ping_status":"closed","template":"","meta":{"_acf_changed":false,"footnotes":""},"class_list":["post-5749","page","type-page","status-publish"],"acf":[],"yoast_head":"<!-- This site is optimized with the Yoast SEO Premium plugin v27.0 (Yoast SEO v27.3) - https:\/\/yoast.com\/product\/yoast-seo-premium-wordpress\/ -->\n<title>INFORMATIONS MOBILE - Smart-CJM<\/title>\n<meta name=\"description\" content=\"Warteschlangenmanagement, Aufrufanlage, Online Terminvereinbarung und Personenleitsystem von Smart CJM - den Customer Journey Management Experten aus Krefeld.\" \/>\n<meta name=\"robots\" content=\"index, follow, max-snippet:-1, max-image-preview:large, max-video-preview:-1\" \/>\n<link rel=\"canonical\" href=\"https:\/\/smart-cjm.com\/fr\/autorites-publiques\/informations-mobile\/\" \/>\n<meta property=\"og:locale\" content=\"fr_FR\" \/>\n<meta property=\"og:type\" content=\"article\" \/>\n<meta property=\"og:title\" content=\"INFORMATIONS MOBILE\" \/>\n<meta property=\"og:description\" content=\"SMART CITIZEN EXPERIENCE. INFORMATIONS MOBILE. SMART CITIZEN EXPERIENCE. INFORMATIONS MOBILE. CLIENTS EMPLOY\u00c9S GESTION INFORMATIONS MOBILE LES TICKETS\" \/>\n<meta property=\"og:url\" content=\"https:\/\/smart-cjm.com\/fr\/autorites-publiques\/informations-mobile\/\" \/>\n<meta property=\"og:site_name\" content=\"Smart-CJM\" \/>\n<meta property=\"article:modified_time\" content=\"2024-02-05T07:56:50+00:00\" \/>\n<script type=\"application\/ld+json\" class=\"yoast-schema-graph\">{\"@context\":\"https:\\\/\\\/schema.org\",\"@graph\":[{\"@type\":\"WebPage\",\"@id\":\"https:\\\/\\\/smart-cjm.com\\\/fr\\\/autorites-publiques\\\/informations-mobile\\\/\",\"url\":\"https:\\\/\\\/smart-cjm.com\\\/fr\\\/autorites-publiques\\\/informations-mobile\\\/\",\"name\":\"INFORMATIONS MOBILE - Smart-CJM\",\"isPartOf\":{\"@id\":\"https:\\\/\\\/smart-cjm.com\\\/fr\\\/#website\"},\"datePublished\":\"2022-04-27T10:40:39+00:00\",\"dateModified\":\"2024-02-05T07:56:50+00:00\",\"description\":\"Warteschlangenmanagement, Aufrufanlage, Online Terminvereinbarung und Personenleitsystem von Smart CJM - den Customer Journey Management Experten aus Krefeld.\",\"breadcrumb\":{\"@id\":\"https:\\\/\\\/smart-cjm.com\\\/fr\\\/autorites-publiques\\\/informations-mobile\\\/#breadcrumb\"},\"inLanguage\":\"fr-FR\",\"potentialAction\":[{\"@type\":\"ReadAction\",\"target\":[\"https:\\\/\\\/smart-cjm.com\\\/fr\\\/autorites-publiques\\\/informations-mobile\\\/\"]}]},{\"@type\":\"BreadcrumbList\",\"@id\":\"https:\\\/\\\/smart-cjm.com\\\/fr\\\/autorites-publiques\\\/informations-mobile\\\/#breadcrumb\",\"itemListElement\":[{\"@type\":\"ListItem\",\"position\":1,\"name\":\"Startseite\",\"item\":\"https:\\\/\\\/smart-cjm.com\\\/fr\\\/\"},{\"@type\":\"ListItem\",\"position\":2,\"name\":\"AUTORITES PUBLIQUES\",\"item\":\"https:\\\/\\\/smart-cjm.com\\\/fr\\\/autorites-publiques\\\/\"},{\"@type\":\"ListItem\",\"position\":3,\"name\":\"INFORMATIONS MOBILE\"}]},{\"@type\":\"WebSite\",\"@id\":\"https:\\\/\\\/smart-cjm.com\\\/fr\\\/#website\",\"url\":\"https:\\\/\\\/smart-cjm.com\\\/fr\\\/\",\"name\":\"Smart-CJM\",\"description\":\"Warteschlangenmanagement, Aufrufanlage, Online Terminvereinbarung und Personenleitsystem\",\"publisher\":{\"@id\":\"https:\\\/\\\/smart-cjm.com\\\/fr\\\/#organization\"},\"potentialAction\":[{\"@type\":\"SearchAction\",\"target\":{\"@type\":\"EntryPoint\",\"urlTemplate\":\"https:\\\/\\\/smart-cjm.com\\\/fr\\\/?s={search_term_string}\"},\"query-input\":{\"@type\":\"PropertyValueSpecification\",\"valueRequired\":true,\"valueName\":\"search_term_string\"}}],\"inLanguage\":\"fr-FR\"},{\"@type\":\"Organization\",\"@id\":\"https:\\\/\\\/smart-cjm.com\\\/fr\\\/#organization\",\"name\":\"SMART CJM GmbH\",\"url\":\"https:\\\/\\\/smart-cjm.com\\\/fr\\\/\",\"logo\":{\"@type\":\"ImageObject\",\"inLanguage\":\"fr-FR\",\"@id\":\"https:\\\/\\\/smart-cjm.com\\\/fr\\\/#\\\/schema\\\/logo\\\/image\\\/\",\"url\":\"https:\\\/\\\/smart-cjm.com\\\/wp-content\\\/uploads\\\/2021\\\/05\\\/smcj-logo.svg\",\"contentUrl\":\"https:\\\/\\\/smart-cjm.com\\\/wp-content\\\/uploads\\\/2021\\\/05\\\/smcj-logo.svg\",\"width\":290,\"height\":188,\"caption\":\"SMART CJM GmbH\"},\"image\":{\"@id\":\"https:\\\/\\\/smart-cjm.com\\\/fr\\\/#\\\/schema\\\/logo\\\/image\\\/\"}}]}<\/script>\n<!-- \/ Yoast SEO Premium plugin. -->","yoast_head_json":{"title":"INFORMATIONS MOBILE - Smart-CJM","description":"Warteschlangenmanagement, Aufrufanlage, Online Terminvereinbarung und Personenleitsystem von Smart CJM - den Customer Journey Management Experten aus Krefeld.","robots":{"index":"index","follow":"follow","max-snippet":"max-snippet:-1","max-image-preview":"max-image-preview:large","max-video-preview":"max-video-preview:-1"},"canonical":"https:\/\/smart-cjm.com\/fr\/autorites-publiques\/informations-mobile\/","og_locale":"fr_FR","og_type":"article","og_title":"INFORMATIONS MOBILE","og_description":"SMART CITIZEN EXPERIENCE. INFORMATIONS MOBILE. SMART CITIZEN EXPERIENCE. INFORMATIONS MOBILE. CLIENTS EMPLOY\u00c9S GESTION INFORMATIONS MOBILE LES TICKETS","og_url":"https:\/\/smart-cjm.com\/fr\/autorites-publiques\/informations-mobile\/","og_site_name":"Smart-CJM","article_modified_time":"2024-02-05T07:56:50+00:00","schema":{"@context":"https:\/\/schema.org","@graph":[{"@type":"WebPage","@id":"https:\/\/smart-cjm.com\/fr\/autorites-publiques\/informations-mobile\/","url":"https:\/\/smart-cjm.com\/fr\/autorites-publiques\/informations-mobile\/","name":"INFORMATIONS MOBILE - Smart-CJM","isPartOf":{"@id":"https:\/\/smart-cjm.com\/fr\/#website"},"datePublished":"2022-04-27T10:40:39+00:00","dateModified":"2024-02-05T07:56:50+00:00","description":"Warteschlangenmanagement, Aufrufanlage, Online Terminvereinbarung und Personenleitsystem von Smart CJM - den Customer Journey Management Experten aus Krefeld.","breadcrumb":{"@id":"https:\/\/smart-cjm.com\/fr\/autorites-publiques\/informations-mobile\/#breadcrumb"},"inLanguage":"fr-FR","potentialAction":[{"@type":"ReadAction","target":["https:\/\/smart-cjm.com\/fr\/autorites-publiques\/informations-mobile\/"]}]},{"@type":"BreadcrumbList","@id":"https:\/\/smart-cjm.com\/fr\/autorites-publiques\/informations-mobile\/#breadcrumb","itemListElement":[{"@type":"ListItem","position":1,"name":"Startseite","item":"https:\/\/smart-cjm.com\/fr\/"},{"@type":"ListItem","position":2,"name":"AUTORITES PUBLIQUES","item":"https:\/\/smart-cjm.com\/fr\/autorites-publiques\/"},{"@type":"ListItem","position":3,"name":"INFORMATIONS MOBILE"}]},{"@type":"WebSite","@id":"https:\/\/smart-cjm.com\/fr\/#website","url":"https:\/\/smart-cjm.com\/fr\/","name":"Smart-CJM","description":"Warteschlangenmanagement, Aufrufanlage, Online Terminvereinbarung und Personenleitsystem","publisher":{"@id":"https:\/\/smart-cjm.com\/fr\/#organization"},"potentialAction":[{"@type":"SearchAction","target":{"@type":"EntryPoint","urlTemplate":"https:\/\/smart-cjm.com\/fr\/?s={search_term_string}"},"query-input":{"@type":"PropertyValueSpecification","valueRequired":true,"valueName":"search_term_string"}}],"inLanguage":"fr-FR"},{"@type":"Organization","@id":"https:\/\/smart-cjm.com\/fr\/#organization","name":"SMART CJM GmbH","url":"https:\/\/smart-cjm.com\/fr\/","logo":{"@type":"ImageObject","inLanguage":"fr-FR","@id":"https:\/\/smart-cjm.com\/fr\/#\/schema\/logo\/image\/","url":"https:\/\/smart-cjm.com\/wp-content\/uploads\/2021\/05\/smcj-logo.svg","contentUrl":"https:\/\/smart-cjm.com\/wp-content\/uploads\/2021\/05\/smcj-logo.svg","width":290,"height":188,"caption":"SMART CJM GmbH"},"image":{"@id":"https:\/\/smart-cjm.com\/fr\/#\/schema\/logo\/image\/"}}]}},"_links":{"self":[{"href":"https:\/\/smart-cjm.com\/fr\/wp-json\/wp\/v2\/pages\/5749","targetHints":{"allow":["GET"]}}],"collection":[{"href":"https:\/\/smart-cjm.com\/fr\/wp-json\/wp\/v2\/pages"}],"about":[{"href":"https:\/\/smart-cjm.com\/fr\/wp-json\/wp\/v2\/types\/page"}],"author":[{"embeddable":true,"href":"https:\/\/smart-cjm.com\/fr\/wp-json\/wp\/v2\/users\/1"}],"replies":[{"embeddable":true,"href":"https:\/\/smart-cjm.com\/fr\/wp-json\/wp\/v2\/comments?post=5749"}],"version-history":[{"count":6,"href":"https:\/\/smart-cjm.com\/fr\/wp-json\/wp\/v2\/pages\/5749\/revisions"}],"predecessor-version":[{"id":5920,"href":"https:\/\/smart-cjm.com\/fr\/wp-json\/wp\/v2\/pages\/5749\/revisions\/5920"}],"up":[{"embeddable":true,"href":"https:\/\/smart-cjm.com\/fr\/wp-json\/wp\/v2\/pages\/5727"}],"wp:attachment":[{"href":"https:\/\/smart-cjm.com\/fr\/wp-json\/wp\/v2\/media?parent=5749"}],"curies":[{"name":"wp","href":"https:\/\/api.w.org\/{rel}","templated":true}]}}