{"id":5712,"date":"2021-05-03T17:34:02","date_gmt":"2021-05-03T15:34:02","guid":{"rendered":"https:\/\/smart-cjm.com\/impressum\/"},"modified":"2024-07-26T10:32:58","modified_gmt":"2024-07-26T08:32:58","slug":"mentions-legales","status":"publish","type":"page","link":"https:\/\/smart-cjm.com\/fr\/mentions-legales\/","title":{"rendered":"MENTIONS LEGALES"},"content":{"rendered":"<div id=\"pl-5712\"  class=\"panel-layout\" ><div id=\"pg-5712-0\"  class=\"panel-grid panel-has-style\" ><div class=\"intro khzg panel-row-style panel-row-style-for-5712-0\" ><div id=\"pgc-5712-0-0\"  class=\"panel-grid-cell\" ><div id=\"panel-5712-0-0-0\" class=\"so-panel widget widget_sow-editor panel-first-child panel-last-child\" data-index=\"0\" ><div\n\t\t\t\n\t\t\tclass=\"so-widget-sow-editor so-widget-sow-editor-base\"\n\t\t\t\n\t\t>\n<div class=\"siteorigin-widget-tinymce textwidget\">\n\t<h1 style=\"text-align: center;\">MENTIONS LEGALES<\/h1>\n<\/div>\n<\/div><\/div><\/div><\/div><\/div><div id=\"pg-5712-1\"  class=\"panel-grid panel-has-style\" ><div class=\"intro privacy panel-row-style panel-row-style-for-5712-1\" ><div id=\"pgc-5712-1-0\"  class=\"panel-grid-cell\" ><div id=\"panel-5712-1-0-0\" class=\"so-panel widget widget_sow-editor panel-first-child panel-last-child\" data-index=\"1\" ><div\n\t\t\t\n\t\t\tclass=\"so-widget-sow-editor so-widget-sow-editor-base\"\n\t\t\t\n\t\t>\n<div class=\"siteorigin-widget-tinymce textwidget\">\n\t<h2 style=\"text-align: center;\">Informations selon \u00a7 5 TMG<\/h2>\n<p style=\"text-align: center;\">SMART CJM GmbH<br \/>\nHeyenbaumstr. 139-141<br \/>\n47802 Krefeld<\/p>\n<p style=\"text-align: center;\">Registre du commerce : HRB 17362<br \/>\nTribunal d'enregistrement : Krefeld<\/p>\n<p style=\"text-align: center;\"><strong>Repr\u00e9sent\u00e9 par :<\/strong><br \/>\nStefan Dylka<\/p>\n<h2 style=\"text-align: center;\"><\/h2>\n<h2 style=\"text-align: center;\">CONTACT<\/h2>\n<p style=\"text-align: center;\">T\u00e9l\u00e9phone: +4921514474700<br \/>\nT\u00e9l\u00e9copie: +4921516502999<br \/>\nE-mail: info@smart-cjm.com<\/p>\n<h2 style=\"text-align: center;\"><\/h2>\n<h2 style=\"text-align: center;\">Num\u00e9ro de TVA<\/h2>\n<p style=\"text-align: center;\">Num\u00e9ro d'identification \u00e0 la taxe sur le chiffre d'affaires selon \u00a727 a de la loi sur la taxe sur la valeur ajout\u00e9e :<br \/>\nDE324850643<\/p>\n<h2 style=\"text-align: center;\"><\/h2>\n<h2 style=\"text-align: center;\">RESPONSABLE DU CONTENU SELON \u00a7 55 AL. 2 RSTV<\/h2>\n<p style=\"text-align: center;\">Birte Blum-Dylka<br \/>\nHeyenbaumstr. 139-141<br \/>\n47802 Krefeld<\/p>\n<h2 style=\"text-align: center;\"><\/h2>\n<h2 style=\"text-align: center;\">REGLEMENT DES LITIGES<\/h2>\n<p style=\"text-align: center;\">La Commission europ\u00e9enne met \u00e0 disposition une plateforme de r\u00e8glement en ligne des litiges (RLL) accessible \u00e0 l'adresse suivante : <a href=\"https:\/\/ec.europa.eu\/consumers\/odr\">https:\/\/ec.europa.eu\/consumers\/odr<\/a>.<br \/>\nVous trouverez notre adresse e-mail dans l'en-t\u00eate ci-dessus.<\/p>\n<p style=\"text-align: center;\">Nous ne sommes ni dispos\u00e9s ni oblig\u00e9s de participer \u00e0 des proc\u00e9dures de r\u00e8glement des litiges devant une commission de m\u00e9diation de la consommation.<\/p>\n<h3 style=\"text-align: center;\"><\/h3>\n<h3 style=\"text-align: center;\">RESPONSABILIT\u00c9 POUR LE CONTENU<\/h3>\n<p style=\"text-align: center;\">En tant que fournisseur de services, nous sommes responsables des contenus propres \u00e0 ces pages conform\u00e9ment \u00e0 l'article 7, paragraphe 1 du TMG (loi allemande sur les t\u00e9l\u00e9m\u00e9dias) et aux lois g\u00e9n\u00e9rales. Toutefois, conform\u00e9ment aux articles 8 \u00e0 10 du TMG, nous ne sommes pas tenus en tant que fournisseur de services de surveiller les informations externes transmises ou stock\u00e9es ni de rechercher des circonstances indiquant une activit\u00e9 ill\u00e9gale.<\/p>\n<p style=\"text-align: center;\">Les obligations de suppression ou de blocage de l'utilisation d'informations selon les lois g\u00e9n\u00e9rales restent inchang\u00e9es. Cependant, toute responsabilit\u00e9 en la mati\u00e8re n'est possible qu'\u00e0 partir du moment o\u00f9 une violation sp\u00e9cifique de la loi est port\u00e9e \u00e0 notre connaissance. D\u00e8s que nous prendrons connaissance de telles violations, nous retirerons imm\u00e9diatement les contenus concern\u00e9s.<\/p>\n<h3 style=\"text-align: center;\"><\/h3>\n<h3 style=\"text-align: center;\">RESPONSABILIT\u00c9 CONCERNANT LES LIENS<\/h3>\n<p style=\"text-align: center;\">Notre offre contient des liens vers des sites web de tiers sur lesquels nous n'avons aucune influence. Nous ne pouvons donc pas garantir ces contenus externes. Le fournisseur ou l'exploitant des pages li\u00e9es est toujours responsable de leur contenu. Les pages li\u00e9es ont \u00e9t\u00e9 v\u00e9rifi\u00e9es au moment de la liaison pour d'\u00e9ventuelles violations de la loi. Aucun contenu ill\u00e9gal n'\u00e9tait identifiable au moment de la liaison.<\/p>\n<p style=\"text-align: center;\">Cependant, un contr\u00f4le permanent du contenu des pages li\u00e9es n'est pas raisonnable sans indications concr\u00e8tes d'une violation de la loi. D\u00e8s que nous avons connaissance de violations de la loi, nous retirons imm\u00e9diatement les liens concern\u00e9s.<\/p>\n<h3 style=\"text-align: center;\"><\/h3>\n<h3 style=\"text-align: center;\">DROITS D'AUTEUR<\/h3>\n<p style=\"text-align: center;\">Les contenus et \u0153uvres cr\u00e9\u00e9s par les exploitants du site sur ces pages sont soumis au droit d'auteur allemand. La reproduction, la modification, la distribution et toute forme d'exploitation en dehors des limites du droit d'auteur n\u00e9cessitent le consentement \u00e9crit de l'auteur ou du cr\u00e9ateur concern\u00e9. Les t\u00e9l\u00e9chargements et copies de cette page sont uniquement autoris\u00e9s pour un usage priv\u00e9, non commercial.<\/p>\n<p style=\"text-align: center;\">Dans la mesure o\u00f9 les contenus de cette page n'ont pas \u00e9t\u00e9 cr\u00e9\u00e9s par l'exploitant, les droits d'auteur des tiers sont respect\u00e9s. En particulier, les contenus de tiers sont marqu\u00e9s comme tels. Si malgr\u00e9 cela vous constatez une violation de droits d'auteur, nous vous prions de nous en informer. D\u00e8s que nous aurons connaissance de violations de droits, nous retirerons imm\u00e9diatement les contenus concern\u00e9s.<\/p>\n<\/div>\n<\/div><\/div><\/div><\/div><\/div><\/div>","protected":false},"excerpt":{"rendered":"<p>MENTIONS LEGALES Informations selon \u00a7 5 TMG SMART CJM GmbH Heyenbaumstr. 139-141 47802 Krefeld Registre du commerce : HRB 17362 Tribunal d&rsquo;enregistrement : Krefeld Repr\u00e9sent\u00e9 par : Stefan Dylka CONTACT T\u00e9l\u00e9phone: +4921514474700 T\u00e9l\u00e9copie: +4921516502999 E-mail: info@smart-cjm.com Num\u00e9ro de TVA Num\u00e9ro d&rsquo;identification \u00e0 la taxe sur le chiffre d&rsquo;affaires selon \u00a727 a de la loi sur &#8230;<\/p>\n","protected":false},"author":1,"featured_media":0,"parent":0,"menu_order":0,"comment_status":"closed","ping_status":"closed","template":"","meta":{"_acf_changed":false,"footnotes":""},"class_list":["post-5712","page","type-page","status-publish"],"acf":[],"yoast_head":"<!-- This site is optimized with the Yoast SEO Premium plugin v27.0 (Yoast SEO v27.4) - https:\/\/yoast.com\/product\/yoast-seo-premium-wordpress\/ -->\n<title>MENTIONS LEGALES - Smart-CJM<\/title>\n<meta name=\"description\" content=\"Warteschlangenmanagement, Aufrufanlage, Online Terminvereinbarung und Personenleitsystem von Smart CJM - den Customer Journey Management Experten aus Krefeld.\" \/>\n<meta name=\"robots\" content=\"index, follow, max-snippet:-1, max-image-preview:large, max-video-preview:-1\" \/>\n<link rel=\"canonical\" href=\"https:\/\/smart-cjm.com\/fr\/mentions-legales\/\" \/>\n<meta property=\"og:locale\" content=\"fr_FR\" \/>\n<meta property=\"og:type\" content=\"article\" \/>\n<meta property=\"og:title\" content=\"MENTIONS LEGALES\" \/>\n<meta property=\"og:description\" content=\"MENTIONS LEGALES Informations selon \u00a7 5 TMG SMART CJM GmbH Heyenbaumstr. 139-141 47802 Krefeld Registre du commerce : HRB 17362 Tribunal d&#039;enregistrement\" \/>\n<meta property=\"og:url\" content=\"https:\/\/smart-cjm.com\/fr\/mentions-legales\/\" \/>\n<meta property=\"og:site_name\" content=\"Smart-CJM\" \/>\n<meta property=\"article:modified_time\" content=\"2024-07-26T08:32:58+00:00\" \/>\n<script type=\"application\/ld+json\" class=\"yoast-schema-graph\">{\"@context\":\"https:\\\/\\\/schema.org\",\"@graph\":[{\"@type\":\"WebPage\",\"@id\":\"https:\\\/\\\/smart-cjm.com\\\/fr\\\/mentions-legales\\\/\",\"url\":\"https:\\\/\\\/smart-cjm.com\\\/fr\\\/mentions-legales\\\/\",\"name\":\"MENTIONS LEGALES - Smart-CJM\",\"isPartOf\":{\"@id\":\"https:\\\/\\\/smart-cjm.com\\\/fr\\\/#website\"},\"datePublished\":\"2021-05-03T15:34:02+00:00\",\"dateModified\":\"2024-07-26T08:32:58+00:00\",\"description\":\"Warteschlangenmanagement, Aufrufanlage, Online Terminvereinbarung und Personenleitsystem von Smart CJM - den Customer Journey Management Experten aus Krefeld.\",\"breadcrumb\":{\"@id\":\"https:\\\/\\\/smart-cjm.com\\\/fr\\\/mentions-legales\\\/#breadcrumb\"},\"inLanguage\":\"fr-FR\",\"potentialAction\":[{\"@type\":\"ReadAction\",\"target\":[\"https:\\\/\\\/smart-cjm.com\\\/fr\\\/mentions-legales\\\/\"]}]},{\"@type\":\"BreadcrumbList\",\"@id\":\"https:\\\/\\\/smart-cjm.com\\\/fr\\\/mentions-legales\\\/#breadcrumb\",\"itemListElement\":[{\"@type\":\"ListItem\",\"position\":1,\"name\":\"Startseite\",\"item\":\"https:\\\/\\\/smart-cjm.com\\\/fr\\\/\"},{\"@type\":\"ListItem\",\"position\":2,\"name\":\"MENTIONS LEGALES\"}]},{\"@type\":\"WebSite\",\"@id\":\"https:\\\/\\\/smart-cjm.com\\\/fr\\\/#website\",\"url\":\"https:\\\/\\\/smart-cjm.com\\\/fr\\\/\",\"name\":\"Smart-CJM\",\"description\":\"Warteschlangenmanagement, Aufrufanlage, Online Terminvereinbarung und Personenleitsystem\",\"publisher\":{\"@id\":\"https:\\\/\\\/smart-cjm.com\\\/fr\\\/#organization\"},\"potentialAction\":[{\"@type\":\"SearchAction\",\"target\":{\"@type\":\"EntryPoint\",\"urlTemplate\":\"https:\\\/\\\/smart-cjm.com\\\/fr\\\/?s={search_term_string}\"},\"query-input\":{\"@type\":\"PropertyValueSpecification\",\"valueRequired\":true,\"valueName\":\"search_term_string\"}}],\"inLanguage\":\"fr-FR\"},{\"@type\":\"Organization\",\"@id\":\"https:\\\/\\\/smart-cjm.com\\\/fr\\\/#organization\",\"name\":\"SMART CJM GmbH\",\"url\":\"https:\\\/\\\/smart-cjm.com\\\/fr\\\/\",\"logo\":{\"@type\":\"ImageObject\",\"inLanguage\":\"fr-FR\",\"@id\":\"https:\\\/\\\/smart-cjm.com\\\/fr\\\/#\\\/schema\\\/logo\\\/image\\\/\",\"url\":\"https:\\\/\\\/smart-cjm.com\\\/wp-content\\\/uploads\\\/2021\\\/05\\\/smcj-logo.svg\",\"contentUrl\":\"https:\\\/\\\/smart-cjm.com\\\/wp-content\\\/uploads\\\/2021\\\/05\\\/smcj-logo.svg\",\"width\":290,\"height\":188,\"caption\":\"SMART CJM GmbH\"},\"image\":{\"@id\":\"https:\\\/\\\/smart-cjm.com\\\/fr\\\/#\\\/schema\\\/logo\\\/image\\\/\"}}]}<\/script>\n<!-- \/ Yoast SEO Premium plugin. -->","yoast_head_json":{"title":"MENTIONS LEGALES - Smart-CJM","description":"Warteschlangenmanagement, Aufrufanlage, Online Terminvereinbarung und Personenleitsystem von Smart CJM - den Customer Journey Management Experten aus Krefeld.","robots":{"index":"index","follow":"follow","max-snippet":"max-snippet:-1","max-image-preview":"max-image-preview:large","max-video-preview":"max-video-preview:-1"},"canonical":"https:\/\/smart-cjm.com\/fr\/mentions-legales\/","og_locale":"fr_FR","og_type":"article","og_title":"MENTIONS LEGALES","og_description":"MENTIONS LEGALES Informations selon \u00a7 5 TMG SMART CJM GmbH Heyenbaumstr. 139-141 47802 Krefeld Registre du commerce : HRB 17362 Tribunal d'enregistrement","og_url":"https:\/\/smart-cjm.com\/fr\/mentions-legales\/","og_site_name":"Smart-CJM","article_modified_time":"2024-07-26T08:32:58+00:00","schema":{"@context":"https:\/\/schema.org","@graph":[{"@type":"WebPage","@id":"https:\/\/smart-cjm.com\/fr\/mentions-legales\/","url":"https:\/\/smart-cjm.com\/fr\/mentions-legales\/","name":"MENTIONS LEGALES - Smart-CJM","isPartOf":{"@id":"https:\/\/smart-cjm.com\/fr\/#website"},"datePublished":"2021-05-03T15:34:02+00:00","dateModified":"2024-07-26T08:32:58+00:00","description":"Warteschlangenmanagement, Aufrufanlage, Online Terminvereinbarung und Personenleitsystem von Smart CJM - den Customer Journey Management Experten aus Krefeld.","breadcrumb":{"@id":"https:\/\/smart-cjm.com\/fr\/mentions-legales\/#breadcrumb"},"inLanguage":"fr-FR","potentialAction":[{"@type":"ReadAction","target":["https:\/\/smart-cjm.com\/fr\/mentions-legales\/"]}]},{"@type":"BreadcrumbList","@id":"https:\/\/smart-cjm.com\/fr\/mentions-legales\/#breadcrumb","itemListElement":[{"@type":"ListItem","position":1,"name":"Startseite","item":"https:\/\/smart-cjm.com\/fr\/"},{"@type":"ListItem","position":2,"name":"MENTIONS LEGALES"}]},{"@type":"WebSite","@id":"https:\/\/smart-cjm.com\/fr\/#website","url":"https:\/\/smart-cjm.com\/fr\/","name":"Smart-CJM","description":"Warteschlangenmanagement, Aufrufanlage, Online Terminvereinbarung und Personenleitsystem","publisher":{"@id":"https:\/\/smart-cjm.com\/fr\/#organization"},"potentialAction":[{"@type":"SearchAction","target":{"@type":"EntryPoint","urlTemplate":"https:\/\/smart-cjm.com\/fr\/?s={search_term_string}"},"query-input":{"@type":"PropertyValueSpecification","valueRequired":true,"valueName":"search_term_string"}}],"inLanguage":"fr-FR"},{"@type":"Organization","@id":"https:\/\/smart-cjm.com\/fr\/#organization","name":"SMART CJM GmbH","url":"https:\/\/smart-cjm.com\/fr\/","logo":{"@type":"ImageObject","inLanguage":"fr-FR","@id":"https:\/\/smart-cjm.com\/fr\/#\/schema\/logo\/image\/","url":"https:\/\/smart-cjm.com\/wp-content\/uploads\/2021\/05\/smcj-logo.svg","contentUrl":"https:\/\/smart-cjm.com\/wp-content\/uploads\/2021\/05\/smcj-logo.svg","width":290,"height":188,"caption":"SMART CJM GmbH"},"image":{"@id":"https:\/\/smart-cjm.com\/fr\/#\/schema\/logo\/image\/"}}]}},"_links":{"self":[{"href":"https:\/\/smart-cjm.com\/fr\/wp-json\/wp\/v2\/pages\/5712","targetHints":{"allow":["GET"]}}],"collection":[{"href":"https:\/\/smart-cjm.com\/fr\/wp-json\/wp\/v2\/pages"}],"about":[{"href":"https:\/\/smart-cjm.com\/fr\/wp-json\/wp\/v2\/types\/page"}],"author":[{"embeddable":true,"href":"https:\/\/smart-cjm.com\/fr\/wp-json\/wp\/v2\/users\/1"}],"replies":[{"embeddable":true,"href":"https:\/\/smart-cjm.com\/fr\/wp-json\/wp\/v2\/comments?post=5712"}],"version-history":[{"count":7,"href":"https:\/\/smart-cjm.com\/fr\/wp-json\/wp\/v2\/pages\/5712\/revisions"}],"predecessor-version":[{"id":6270,"href":"https:\/\/smart-cjm.com\/fr\/wp-json\/wp\/v2\/pages\/5712\/revisions\/6270"}],"wp:attachment":[{"href":"https:\/\/smart-cjm.com\/fr\/wp-json\/wp\/v2\/media?parent=5712"}],"curies":[{"name":"wp","href":"https:\/\/api.w.org\/{rel}","templated":true}]}}