{"id":5703,"date":"2022-04-27T14:32:23","date_gmt":"2022-04-27T12:32:23","guid":{"rendered":"https:\/\/smart-cjm.com\/healthcare\/reportings\/"},"modified":"2024-02-05T11:36:06","modified_gmt":"2024-02-05T10:36:06","slug":"rapports","status":"publish","type":"page","link":"https:\/\/smart-cjm.com\/fr\/sante\/rapports\/","title":{"rendered":"RAPPORTS"},"content":{"rendered":"<div id=\"pl-5703\"  class=\"panel-layout\" ><div id=\"pg-5703-0\"  class=\"panel-grid panel-has-style\" ><div class=\"image-header-row desktop siteorigin-panels-stretch panel-row-style panel-row-style-for-5703-0\" data-stretch-type=\"full-width-stretch\" ><div id=\"pgc-5703-0-0\"  class=\"panel-grid-cell\" ><div id=\"panel-5703-0-0-0\" class=\"so-panel widget widget_sow-editor panel-first-child panel-last-child\" data-index=\"0\" ><div\n\t\t\t\n\t\t\tclass=\"so-widget-sow-editor so-widget-sow-editor-base\"\n\t\t\t\n\t\t>\n<div class=\"siteorigin-widget-tinymce textwidget\">\n\t<div class=\"header-image-text-wrapper\">\n<h1 style=\"text-align: left;\">SMART PATIENT EXPERIENCE.<\/h1>\n<h1 style=\"text-align: left;\">RAPPORTS.<\/h1>\n<\/div><\/div>\n<\/div><\/div><\/div><\/div><\/div><div id=\"pg-5703-1\"  class=\"panel-grid panel-has-style\" ><div class=\"image-header-row mobile siteorigin-panels-stretch panel-row-style panel-row-style-for-5703-1\" data-stretch-type=\"full-width-stretch\" ><div id=\"pgc-5703-1-0\"  class=\"panel-grid-cell\" ><div id=\"panel-5703-1-0-0\" class=\"so-panel widget widget_sow-editor panel-first-child panel-last-child\" data-index=\"1\" ><div\n\t\t\t\n\t\t\tclass=\"so-widget-sow-editor so-widget-sow-editor-base\"\n\t\t\t\n\t\t>\n<div class=\"siteorigin-widget-tinymce textwidget\">\n\t<div class=\"header-image-text-wrapper\">\n<h1 style=\"text-align: left;\">SMART PATIENT EXPERIENCE.<\/h1>\n<h1 style=\"text-align: left;\">RAPPORTS.<\/h1>\n<\/div><\/div>\n<\/div><\/div><\/div><\/div><\/div><div id=\"pg-5703-2\"  class=\"panel-grid panel-has-style\" ><div class=\"container-1200 breadcrumbs-container panel-row-style panel-row-style-for-5703-2\" ><div id=\"pgc-5703-2-0\"  class=\"panel-grid-cell\" >    <div class=\"breadcrumbs\" typeof=\"BreadcrumbList\" vocab=\"https:\/\/schema.org\/\">\r\n        <span property=\"itemListElement\" typeof=\"ListItem\"><a property=\"item\" typeof=\"WebPage\" title=\"Aller \u00e0 Smart-CJM.\" href=\"https:\/\/smart-cjm.com\/fr\/\" class=\"home\" aria-current=\"page\"><span property=\"name\">Smart-CJM<\/span><\/a><meta property=\"position\" content=\"1\"><\/span>    <\/div>\r\n   \r\n <div id=\"panel-5703-2-0-0\" class=\"so-panel widget widget_sow-editor panel-first-child panel-last-child\" data-index=\"2\" ><div\n\t\t\t\n\t\t\tclass=\"so-widget-sow-editor so-widget-sow-editor-base\"\n\t\t\t\n\t\t>\n<div class=\"siteorigin-widget-tinymce textwidget\">\n\t\n<\/div>\n<\/div><\/div><\/div><\/div><\/div><div id=\"pg-5703-3\"  class=\"panel-grid panel-has-style\" ><div class=\"container-1200 public-menu panel-row-style panel-row-style-for-5703-3\" ><div id=\"pgc-5703-3-0\"  class=\"panel-grid-cell\" ><div id=\"panel-5703-3-0-0\" class=\"so-panel widget widget_siteorigin-panels-builder panel-first-child panel-last-child\" data-index=\"3\" ><div class=\"menu-1 panel-widget-style panel-widget-style-for-5703-3-0-0\" ><div id=\"pl-w65bd07553d79f\"  class=\"panel-layout\" ><div id=\"pg-w65bd07553d79f-0\"  class=\"panel-grid panel-no-style\" ><div id=\"pgc-w65bd07553d79f-0-0\"  class=\"panel-grid-cell\" ><div id=\"panel-w65bd07553d79f-0-0-0\" class=\"so-panel widget widget_sow-editor panel-first-child\" data-index=\"0\" ><div class=\"public-menu-header panel-widget-style panel-widget-style-for-w65bd07553d79f-0-0-0\" ><div\n\t\t\t\n\t\t\tclass=\"so-widget-sow-editor so-widget-sow-editor-base\"\n\t\t\t\n\t\t>\n<div class=\"siteorigin-widget-tinymce textwidget\">\n\t<h6>PATIENTS<\/h6>\n<\/div>\n<\/div><\/div><\/div><div id=\"panel-w65bd07553d79f-0-0-1\" class=\"so-panel widget widget_nav_menu panel-last-child\" data-index=\"1\" ><div class=\"public-menu-menu panel-widget-style panel-widget-style-for-w65bd07553d79f-0-0-1\" ><div class=\"menu-health_customers-fr-container\"><ul id=\"menu-health_customers-fr\" class=\"menu\"><li id=\"menu-item-5835\" class=\"menu-item menu-item-type-post_type menu-item-object-page menu-item-5835\"><a href=\"https:\/\/smart-cjm.com\/fr\/sante\/prise-de-rendez-vous-en-ligne\/\">PRISE DE RENDEZ-VOUS EN LIGNE<\/a><\/li>\n<li id=\"menu-item-5836\" class=\"menu-item menu-item-type-post_type menu-item-object-page menu-item-5836\"><a href=\"https:\/\/smart-cjm.com\/fr\/sante\/terminaux-en-libre-service\/\">TERMINAUX EN LIBRE-SERVICE<\/a><\/li>\n<li id=\"menu-item-5837\" class=\"menu-item menu-item-type-post_type menu-item-object-page menu-item-5837\"><a href=\"https:\/\/smart-cjm.com\/fr\/sante\/ticket-en-direct-live\/\">TICKET EN DIRECT-LIVE<\/a><\/li>\n<li id=\"menu-item-5838\" class=\"menu-item menu-item-type-post_type menu-item-object-page menu-item-5838\"><a href=\"https:\/\/smart-cjm.com\/fr\/sante\/informations-mobile\/\">INFORMATIONS MOBILE<\/a><\/li>\n<\/ul><\/div><\/div><\/div><\/div><\/div><\/div><\/div><\/div><\/div><div id=\"pgc-5703-3-1\"  class=\"panel-grid-cell\" ><div id=\"panel-5703-3-1-0\" class=\"so-panel widget widget_siteorigin-panels-builder panel-first-child panel-last-child\" data-index=\"4\" ><div class=\"menu-2 panel-widget-style panel-widget-style-for-5703-3-1-0\" ><div id=\"pl-w65bd07553e294\"  class=\"panel-layout\" ><div id=\"pg-w65bd07553e294-0\"  class=\"panel-grid panel-no-style\" ><div id=\"pgc-w65bd07553e294-0-0\"  class=\"panel-grid-cell\" ><div id=\"panel-w65bd07553e294-0-0-0\" class=\"so-panel widget widget_sow-editor panel-first-child\" data-index=\"0\" ><div class=\"public-menu-header panel-widget-style panel-widget-style-for-w65bd07553e294-0-0-0\" ><div\n\t\t\t\n\t\t\tclass=\"so-widget-sow-editor so-widget-sow-editor-base\"\n\t\t\t\n\t\t>\n<div class=\"siteorigin-widget-tinymce textwidget\">\n\t<h6>EMPLOY\u00c9S<\/h6>\n<\/div>\n<\/div><\/div><\/div><div id=\"panel-w65bd07553e294-0-0-1\" class=\"so-panel widget widget_nav_menu panel-last-child\" data-index=\"1\" ><div class=\"public-menu-menu panel-widget-style panel-widget-style-for-w65bd07553e294-0-0-1\" ><div class=\"menu-health_team-fr-container\"><ul id=\"menu-health_team-fr\" class=\"menu\"><li id=\"menu-item-5839\" class=\"menu-item menu-item-type-post_type menu-item-object-page menu-item-5839\"><a href=\"https:\/\/smart-cjm.com\/fr\/sante\/reception\/\">RECEPTION<\/a><\/li>\n<li id=\"menu-item-5840\" class=\"menu-item menu-item-type-post_type menu-item-object-page menu-item-5840\"><a href=\"https:\/\/smart-cjm.com\/fr\/sante\/centre-dappel\/\">CENTRE D&rsquo;APPEL<\/a><\/li>\n<li id=\"menu-item-5841\" class=\"menu-item menu-item-type-post_type menu-item-object-page menu-item-5841\"><a href=\"https:\/\/smart-cjm.com\/fr\/sante\/bureau-dappel\/\">BUREAU D&rsquo;APPEL<\/a><\/li>\n<\/ul><\/div><\/div><\/div><\/div><\/div><\/div><\/div><\/div><\/div><div id=\"pgc-5703-3-2\"  class=\"panel-grid-cell\" ><div id=\"panel-5703-3-2-0\" class=\"so-panel widget widget_siteorigin-panels-builder panel-first-child panel-last-child\" data-index=\"5\" ><div class=\"menu-3 panel-widget-style panel-widget-style-for-5703-3-2-0\" ><div id=\"pl-w65bd07553ed0c\"  class=\"panel-layout\" ><div id=\"pg-w65bd07553ed0c-0\"  class=\"panel-grid panel-no-style\" ><div id=\"pgc-w65bd07553ed0c-0-0\"  class=\"panel-grid-cell\" ><div id=\"panel-w65bd07553ed0c-0-0-0\" class=\"so-panel widget widget_sow-editor panel-first-child\" data-index=\"0\" ><div class=\"public-menu-header panel-widget-style panel-widget-style-for-w65bd07553ed0c-0-0-0\" ><div\n\t\t\t\n\t\t\tclass=\"so-widget-sow-editor so-widget-sow-editor-base\"\n\t\t\t\n\t\t>\n<div class=\"siteorigin-widget-tinymce textwidget\">\n\t<h6>GESTION<\/h6>\n<\/div>\n<\/div><\/div><\/div><div id=\"panel-w65bd07553ed0c-0-0-1\" class=\"so-panel widget widget_nav_menu panel-last-child\" data-index=\"1\" ><div class=\"public-menu-menu panel-widget-style panel-widget-style-for-w65bd07553ed0c-0-0-1\" ><div class=\"menu-health_management-fr-container\"><ul id=\"menu-health_management-fr\" class=\"menu\"><li id=\"menu-item-5842\" class=\"menu-item menu-item-type-post_type menu-item-object-page menu-item-5842\"><a href=\"https:\/\/smart-cjm.com\/fr\/sante\/tableau-de-bord-et-operations\/\">TABLEAU DE BORD ET OPERATIONS<\/a><\/li>\n<li id=\"menu-item-5843\" class=\"menu-item menu-item-type-post_type menu-item-object-page menu-item-5843\"><a href=\"https:\/\/smart-cjm.com\/fr\/sante\/rapports\/\">RAPPORTS<\/a><\/li>\n<li id=\"menu-item-5844\" class=\"menu-item menu-item-type-post_type menu-item-object-page menu-item-5844\"><a href=\"https:\/\/smart-cjm.com\/fr\/sante\/analyse-de-donnees\/\">ANALYSE DE DONNEES<\/a><\/li>\n<li id=\"menu-item-5845\" class=\"menu-item menu-item-type-post_type menu-item-object-page menu-item-5845\"><a href=\"https:\/\/smart-cjm.com\/fr\/sante\/administration\/\">ADMINISTRATION<\/a><\/li>\n<\/ul><\/div><\/div><\/div><\/div><\/div><\/div><\/div><\/div><\/div><\/div><\/div><div id=\"pg-5703-4\"  class=\"panel-grid panel-has-style\" ><div class=\"intro container-1024 panel-row-style panel-row-style-for-5703-4\" ><div id=\"pgc-5703-4-0\"  class=\"panel-grid-cell\" ><div id=\"panel-5703-4-0-0\" class=\"so-panel widget widget_sow-editor panel-first-child panel-last-child\" data-index=\"6\" ><div\n\t\t\t\n\t\t\tclass=\"so-widget-sow-editor so-widget-sow-editor-base\"\n\t\t\t\n\t\t>\n<div class=\"siteorigin-widget-tinymce textwidget\">\n\t<h2 style=\"text-align: center;\">RAPPORTS<\/h2>\n<p style=\"text-align: center;\">Nos rapports rendent mesurables des indicateurs cl\u00e9s qui \u00e9taient auparavant difficiles \u00e0 \u00e9valuer et offrent diverses options d'\u00e9valuation avec une fonction d'exportation.<\/p>\n<\/div>\n<\/div><\/div><\/div><\/div><\/div><div id=\"pg-5703-5\"  class=\"panel-grid panel-has-style\" ><div class=\"panel-row-style panel-row-style-for-5703-5\" ><div id=\"pgc-5703-5-0\"  class=\"panel-grid-cell\" ><div id=\"panel-5703-5-0-0\" class=\"so-panel widget widget_siteorigin-panels-builder panel-first-child panel-last-child\" data-index=\"7\" ><div id=\"pl-w65bd07553f9ff\"  class=\"panel-layout\" ><div id=\"pg-w65bd07553f9ff-0\"  class=\"panel-grid panel-has-style\" ><div class=\"container-1024 panel-row-style panel-row-style-for-w65bd07553f9ff-0\" ><div id=\"pgc-w65bd07553f9ff-0-0\"  class=\"panel-grid-cell\" ><div id=\"panel-w65bd07553f9ff-0-0-0\" class=\"so-panel widget widget_sow-editor panel-first-child panel-last-child\" data-index=\"0\" ><div class=\"list-cell panel-widget-style panel-widget-style-for-w65bd07553f9ff-0-0-0\" ><div\n\t\t\t\n\t\t\tclass=\"so-widget-sow-editor so-widget-sow-editor-base\"\n\t\t\t\n\t\t>\n<div class=\"siteorigin-widget-tinymce textwidget\">\n\t<h2 style=\"text-align: center;\">LES AVANTAGES EN UN CLIN D'OEIL<\/h2>\n<\/div>\n<\/div><\/div><\/div><\/div><\/div><\/div><div id=\"pg-w65bd07553f9ff-1\"  class=\"panel-grid panel-has-style\" ><div class=\"highlight-cell flex highlight-image-row right panel-row-style panel-row-style-for-w65bd07553f9ff-1\" ><div id=\"pgc-w65bd07553f9ff-1-0\"  class=\"panel-grid-cell\" ><div id=\"panel-w65bd07553f9ff-1-0-0\" class=\"so-panel widget widget_sow-editor panel-first-child\" data-index=\"1\" ><div class=\"list-cell panel-widget-style panel-widget-style-for-w65bd07553f9ff-1-0-0\" ><div\n\t\t\t\n\t\t\tclass=\"so-widget-sow-editor so-widget-sow-editor-base\"\n\t\t\t\n\t\t>\n<div class=\"siteorigin-widget-tinymce textwidget\">\n\t<p>Rapports standard (ax\u00e9s sur des donn\u00e9es pertinentes, telles que le nombre de patients, les heures de pointe, les pr\u00e9occupations, les temps d'attente et de traitement moyens, etc.).<\/p>\n<\/div>\n<\/div><\/div><\/div><div id=\"panel-w65bd07553f9ff-1-0-1\" class=\"so-panel widget widget_sow-editor\" data-index=\"2\" ><div class=\"list-cell panel-widget-style panel-widget-style-for-w65bd07553f9ff-1-0-1\" ><div\n\t\t\t\n\t\t\tclass=\"so-widget-sow-editor so-widget-sow-editor-base\"\n\t\t\t\n\t\t>\n<div class=\"siteorigin-widget-tinymce textwidget\">\n\t<p>Options de filtre par ann\u00e9es, mois, jours, p\u00e9riodes configurables, lieux ou pr\u00e9occupations.<\/p>\n<\/div>\n<\/div><\/div><\/div><div id=\"panel-w65bd07553f9ff-1-0-2\" class=\"so-panel widget widget_sow-editor\" data-index=\"3\" ><div class=\"list-cell panel-widget-style panel-widget-style-for-w65bd07553f9ff-1-0-2\" ><div\n\t\t\t\n\t\t\tclass=\"so-widget-sow-editor so-widget-sow-editor-base\"\n\t\t\t\n\t\t>\n<div class=\"siteorigin-widget-tinymce textwidget\">\n\t<p>Acc\u00e8s aux rapports en fonction des r\u00f4les.<\/p>\n<\/div>\n<\/div><\/div><\/div><div id=\"panel-w65bd07553f9ff-1-0-3\" class=\"so-panel widget widget_sow-editor\" data-index=\"4\" ><div class=\"list-cell panel-widget-style panel-widget-style-for-w65bd07553f9ff-1-0-3\" ><div\n\t\t\t\n\t\t\tclass=\"so-widget-sow-editor so-widget-sow-editor-base\"\n\t\t\t\n\t\t>\n<div class=\"siteorigin-widget-tinymce textwidget\">\n\t<p>Evaluation au niveau des employ\u00e9s.<\/p>\n<\/div>\n<\/div><\/div><\/div><div id=\"panel-w65bd07553f9ff-1-0-4\" class=\"so-panel widget widget_sow-editor\" data-index=\"5\" ><div class=\"list-cell panel-widget-style panel-widget-style-for-w65bd07553f9ff-1-0-4\" ><div\n\t\t\t\n\t\t\tclass=\"so-widget-sow-editor so-widget-sow-editor-base\"\n\t\t\t\n\t\t>\n<div class=\"siteorigin-widget-tinymce textwidget\">\n\t<p>Export de donn\u00e9es.<\/p>\n<\/div>\n<\/div><\/div><\/div><div id=\"panel-w65bd07553f9ff-1-0-5\" class=\"so-panel widget widget_sow-editor panel-last-child\" data-index=\"6\" ><div class=\"list-cell panel-widget-style panel-widget-style-for-w65bd07553f9ff-1-0-5\" ><div\n\t\t\t\n\t\t\tclass=\"so-widget-sow-editor so-widget-sow-editor-base\"\n\t\t\t\n\t\t>\n<div class=\"siteorigin-widget-tinymce textwidget\">\n\t<p>Rapports personnalisables.<\/p>\n<\/div>\n<\/div><\/div><\/div><\/div><div id=\"pgc-w65bd07553f9ff-1-1\"  class=\"panel-grid-cell\" ><div id=\"panel-w65bd07553f9ff-1-1-0\" class=\"so-panel widget widget_siteorigin-panels-builder panel-first-child panel-last-child\" data-index=\"7\" ><div id=\"image-container\" class=\"panel-widget-style panel-widget-style-for-w65bd07553f9ff-1-1-0\" ><div id=\"pl-w65bd0755409cf\"  class=\"panel-layout\" ><div id=\"pg-w65bd0755409cf-0\"  class=\"panel-grid panel-no-style\" ><div id=\"pgc-w65bd0755409cf-0-0\"  class=\"panel-grid-cell\" ><div id=\"panel-w65bd0755409cf-0-0-0\" class=\"so-panel widget widget_sow-image panel-first-child panel-last-child\" data-index=\"0\" ><div\n\t\t\t\n\t\t\tclass=\"so-widget-sow-image so-widget-sow-image-default-8b5b6f678277\"\n\t\t\t\n\t\t>\n<div class=\"sow-image-container\">\n\t\t<img \n\tsrc=\"https:\/\/smart-cjm.com\/wp-content\/uploads\/2022\/05\/healthcare-reportings.png\" width=\"736\" height=\"740\" srcset=\"https:\/\/smart-cjm.com\/wp-content\/uploads\/2022\/05\/healthcare-reportings.png 736w, https:\/\/smart-cjm.com\/wp-content\/uploads\/2022\/05\/healthcare-reportings-298x300.png 298w, https:\/\/smart-cjm.com\/wp-content\/uploads\/2022\/05\/healthcare-reportings-150x150.png 150w\" sizes=\"(max-width: 736px) 100vw, 736px\" alt=\"\" \t\tclass=\"so-widget-image\"\/>\n\t<\/div>\n\n<\/div><\/div><\/div><\/div><\/div><\/div><\/div><\/div><\/div><\/div><\/div><\/div><\/div><\/div><\/div><\/div>","protected":false},"excerpt":{"rendered":"<p>SMART PATIENT EXPERIENCE. RAPPORTS. SMART PATIENT EXPERIENCE. RAPPORTS.<\/p>\n","protected":false},"author":1,"featured_media":0,"parent":5675,"menu_order":0,"comment_status":"closed","ping_status":"closed","template":"","meta":{"_acf_changed":false,"footnotes":""},"class_list":["post-5703","page","type-page","status-publish"],"acf":[],"yoast_head":"<!-- This site is optimized with the Yoast SEO Premium plugin v27.5 (Yoast SEO v27.6) - https:\/\/yoast.com\/product\/yoast-seo-premium-wordpress\/ -->\n<title>RAPPORTS - Smart-CJM<\/title>\n<meta name=\"description\" content=\"Warteschlangenmanagement, Aufrufanlage, Online Terminvereinbarung und Personenleitsystem von Smart CJM - den Customer Journey Management Experten aus Krefeld.\" \/>\n<meta name=\"robots\" content=\"index, follow, max-snippet:-1, max-image-preview:large, max-video-preview:-1\" \/>\n<link rel=\"canonical\" href=\"https:\/\/smart-cjm.com\/fr\/sante\/rapports\/\" \/>\n<meta property=\"og:locale\" content=\"fr_FR\" \/>\n<meta property=\"og:type\" content=\"article\" \/>\n<meta property=\"og:title\" content=\"RAPPORTS\" \/>\n<meta property=\"og:description\" content=\"SMART PATIENT EXPERIENCE. RAPPORTS. SMART PATIENT EXPERIENCE. RAPPORTS. PATIENTS EMPLOY\u00c9S GESTION RAPPORTS Nos rapports rendent mesurables des indicateurs\" \/>\n<meta property=\"og:url\" content=\"https:\/\/smart-cjm.com\/fr\/sante\/rapports\/\" \/>\n<meta property=\"og:site_name\" content=\"Smart-CJM\" \/>\n<meta property=\"article:modified_time\" content=\"2024-02-05T10:36:06+00:00\" \/>\n<script type=\"application\/ld+json\" class=\"yoast-schema-graph\">{\"@context\":\"https:\\\/\\\/schema.org\",\"@graph\":[{\"@type\":\"WebPage\",\"@id\":\"https:\\\/\\\/smart-cjm.com\\\/fr\\\/sante\\\/rapports\\\/\",\"url\":\"https:\\\/\\\/smart-cjm.com\\\/fr\\\/sante\\\/rapports\\\/\",\"name\":\"RAPPORTS - Smart-CJM\",\"isPartOf\":{\"@id\":\"https:\\\/\\\/smart-cjm.com\\\/fr\\\/#website\"},\"datePublished\":\"2022-04-27T12:32:23+00:00\",\"dateModified\":\"2024-02-05T10:36:06+00:00\",\"description\":\"Warteschlangenmanagement, Aufrufanlage, Online Terminvereinbarung und Personenleitsystem von Smart CJM - den Customer Journey Management Experten aus Krefeld.\",\"breadcrumb\":{\"@id\":\"https:\\\/\\\/smart-cjm.com\\\/fr\\\/sante\\\/rapports\\\/#breadcrumb\"},\"inLanguage\":\"fr-FR\",\"potentialAction\":[{\"@type\":\"ReadAction\",\"target\":[\"https:\\\/\\\/smart-cjm.com\\\/fr\\\/sante\\\/rapports\\\/\"]}]},{\"@type\":\"BreadcrumbList\",\"@id\":\"https:\\\/\\\/smart-cjm.com\\\/fr\\\/sante\\\/rapports\\\/#breadcrumb\",\"itemListElement\":[{\"@type\":\"ListItem\",\"position\":1,\"name\":\"Startseite\",\"item\":\"https:\\\/\\\/smart-cjm.com\\\/fr\\\/\"},{\"@type\":\"ListItem\",\"position\":2,\"name\":\"SANTE\",\"item\":\"https:\\\/\\\/smart-cjm.com\\\/fr\\\/sante\\\/\"},{\"@type\":\"ListItem\",\"position\":3,\"name\":\"RAPPORTS\"}]},{\"@type\":\"WebSite\",\"@id\":\"https:\\\/\\\/smart-cjm.com\\\/fr\\\/#website\",\"url\":\"https:\\\/\\\/smart-cjm.com\\\/fr\\\/\",\"name\":\"Smart-CJM\",\"description\":\"Warteschlangenmanagement, Aufrufanlage, Online Terminvereinbarung und Personenleitsystem\",\"publisher\":{\"@id\":\"https:\\\/\\\/smart-cjm.com\\\/fr\\\/#organization\"},\"potentialAction\":[{\"@type\":\"SearchAction\",\"target\":{\"@type\":\"EntryPoint\",\"urlTemplate\":\"https:\\\/\\\/smart-cjm.com\\\/fr\\\/?s={search_term_string}\"},\"query-input\":{\"@type\":\"PropertyValueSpecification\",\"valueRequired\":true,\"valueName\":\"search_term_string\"}}],\"inLanguage\":\"fr-FR\"},{\"@type\":\"Organization\",\"@id\":\"https:\\\/\\\/smart-cjm.com\\\/fr\\\/#organization\",\"name\":\"SMART CJM GmbH\",\"url\":\"https:\\\/\\\/smart-cjm.com\\\/fr\\\/\",\"logo\":{\"@type\":\"ImageObject\",\"inLanguage\":\"fr-FR\",\"@id\":\"https:\\\/\\\/smart-cjm.com\\\/fr\\\/#\\\/schema\\\/logo\\\/image\\\/\",\"url\":\"https:\\\/\\\/smart-cjm.com\\\/wp-content\\\/uploads\\\/2021\\\/05\\\/smcj-logo.svg\",\"contentUrl\":\"https:\\\/\\\/smart-cjm.com\\\/wp-content\\\/uploads\\\/2021\\\/05\\\/smcj-logo.svg\",\"width\":290,\"height\":188,\"caption\":\"SMART CJM GmbH\"},\"image\":{\"@id\":\"https:\\\/\\\/smart-cjm.com\\\/fr\\\/#\\\/schema\\\/logo\\\/image\\\/\"}}]}<\/script>\n<!-- \/ Yoast SEO Premium plugin. -->","yoast_head_json":{"title":"RAPPORTS - Smart-CJM","description":"Warteschlangenmanagement, Aufrufanlage, Online Terminvereinbarung und Personenleitsystem von Smart CJM - den Customer Journey Management Experten aus Krefeld.","robots":{"index":"index","follow":"follow","max-snippet":"max-snippet:-1","max-image-preview":"max-image-preview:large","max-video-preview":"max-video-preview:-1"},"canonical":"https:\/\/smart-cjm.com\/fr\/sante\/rapports\/","og_locale":"fr_FR","og_type":"article","og_title":"RAPPORTS","og_description":"SMART PATIENT EXPERIENCE. RAPPORTS. SMART PATIENT EXPERIENCE. RAPPORTS. PATIENTS EMPLOY\u00c9S GESTION RAPPORTS Nos rapports rendent mesurables des indicateurs","og_url":"https:\/\/smart-cjm.com\/fr\/sante\/rapports\/","og_site_name":"Smart-CJM","article_modified_time":"2024-02-05T10:36:06+00:00","schema":{"@context":"https:\/\/schema.org","@graph":[{"@type":"WebPage","@id":"https:\/\/smart-cjm.com\/fr\/sante\/rapports\/","url":"https:\/\/smart-cjm.com\/fr\/sante\/rapports\/","name":"RAPPORTS - Smart-CJM","isPartOf":{"@id":"https:\/\/smart-cjm.com\/fr\/#website"},"datePublished":"2022-04-27T12:32:23+00:00","dateModified":"2024-02-05T10:36:06+00:00","description":"Warteschlangenmanagement, Aufrufanlage, Online Terminvereinbarung und Personenleitsystem von Smart CJM - den Customer Journey Management Experten aus Krefeld.","breadcrumb":{"@id":"https:\/\/smart-cjm.com\/fr\/sante\/rapports\/#breadcrumb"},"inLanguage":"fr-FR","potentialAction":[{"@type":"ReadAction","target":["https:\/\/smart-cjm.com\/fr\/sante\/rapports\/"]}]},{"@type":"BreadcrumbList","@id":"https:\/\/smart-cjm.com\/fr\/sante\/rapports\/#breadcrumb","itemListElement":[{"@type":"ListItem","position":1,"name":"Startseite","item":"https:\/\/smart-cjm.com\/fr\/"},{"@type":"ListItem","position":2,"name":"SANTE","item":"https:\/\/smart-cjm.com\/fr\/sante\/"},{"@type":"ListItem","position":3,"name":"RAPPORTS"}]},{"@type":"WebSite","@id":"https:\/\/smart-cjm.com\/fr\/#website","url":"https:\/\/smart-cjm.com\/fr\/","name":"Smart-CJM","description":"Warteschlangenmanagement, Aufrufanlage, Online Terminvereinbarung und Personenleitsystem","publisher":{"@id":"https:\/\/smart-cjm.com\/fr\/#organization"},"potentialAction":[{"@type":"SearchAction","target":{"@type":"EntryPoint","urlTemplate":"https:\/\/smart-cjm.com\/fr\/?s={search_term_string}"},"query-input":{"@type":"PropertyValueSpecification","valueRequired":true,"valueName":"search_term_string"}}],"inLanguage":"fr-FR"},{"@type":"Organization","@id":"https:\/\/smart-cjm.com\/fr\/#organization","name":"SMART CJM GmbH","url":"https:\/\/smart-cjm.com\/fr\/","logo":{"@type":"ImageObject","inLanguage":"fr-FR","@id":"https:\/\/smart-cjm.com\/fr\/#\/schema\/logo\/image\/","url":"https:\/\/smart-cjm.com\/wp-content\/uploads\/2021\/05\/smcj-logo.svg","contentUrl":"https:\/\/smart-cjm.com\/wp-content\/uploads\/2021\/05\/smcj-logo.svg","width":290,"height":188,"caption":"SMART CJM GmbH"},"image":{"@id":"https:\/\/smart-cjm.com\/fr\/#\/schema\/logo\/image\/"}}]}},"_links":{"self":[{"href":"https:\/\/smart-cjm.com\/fr\/wp-json\/wp\/v2\/pages\/5703","targetHints":{"allow":["GET"]}}],"collection":[{"href":"https:\/\/smart-cjm.com\/fr\/wp-json\/wp\/v2\/pages"}],"about":[{"href":"https:\/\/smart-cjm.com\/fr\/wp-json\/wp\/v2\/types\/page"}],"author":[{"embeddable":true,"href":"https:\/\/smart-cjm.com\/fr\/wp-json\/wp\/v2\/users\/1"}],"replies":[{"embeddable":true,"href":"https:\/\/smart-cjm.com\/fr\/wp-json\/wp\/v2\/comments?post=5703"}],"version-history":[{"count":5,"href":"https:\/\/smart-cjm.com\/fr\/wp-json\/wp\/v2\/pages\/5703\/revisions"}],"predecessor-version":[{"id":5934,"href":"https:\/\/smart-cjm.com\/fr\/wp-json\/wp\/v2\/pages\/5703\/revisions\/5934"}],"up":[{"embeddable":true,"href":"https:\/\/smart-cjm.com\/fr\/wp-json\/wp\/v2\/pages\/5675"}],"wp:attachment":[{"href":"https:\/\/smart-cjm.com\/fr\/wp-json\/wp\/v2\/media?parent=5703"}],"curies":[{"name":"wp","href":"https:\/\/api.w.org\/{rel}","templated":true}]}}